{"id":283,"date":"2022-05-26T19:26:37","date_gmt":"2022-05-26T17:26:37","guid":{"rendered":"http:\/\/www.palafrugellplus.com\/?page_id=283"},"modified":"2026-02-15T11:09:10","modified_gmt":"2026-02-15T10:09:10","slug":"ruta-a-peu-del-cap-de-sant-sebastia-al-cap-roig","status":"publish","type":"page","link":"http:\/\/plus.palafrugell.cat\/en\/ruta-a-peu-del-cap-de-sant-sebastia-al-cap-roig\/","title":{"rendered":"Walking route: from the Summit of Mount Sant Sebasti\u00e0 to Cap Roig"},"content":{"rendered":"<div data-elementor-type=\"wp-page\" data-elementor-id=\"283\" class=\"elementor elementor-283\" data-elementor-post-type=\"page\">\n\t\t\t\t<div class=\"elementor-element elementor-element-1d44d77 e-flex e-con-boxed e-con e-parent\" data-id=\"1d44d77\" data-element_type=\"container\">\n\t\t\t\t\t<div class=\"e-con-inner\">\n\t\t<a class=\"elementor-element elementor-element-e9d6927 e-con-full e-flex e-con e-child\" data-id=\"e9d6927\" data-element_type=\"container\" data-settings=\"{&quot;background_background&quot;:&quot;classic&quot;}\" href=\"http:\/\/plus.palafrugell.cat\/en\/jardins-de-cap-roig\/\">\n\t\t<div class=\"elementor-element elementor-element-c8cd5c7 e-con-full e-flex e-con e-child\" data-id=\"c8cd5c7\" data-element_type=\"container\" data-settings=\"{&quot;background_background&quot;:&quot;classic&quot;}\">\n\t\t\t\t<\/div>\n\t\t\t\t<\/a>\n\t\t\t\t\t<\/div>\n\t\t\t\t<\/div>\n\t\t<div class=\"elementor-element elementor-element-616b5a6 e-flex e-con-boxed e-con e-child\" data-id=\"616b5a6\" data-element_type=\"container\" data-settings=\"{&quot;background_background&quot;:&quot;classic&quot;}\">\n\t\t\t\t\t<div class=\"e-con-inner\">\n\t\t\t\t<div class=\"elementor-element elementor-element-1a4411c elementor-widget-mobile__width-initial elementor-widget elementor-widget-heading\" data-id=\"1a4411c\" data-element_type=\"widget\" data-widget_type=\"heading.default\">\n\t\t\t\t<div class=\"elementor-widget-container\">\n\t\t\t\t\t<h1 class=\"elementor-heading-title elementor-size-default\">Walking route: from the Summit of Mount Sant Sebasti\u00e0 to Cap Roig<\/h1>\t\t\t\t<\/div>\n\t\t\t\t<\/div>\n\t\t\t\t\t<\/div>\n\t\t\t\t<\/div>\n\t\t<div class=\"elementor-element elementor-element-0636809 e-flex e-con-boxed e-con e-parent\" data-id=\"0636809\" data-element_type=\"container\">\n\t\t\t\t\t<div class=\"e-con-inner\">\n\t\t\t\t<div class=\"elementor-element elementor-element-c248e12 elementor-widget__width-initial elementor-widget elementor-widget-text-editor\" data-id=\"c248e12\" data-element_type=\"widget\" data-widget_type=\"text-editor.default\">\n\t\t\t\t<div class=\"elementor-widget-container\">\n\t\t\t\t\t\t\t\t\t<p><strong>DURATION<\/strong>: 5 hores (de 10 a 15 h aprox.) \u2013 10 km.<br \/><strong>DIFFICULTY:<\/strong> Low\/medium. Areas with positive elevation gain.<br \/><strong>ADVICE:<\/strong> Wear hiking shoes, bring water and some food.<\/p>\t\t\t\t\t\t\t\t<\/div>\n\t\t\t\t<\/div>\n\t\t\t\t\t<\/div>\n\t\t\t\t<\/div>\n\t\t<div class=\"elementor-element elementor-element-891a73a e-flex e-con-boxed e-con e-parent\" data-id=\"891a73a\" data-element_type=\"container\">\n\t\t\t\t\t<div class=\"e-con-inner\">\n\t\t<div class=\"elementor-element elementor-element-1ae7b01 e-con-full e-flex e-con e-child\" data-id=\"1ae7b01\" data-element_type=\"container\">\n\t\t<div class=\"elementor-element elementor-element-d9ea1a9 e-con-full e-flex e-con e-child\" data-id=\"d9ea1a9\" data-element_type=\"container\" data-settings=\"{&quot;background_background&quot;:&quot;classic&quot;}\">\n\t\t\t\t<div class=\"elementor-element elementor-element-2775d1c elementor-widget-mobile__width-initial elementor-widget elementor-widget-heading\" data-id=\"2775d1c\" data-element_type=\"widget\" data-widget_type=\"heading.default\">\n\t\t\t\t<div class=\"elementor-widget-container\">\n\t\t\t\t\t<h2 class=\"elementor-heading-title elementor-size-default\">IN<\/h2>\t\t\t\t<\/div>\n\t\t\t\t<\/div>\n\t\t\t\t<div class=\"elementor-element elementor-element-a5f702b elementor-widget-tablet__width-initial elementor-widget-mobile__width-initial elementor-widget elementor-widget-heading\" data-id=\"a5f702b\" data-element_type=\"widget\" data-widget_type=\"heading.default\">\n\t\t\t\t<div class=\"elementor-widget-container\">\n\t\t\t\t\t<h2 class=\"elementor-heading-title elementor-size-default\">Parking area. C. C\u00f2rsega de Calella\n10 a.m. Walk 4 km (1 h)<\/h2>\t\t\t\t<\/div>\n\t\t\t\t<\/div>\n\t\t\t\t<\/div>\n\t\t\t\t<\/div>\n\t\t\t\t<div class=\"elementor-element elementor-element-49531b9 elementor-widget__width-initial elementor-widget elementor-widget-text-editor\" data-id=\"49531b9\" data-element_type=\"widget\" data-widget_type=\"text-editor.default\">\n\t\t\t\t<div class=\"elementor-widget-container\">\n\t\t\t\t\t\t\t\t\t<p>Departure from the C. C\u00f2rsega car park in Calella, at the end of Avenida del Mar.<br \/><strong>TOUR<\/strong>: Pl. Doctor Trueta \/ C. de Llu\u00eds Marqu\u00e8s Carb\u00f3 \/ C. Pere Pascuet \/ C. Moss\u00e8n Rafael Duran \/ C. d\u2019Amadeu Vives \/ Pass through the entry to the Cliper Apartments to start PR-C 107 until the Can Mina Dolmen \/ at the intersection with the Local Trail (SL) follow the SL in the Direction of the Summit of Sant Sebasti\u00e0.<\/p>\t\t\t\t\t\t\t\t<\/div>\n\t\t\t\t<\/div>\n\t\t\t\t\t<\/div>\n\t\t\t\t<\/div>\n\t\t<div class=\"elementor-element elementor-element-a9d8956 e-flex e-con-boxed e-con e-parent\" data-id=\"a9d8956\" data-element_type=\"container\">\n\t\t\t\t\t<div class=\"e-con-inner\">\n\t\t<div class=\"elementor-element elementor-element-1cef3fc e-con-full e-flex e-con e-child\" data-id=\"1cef3fc\" data-element_type=\"container\">\n\t\t<div class=\"elementor-element elementor-element-b7a9ce0 e-con-full e-flex e-con e-child\" data-id=\"b7a9ce0\" data-element_type=\"container\" data-settings=\"{&quot;background_background&quot;:&quot;classic&quot;}\">\n\t\t\t\t<div class=\"elementor-element elementor-element-c5ca0ed elementor-widget elementor-widget-heading\" data-id=\"c5ca0ed\" data-element_type=\"widget\" data-widget_type=\"heading.default\">\n\t\t\t\t<div class=\"elementor-widget-container\">\n\t\t\t\t\t<h2 class=\"elementor-heading-title elementor-size-default\">B<\/h2>\t\t\t\t<\/div>\n\t\t\t\t<\/div>\n\t\t\t\t<div class=\"elementor-element elementor-element-301dda8 elementor-widget-mobile__width-initial elementor-widget elementor-widget-heading\" data-id=\"301dda8\" data-element_type=\"widget\" data-widget_type=\"heading.default\">\n\t\t\t\t<div class=\"elementor-widget-container\">\n\t\t\t\t\t<h2 class=\"elementor-heading-title elementor-size-default\">Sant Sebasti\u00e0 de la Guarda Historical Site \n11.15 a.m. (1 hour 15 minutes)<\/h2>\t\t\t\t<\/div>\n\t\t\t\t<\/div>\n\t\t\t\t<\/div>\n\t\t\t\t<\/div>\n\t\t\t\t<div class=\"elementor-element elementor-element-25df73a elementor-widget__width-initial elementor-widget elementor-widget-text-editor\" data-id=\"25df73a\" data-element_type=\"widget\" data-widget_type=\"text-editor.default\">\n\t\t\t\t<div class=\"elementor-widget-container\">\n\t\t\t\t\t\t\t\t\t<p>Visit to the Sant Sebasti\u00e0 Historical Site\nFree visit to the Iberian settlement, inn, the Hotel el Far overlook and the Joaquim Turr\u00f3 overlook, in front of the Lighthouse.<br \/>To access the Watchtower:\u00a0<br \/><span style=\"color: #69855e;\"><b>Use the ticket\u00a0<\/b><strong>PALAFRUGELLPLUS<\/strong><\/span><br \/><b><\/b><\/p><p><b>12:30 p.m. Walk 1.8 km (25 minutes)<\/b>\u00a0Go down to Llafranc by Passeig de Pau Casals \/ Passeig Carles Vil\u00e0.<br \/><b><\/b><\/p><p><b>1 p.m. Walk 3.6 km (55 minutes)<\/b> Passeig de Llafranc a Calella de Palafrugell pel cam\u00ed de ronda (GR 92). Des de la platja del Port Bo, segueix direcci\u00f3 sud pel GR 92 fins arribar a platja del Golfet, i puja les escales que porten al C. Cap de Planes i segueix les escales que et portaran al cam\u00ed que arriba als Jardins de Cap Roig. 3,6 km \u2013 55 minuts aprox.<br \/><b><\/b><\/p><p><b>2 p.m. Lunch<\/b><\/p>\t\t\t\t\t\t\t\t<\/div>\n\t\t\t\t<\/div>\n\t\t\t\t\t<\/div>\n\t\t\t\t<\/div>\n\t\t<div class=\"elementor-element elementor-element-e41a556 e-flex e-con-boxed e-con e-parent\" data-id=\"e41a556\" data-element_type=\"container\">\n\t\t\t\t\t<div class=\"e-con-inner\">\n\t\t<div class=\"elementor-element elementor-element-0690612 e-con-full e-flex e-con e-child\" data-id=\"0690612\" data-element_type=\"container\">\n\t\t<div class=\"elementor-element elementor-element-126fbbe e-con-full e-flex e-con e-child\" data-id=\"126fbbe\" data-element_type=\"container\" data-settings=\"{&quot;background_background&quot;:&quot;classic&quot;}\">\n\t\t\t\t<div class=\"elementor-element elementor-element-2dc3887 elementor-widget elementor-widget-heading\" data-id=\"2dc3887\" data-element_type=\"widget\" data-widget_type=\"heading.default\">\n\t\t\t\t<div class=\"elementor-widget-container\">\n\t\t\t\t\t<h2 class=\"elementor-heading-title elementor-size-default\">C<\/h2>\t\t\t\t<\/div>\n\t\t\t\t<\/div>\n\t\t\t\t<div class=\"elementor-element elementor-element-53b4e8d elementor-widget-mobile__width-initial elementor-widget elementor-widget-heading\" data-id=\"53b4e8d\" data-element_type=\"widget\" data-widget_type=\"heading.default\">\n\t\t\t\t<div class=\"elementor-widget-container\">\n\t\t\t\t\t<h2 class=\"elementor-heading-title elementor-size-default\">CAP ROIG GARDENS 3.30 P.M.<\/h2>\t\t\t\t<\/div>\n\t\t\t\t<\/div>\n\t\t\t\t<\/div>\n\t\t\t\t<\/div>\n\t\t<div class=\"elementor-element elementor-element-bc76ff8 e-con-full e-flex e-con e-child\" data-id=\"bc76ff8\" data-element_type=\"container\">\n\t\t\t\t<div class=\"elementor-element elementor-element-569c7f7 elementor-widget elementor-widget-text-editor\" data-id=\"569c7f7\" data-element_type=\"widget\" data-widget_type=\"text-editor.default\">\n\t\t\t\t<div class=\"elementor-widget-container\">\n\t\t\t\t\t\t\t\t\t<p>Visit Cap Roig botanical gardens<\/p>\t\t\t\t\t\t\t\t<\/div>\n\t\t\t\t<\/div>\n\t\t\t\t<div class=\"elementor-element elementor-element-ea70e00 elementor-widget elementor-widget-text-editor\" data-id=\"ea70e00\" data-element_type=\"widget\" data-widget_type=\"text-editor.default\">\n\t\t\t\t<div class=\"elementor-widget-container\">\n\t\t\t\t\t\t\t\t\t<p><strong>Use the PALAFRUGELLPLUS ticket<\/strong><\/p>\t\t\t\t\t\t\t\t<\/div>\n\t\t\t\t<\/div>\n\t\t\t\t<\/div>\n\t\t\t\t\t<\/div>\n\t\t\t\t<\/div>\n\t\t<div class=\"elementor-element elementor-element-74e330d e-flex e-con-boxed e-con e-parent\" data-id=\"74e330d\" data-element_type=\"container\">\n\t\t\t\t\t<div class=\"e-con-inner\">\n\t\t<div class=\"elementor-element elementor-element-74cb9fe e-con-full e-flex e-con e-child\" data-id=\"74cb9fe\" data-element_type=\"container\">\n\t\t<div class=\"elementor-element elementor-element-a4a7a14 e-con-full e-flex e-con e-child\" data-id=\"a4a7a14\" data-element_type=\"container\" data-settings=\"{&quot;background_background&quot;:&quot;classic&quot;}\">\n\t\t\t\t<div class=\"elementor-element elementor-element-8ce4f4b elementor-widget elementor-widget-heading\" data-id=\"8ce4f4b\" data-element_type=\"widget\" data-widget_type=\"heading.default\">\n\t\t\t\t<div class=\"elementor-widget-container\">\n\t\t\t\t\t<h2 class=\"elementor-heading-title elementor-size-default\">D<\/h2>\t\t\t\t<\/div>\n\t\t\t\t<\/div>\n\t\t\t\t<div class=\"elementor-element elementor-element-f74b4fb elementor-widget-tablet__width-initial elementor-widget-mobile__width-initial elementor-widget elementor-widget-heading\" data-id=\"f74b4fb\" data-element_type=\"widget\" data-widget_type=\"heading.default\">\n\t\t\t\t<div class=\"elementor-widget-container\">\n\t\t\t\t\t<h2 class=\"elementor-heading-title elementor-size-default\">Return to the parking area\n5 p.m. Walk 2.5 km (35 minutes)<\/h2>\t\t\t\t<\/div>\n\t\t\t\t<\/div>\n\t\t\t\t<\/div>\n\t\t\t\t<\/div>\n\t\t\t\t<div class=\"elementor-element elementor-element-731d781 elementor-widget__width-initial elementor-widget elementor-widget-text-editor\" data-id=\"731d781\" data-element_type=\"widget\" data-widget_type=\"text-editor.default\">\n\t\t\t\t<div class=\"elementor-widget-container\">\n\t\t\t\t\t\t\t\t\t<p>After finishing the visit, return to the parking area at C. C\u00f2rsega de Calella through the same seaside trail or, to go more quickly, along the main highway.<\/p>\t\t\t\t\t\t\t\t<\/div>\n\t\t\t\t<\/div>\n\t\t\t\t\t<\/div>\n\t\t\t\t<\/div>\n\t\t<div class=\"elementor-element elementor-element-8c0e18f e-flex e-con-boxed e-con e-parent\" data-id=\"8c0e18f\" data-element_type=\"container\">\n\t\t\t\t\t<div class=\"e-con-inner\">\n\t\t<div class=\"elementor-element elementor-element-ee0f87c e-grid e-con-full e-con e-child\" data-id=\"ee0f87c\" data-element_type=\"container\">\n\t\t\t\t<div class=\"elementor-element elementor-element-1f439ef elementor-widget elementor-widget-image\" data-id=\"1f439ef\" data-element_type=\"widget\" data-widget_type=\"image.default\">\n\t\t\t\t<div class=\"elementor-widget-container\">\n\t\t\t\t\t\t\t\t\t\t\t\t\t\t\t<img fetchpriority=\"high\" decoding=\"async\" width=\"500\" height=\"507\" src=\"https:\/\/plus.palafrugell.cat\/wp-content\/uploads\/2025\/12\/Recurso-16sant-sebastia.png\" class=\"attachment-large size-large wp-image-2130\" alt=\"\" srcset=\"https:\/\/plus.palafrugell.cat\/wp-content\/uploads\/2025\/12\/Recurso-16sant-sebastia.png 500w, https:\/\/plus.palafrugell.cat\/wp-content\/uploads\/2025\/12\/Recurso-16sant-sebastia-296x300.png 296w, https:\/\/plus.palafrugell.cat\/wp-content\/uploads\/2025\/12\/Recurso-16sant-sebastia-12x12.png 12w\" sizes=\"(max-width: 500px) 100vw, 500px\" \/>\t\t\t\t\t\t\t\t\t\t\t\t\t\t\t<\/div>\n\t\t\t\t<\/div>\n\t\t\t\t<div class=\"elementor-element elementor-element-cb00907 elementor-widget elementor-widget-image\" data-id=\"cb00907\" data-element_type=\"widget\" data-widget_type=\"image.default\">\n\t\t\t\t<div class=\"elementor-widget-container\">\n\t\t\t\t\t\t\t\t\t\t\t\t\t\t\t<img decoding=\"async\" width=\"500\" height=\"507\" src=\"https:\/\/plus.palafrugell.cat\/wp-content\/uploads\/2025\/12\/Recurso-14jardins.png\" class=\"attachment-large size-large wp-image-2151\" alt=\"\" srcset=\"https:\/\/plus.palafrugell.cat\/wp-content\/uploads\/2025\/12\/Recurso-14jardins.png 500w, https:\/\/plus.palafrugell.cat\/wp-content\/uploads\/2025\/12\/Recurso-14jardins-296x300.png 296w, https:\/\/plus.palafrugell.cat\/wp-content\/uploads\/2025\/12\/Recurso-14jardins-12x12.png 12w\" sizes=\"(max-width: 500px) 100vw, 500px\" \/>\t\t\t\t\t\t\t\t\t\t\t\t\t\t\t<\/div>\n\t\t\t\t<\/div>\n\t\t\t\t<\/div>\n\t\t\t\t\t<\/div>\n\t\t\t\t<\/div>\n\t\t<div class=\"elementor-element elementor-element-012738e e-flex e-con-boxed e-con e-parent\" data-id=\"012738e\" data-element_type=\"container\">\n\t\t\t\t\t<div class=\"e-con-inner\">\n\t\t<div class=\"elementor-element elementor-element-36438b1 e-con-full e-flex e-con e-child\" data-id=\"36438b1\" data-element_type=\"container\">\n\t\t\t\t<div class=\"elementor-element elementor-element-27a7362 elementor-widget__width-inherit elementor-widget elementor-widget-html\" data-id=\"27a7362\" data-element_type=\"widget\" data-widget_type=\"html.default\">\n\t\t\t\t<div class=\"elementor-widget-container\">\n\t\t\t\t\t<iframe src=\"https:\/\/www.google.com\/maps\/d\/embed?mid=1KyglwyEe3wBiRCio-4f9iurE0VSUUK0l&ehbc=2E312F\" width=\"640\" height=\"480\"><\/iframe>\t\t\t\t<\/div>\n\t\t\t\t<\/div>\n\t\t\t\t<\/div>\n\t\t\t\t\t<\/div>\n\t\t\t\t<\/div>\n\t\t\t\t<\/div>","protected":false},"excerpt":{"rendered":"<p>Ruta a peu: del Cap de Sant Sebasti\u00e0 al Cap Roig DURADA: 5 hores (de 10 a 15 h aprox.) \u2013 10 km.DIFICULTAT: Baixa \/ mitjana. Zones amb desnivell positiu.RECOMANACIONS: Portar cal\u00e7at de senderisme, aigua i alguna cosa de menjar. A Aparcament. C. C\u00f2rsega de Calella 10 h Caminar 4 km (1h) Sortida des de [&hellip;]<\/p>","protected":false},"author":1,"featured_media":0,"parent":0,"menu_order":0,"comment_status":"closed","ping_status":"closed","template":"","meta":{"footnotes":""},"class_list":["post-283","page","type-page","status-publish","hentry"],"yoast_head":"<!-- This site is optimized with the Yoast SEO Premium plugin v21.5 (Yoast SEO v27.5) - https:\/\/yoast.com\/product\/yoast-seo-premium-wordpress\/ -->\n<title>Ruta a peu: del Cap de Sant Sebasti\u00e0 al Cap Roig - Palafrugell Plus<\/title>\n<meta name=\"description\" content=\"Ruta a peu: del Cap de Sant Sebasti\u00e0 al Cap Roig\" \/>\n<meta name=\"robots\" content=\"index, follow, max-snippet:-1, max-image-preview:large, max-video-preview:-1\" \/>\n<link rel=\"canonical\" href=\"https:\/\/plus.palafrugell.cat\/en\/ruta-a-peu-del-cap-de-sant-sebastia-al-cap-roig\/\" \/>\n<meta property=\"og:locale\" content=\"en_GB\" \/>\n<meta property=\"og:type\" content=\"article\" \/>\n<meta property=\"og:title\" content=\"Ruta a peu: del Cap de Sant Sebasti\u00e0 al Cap Roig\" \/>\n<meta property=\"og:description\" content=\"Ruta a peu: del Cap de Sant Sebasti\u00e0 al Cap Roig\" \/>\n<meta property=\"og:url\" content=\"https:\/\/plus.palafrugell.cat\/en\/ruta-a-peu-del-cap-de-sant-sebastia-al-cap-roig\/\" \/>\n<meta property=\"og:site_name\" content=\"Palafrugell Plus\" \/>\n<meta property=\"article:modified_time\" content=\"2026-02-15T10:09:10+00:00\" \/>\n<meta property=\"og:image\" content=\"https:\/\/plus.palafrugell.cat\/wp-content\/uploads\/2025\/12\/Recurso-16sant-sebastia.png\" \/>\n\t<meta property=\"og:image:width\" content=\"500\" \/>\n\t<meta property=\"og:image:height\" content=\"507\" \/>\n\t<meta property=\"og:image:type\" content=\"image\/png\" \/>\n<meta name=\"twitter:card\" content=\"summary_large_image\" \/>\n<meta name=\"twitter:label1\" content=\"Estimated reading time\" \/>\n\t<meta name=\"twitter:data1\" content=\"3 minutes\" \/>\n<script type=\"application\/ld+json\" class=\"yoast-schema-graph\">{\"@context\":\"https:\\\/\\\/schema.org\",\"@graph\":[{\"@type\":\"WebPage\",\"@id\":\"https:\\\/\\\/plus.palafrugell.cat\\\/ruta-a-peu-del-cap-de-sant-sebastia-al-cap-roig\\\/\",\"url\":\"https:\\\/\\\/plus.palafrugell.cat\\\/ruta-a-peu-del-cap-de-sant-sebastia-al-cap-roig\\\/\",\"name\":\"Ruta a peu: del Cap de Sant Sebasti\u00e0 al Cap Roig - Palafrugell Plus\",\"isPartOf\":{\"@id\":\"https:\\\/\\\/plus.palafrugell.cat\\\/#website\"},\"primaryImageOfPage\":{\"@id\":\"https:\\\/\\\/plus.palafrugell.cat\\\/ruta-a-peu-del-cap-de-sant-sebastia-al-cap-roig\\\/#primaryimage\"},\"image\":{\"@id\":\"https:\\\/\\\/plus.palafrugell.cat\\\/ruta-a-peu-del-cap-de-sant-sebastia-al-cap-roig\\\/#primaryimage\"},\"thumbnailUrl\":\"https:\\\/\\\/plus.palafrugell.cat\\\/wp-content\\\/uploads\\\/2025\\\/12\\\/Recurso-16sant-sebastia.png\",\"datePublished\":\"2022-05-26T17:26:37+00:00\",\"dateModified\":\"2026-02-15T10:09:10+00:00\",\"description\":\"Ruta a peu: del Cap de Sant Sebasti\u00e0 al Cap Roig\",\"breadcrumb\":{\"@id\":\"https:\\\/\\\/plus.palafrugell.cat\\\/ruta-a-peu-del-cap-de-sant-sebastia-al-cap-roig\\\/#breadcrumb\"},\"inLanguage\":\"en-GB\",\"potentialAction\":[{\"@type\":\"ReadAction\",\"target\":[\"https:\\\/\\\/plus.palafrugell.cat\\\/ruta-a-peu-del-cap-de-sant-sebastia-al-cap-roig\\\/\"]}]},{\"@type\":\"ImageObject\",\"inLanguage\":\"en-GB\",\"@id\":\"https:\\\/\\\/plus.palafrugell.cat\\\/ruta-a-peu-del-cap-de-sant-sebastia-al-cap-roig\\\/#primaryimage\",\"url\":\"https:\\\/\\\/plus.palafrugell.cat\\\/wp-content\\\/uploads\\\/2025\\\/12\\\/Recurso-16sant-sebastia.png\",\"contentUrl\":\"https:\\\/\\\/plus.palafrugell.cat\\\/wp-content\\\/uploads\\\/2025\\\/12\\\/Recurso-16sant-sebastia.png\"},{\"@type\":\"BreadcrumbList\",\"@id\":\"https:\\\/\\\/plus.palafrugell.cat\\\/ruta-a-peu-del-cap-de-sant-sebastia-al-cap-roig\\\/#breadcrumb\",\"itemListElement\":[{\"@type\":\"ListItem\",\"position\":1,\"name\":\"Home\",\"item\":\"https:\\\/\\\/plus.palafrugell.cat\\\/\"},{\"@type\":\"ListItem\",\"position\":2,\"name\":\"Ruta a peu: del Cap de Sant Sebasti\u00e0 al Cap Roig\"}]},{\"@type\":\"WebSite\",\"@id\":\"https:\\\/\\\/plus.palafrugell.cat\\\/#website\",\"url\":\"https:\\\/\\\/plus.palafrugell.cat\\\/\",\"name\":\"Palafrugell Plus\",\"description\":\"Viu experi\u00e8ncies culturals \u00faniques\",\"publisher\":{\"@id\":\"https:\\\/\\\/plus.palafrugell.cat\\\/#organization\"},\"potentialAction\":[{\"@type\":\"SearchAction\",\"target\":{\"@type\":\"EntryPoint\",\"urlTemplate\":\"https:\\\/\\\/plus.palafrugell.cat\\\/?s={search_term_string}\"},\"query-input\":{\"@type\":\"PropertyValueSpecification\",\"valueRequired\":true,\"valueName\":\"search_term_string\"}}],\"inLanguage\":\"en-GB\"},{\"@type\":\"Organization\",\"@id\":\"https:\\\/\\\/plus.palafrugell.cat\\\/#organization\",\"name\":\"Palafrugell+\",\"url\":\"https:\\\/\\\/plus.palafrugell.cat\\\/\",\"logo\":{\"@type\":\"ImageObject\",\"inLanguage\":\"en-GB\",\"@id\":\"https:\\\/\\\/plus.palafrugell.cat\\\/#\\\/schema\\\/logo\\\/image\\\/\",\"url\":\"http:\\\/\\\/plus.palafrugell.cat\\\/wp-content\\\/uploads\\\/2022\\\/05\\\/logo-fons-09.svg\",\"contentUrl\":\"http:\\\/\\\/plus.palafrugell.cat\\\/wp-content\\\/uploads\\\/2022\\\/05\\\/logo-fons-09.svg\",\"width\":1,\"height\":1,\"caption\":\"Palafrugell+\"},\"image\":{\"@id\":\"https:\\\/\\\/plus.palafrugell.cat\\\/#\\\/schema\\\/logo\\\/image\\\/\"}}]}<\/script>\n<!-- \/ Yoast SEO Premium plugin. -->","yoast_head_json":{"title":"Ruta a peu: del Cap de Sant Sebasti\u00e0 al Cap Roig - Palafrugell Plus","description":"Ruta a peu: del Cap de Sant Sebasti\u00e0 al Cap Roig","robots":{"index":"index","follow":"follow","max-snippet":"max-snippet:-1","max-image-preview":"max-image-preview:large","max-video-preview":"max-video-preview:-1"},"canonical":"https:\/\/plus.palafrugell.cat\/en\/ruta-a-peu-del-cap-de-sant-sebastia-al-cap-roig\/","og_locale":"en_GB","og_type":"article","og_title":"Ruta a peu: del Cap de Sant Sebasti\u00e0 al Cap Roig","og_description":"Ruta a peu: del Cap de Sant Sebasti\u00e0 al Cap Roig","og_url":"https:\/\/plus.palafrugell.cat\/en\/ruta-a-peu-del-cap-de-sant-sebastia-al-cap-roig\/","og_site_name":"Palafrugell Plus","article_modified_time":"2026-02-15T10:09:10+00:00","og_image":[{"width":500,"height":507,"url":"https:\/\/plus.palafrugell.cat\/wp-content\/uploads\/2025\/12\/Recurso-16sant-sebastia.png","type":"image\/png"}],"twitter_card":"summary_large_image","twitter_misc":{"Estimated reading time":"3 minutes"},"schema":{"@context":"https:\/\/schema.org","@graph":[{"@type":"WebPage","@id":"https:\/\/plus.palafrugell.cat\/ruta-a-peu-del-cap-de-sant-sebastia-al-cap-roig\/","url":"https:\/\/plus.palafrugell.cat\/ruta-a-peu-del-cap-de-sant-sebastia-al-cap-roig\/","name":"Ruta a peu: del Cap de Sant Sebasti\u00e0 al Cap Roig - Palafrugell Plus","isPartOf":{"@id":"https:\/\/plus.palafrugell.cat\/#website"},"primaryImageOfPage":{"@id":"https:\/\/plus.palafrugell.cat\/ruta-a-peu-del-cap-de-sant-sebastia-al-cap-roig\/#primaryimage"},"image":{"@id":"https:\/\/plus.palafrugell.cat\/ruta-a-peu-del-cap-de-sant-sebastia-al-cap-roig\/#primaryimage"},"thumbnailUrl":"https:\/\/plus.palafrugell.cat\/wp-content\/uploads\/2025\/12\/Recurso-16sant-sebastia.png","datePublished":"2022-05-26T17:26:37+00:00","dateModified":"2026-02-15T10:09:10+00:00","description":"Ruta a peu: del Cap de Sant Sebasti\u00e0 al Cap Roig","breadcrumb":{"@id":"https:\/\/plus.palafrugell.cat\/ruta-a-peu-del-cap-de-sant-sebastia-al-cap-roig\/#breadcrumb"},"inLanguage":"en-GB","potentialAction":[{"@type":"ReadAction","target":["https:\/\/plus.palafrugell.cat\/ruta-a-peu-del-cap-de-sant-sebastia-al-cap-roig\/"]}]},{"@type":"ImageObject","inLanguage":"en-GB","@id":"https:\/\/plus.palafrugell.cat\/ruta-a-peu-del-cap-de-sant-sebastia-al-cap-roig\/#primaryimage","url":"https:\/\/plus.palafrugell.cat\/wp-content\/uploads\/2025\/12\/Recurso-16sant-sebastia.png","contentUrl":"https:\/\/plus.palafrugell.cat\/wp-content\/uploads\/2025\/12\/Recurso-16sant-sebastia.png"},{"@type":"BreadcrumbList","@id":"https:\/\/plus.palafrugell.cat\/ruta-a-peu-del-cap-de-sant-sebastia-al-cap-roig\/#breadcrumb","itemListElement":[{"@type":"ListItem","position":1,"name":"Home","item":"https:\/\/plus.palafrugell.cat\/"},{"@type":"ListItem","position":2,"name":"Ruta a peu: del Cap de Sant Sebasti\u00e0 al Cap Roig"}]},{"@type":"WebSite","@id":"https:\/\/plus.palafrugell.cat\/#website","url":"https:\/\/plus.palafrugell.cat\/","name":"Palafrugell Plus","description":"Viu experi\u00e8ncies culturals \u00faniques","publisher":{"@id":"https:\/\/plus.palafrugell.cat\/#organization"},"potentialAction":[{"@type":"SearchAction","target":{"@type":"EntryPoint","urlTemplate":"https:\/\/plus.palafrugell.cat\/?s={search_term_string}"},"query-input":{"@type":"PropertyValueSpecification","valueRequired":true,"valueName":"search_term_string"}}],"inLanguage":"en-GB"},{"@type":"Organization","@id":"https:\/\/plus.palafrugell.cat\/#organization","name":"Palafrugell+","url":"https:\/\/plus.palafrugell.cat\/","logo":{"@type":"ImageObject","inLanguage":"en-GB","@id":"https:\/\/plus.palafrugell.cat\/#\/schema\/logo\/image\/","url":"http:\/\/plus.palafrugell.cat\/wp-content\/uploads\/2022\/05\/logo-fons-09.svg","contentUrl":"http:\/\/plus.palafrugell.cat\/wp-content\/uploads\/2022\/05\/logo-fons-09.svg","width":1,"height":1,"caption":"Palafrugell+"},"image":{"@id":"https:\/\/plus.palafrugell.cat\/#\/schema\/logo\/image\/"}}]}},"_links":{"self":[{"href":"http:\/\/plus.palafrugell.cat\/en\/wp-json\/wp\/v2\/pages\/283","targetHints":{"allow":["GET"]}}],"collection":[{"href":"http:\/\/plus.palafrugell.cat\/en\/wp-json\/wp\/v2\/pages"}],"about":[{"href":"http:\/\/plus.palafrugell.cat\/en\/wp-json\/wp\/v2\/types\/page"}],"author":[{"embeddable":true,"href":"http:\/\/plus.palafrugell.cat\/en\/wp-json\/wp\/v2\/users\/1"}],"replies":[{"embeddable":true,"href":"http:\/\/plus.palafrugell.cat\/en\/wp-json\/wp\/v2\/comments?post=283"}],"version-history":[{"count":37,"href":"http:\/\/plus.palafrugell.cat\/en\/wp-json\/wp\/v2\/pages\/283\/revisions"}],"predecessor-version":[{"id":2355,"href":"http:\/\/plus.palafrugell.cat\/en\/wp-json\/wp\/v2\/pages\/283\/revisions\/2355"}],"wp:attachment":[{"href":"http:\/\/plus.palafrugell.cat\/en\/wp-json\/wp\/v2\/media?parent=283"}],"curies":[{"name":"wp","href":"https:\/\/api.w.org\/{rel}","templated":true}]}}