{"id":374,"date":"2022-05-30T13:59:17","date_gmt":"2022-05-30T11:59:17","guid":{"rendered":"http:\/\/www.palafrugellplus.com\/?page_id=374"},"modified":"2025-12-23T12:10:40","modified_gmt":"2025-12-23T11:10:40","slug":"avis-legal","status":"publish","type":"page","link":"http:\/\/plus.palafrugell.cat\/en\/avis-legal\/","title":{"rendered":"Legal warning"},"content":{"rendered":"<div data-elementor-type=\"wp-page\" data-elementor-id=\"374\" class=\"elementor elementor-374\" data-elementor-post-type=\"page\">\n\t\t\t\t<div class=\"elementor-element elementor-element-82089db e-flex e-con-boxed e-con e-parent\" data-id=\"82089db\" data-element_type=\"container\">\n\t\t\t\t\t<div class=\"e-con-inner\">\n\t\t\t\t<div class=\"elementor-element elementor-element-19b988d elementor-widget__width-initial elementor-widget elementor-widget-text-editor\" data-id=\"19b988d\" data-element_type=\"widget\" data-no-translation=\"\" data-widget_type=\"text-editor.default\">\n\t\t\t\t<div class=\"elementor-widget-container\">\n\t\t\t\t\t<style>.elementor-element-19b988d{display:none !important}<\/style>\t\t\t\t<\/div>\n\t\t\t\t<\/div>\n\t\t\t\t<div class=\"elementor-element elementor-element-6cd5ea8 elementor-widget__width-initial elementor-widget elementor-widget-text-editor\" data-id=\"6cd5ea8\" data-element_type=\"widget\" data-no-translation=\"\" data-widget_type=\"text-editor.default\">\n\t\t\t\t<div class=\"elementor-widget-container\">\n\t\t\t\t\t<style>.elementor-element-6cd5ea8{display:none !important}<\/style>\t\t\t\t<\/div>\n\t\t\t\t<\/div>\n\t\t\t\t<div class=\"elementor-element elementor-element-4881faa elementor-widget__width-initial elementor-widget elementor-widget-text-editor\" data-id=\"4881faa\" data-element_type=\"widget\" data-no-translation=\"\" data-widget_type=\"text-editor.default\">\n\t\t\t\t<div class=\"elementor-widget-container\">\n\t\t\t\t\t\t\t\t\t<h2><b>Legal warning<\/b><\/h2><p>This website and its domain correspond to the Institute for Economic Promotion of Palafrugell (hereinafter the IPEP), with CIF P1700054H domiciled on the street Major, 1 de Palafrugell (CP 17200), telephone\u00a0<a href=\"tel:972 61 18 20\">972 61 18 20<\/a>\u00a0and <a href=\"mailto:ipep@palafrugell.cat\">ipep@palafrugell.cat<\/a>.<\/p><p>The information provided through this website does not replace contained in the Electronic IPEP or the channels and electronic platforms adopted by the IPEP, only one has full legal validity.<\/p><p>The IPEP is not responsible for the content, accuracy and updating of information from other people who appear on the website or in remission is made through links or other systems.<\/p><p>The website and its contents, including text, images, graphics, databases and other material made available to the public for information purposes and to provide services in the framework of the powers and duties the IPEP.\u00a0There are some intellectual property rights of these contents which correspond either to the IPEP or to third parties who have authorized the use of this medium.<\/p><p>In general, and unless otherwise stated explicitly for individual cases, it can carry out the reproduction, distribution and public communication of the contents of this site provided that there is evidence of origin.\u00a0However, the contents can not be used for commercial purposes, or make derivative works without permission of the IPEP.<\/p><p>These conditions apply to the contents of the website are protected by copyright and summarizes the license\u00a0<a href=\"https:\/\/creativecommons.org\/licenses\/by-nc\/4.0\/deed.ca\">Attribution \u2013 NonCommercial 4.0 International (CC BY-NC 4.0)<\/a>\u00a0Creative Commons.<\/p><p>The official seal of the IPEP and other designs and logos that identify only be reproduced and used with permission of the IPEP, or when they try to identify activities and initiatives that have the explicit support of the IPEP.\u00a0The IPEP also authorizes use non-profit educational purposes, research, study or cultural diffusion.<\/p><p>Not authorized The contents of this site in a window outside (<i>framing<\/i>) without the express written consent of the IPEP.<\/p><p>The IPEP is not liable to the users of your website from any damages that may result from interference, omissions, interruptions, computer viruses, overhead lines, when breakdowns or disconnections caused by events that are others.\u00a0Neither is it of any damage caused by third parties through illegal beyond the control of the IPEP.\u00a0Whenever possible, advance notice of any interruption in the operation of the website and its services<\/p>\t\t\t\t\t\t\t\t<\/div>\n\t\t\t\t<\/div>\n\t\t\t\t<div class=\"elementor-element elementor-element-7ba0c7b elementor-widget__width-initial elementor-widget elementor-widget-text-editor\" data-id=\"7ba0c7b\" data-element_type=\"widget\" data-no-translation=\"\" data-widget_type=\"text-editor.default\">\n\t\t\t\t<div class=\"elementor-widget-container\">\n\t\t\t\t\t<style>.elementor-element-7ba0c7b{display:none !important}<\/style>\t\t\t\t<\/div>\n\t\t\t\t<\/div>\n\t\t\t\t\t<\/div>\n\t\t\t\t<\/div>\n\t\t\t\t<\/div>","protected":false},"excerpt":{"rendered":"<p>Av\u00eds legal Aquest lloc web i el seu domini corresponen a l\u2019Institut de Promoci\u00f3 Econ\u00f2mica de Palafrugell (en endavant l\u2019IPEP), amb CIF P1700054H, domicili al Carrer Major, 1 (Can Ros\u00e9s), de Palafrugell (CP 17200), tel\u00e8fon 972611820 i adre\u00e7a electr\u00f2nica ipep@palafrugell.cat. La informaci\u00f3 facilitada per mitj\u00e0 d\u2019aquest lloc web no substitueix la que figura a la [&hellip;]<\/p>","protected":false},"author":1,"featured_media":0,"parent":0,"menu_order":0,"comment_status":"closed","ping_status":"closed","template":"","meta":{"footnotes":""},"class_list":["post-374","page","type-page","status-publish","hentry"],"yoast_head":"<!-- This site is optimized with the Yoast SEO Premium plugin v21.5 (Yoast SEO v27.5) - https:\/\/yoast.com\/product\/yoast-seo-premium-wordpress\/ -->\n<title>Av\u00eds legal - Palafrugell Plus<\/title>\n<meta name=\"description\" content=\"Av\u00eds legal\" \/>\n<meta name=\"robots\" content=\"index, follow, max-snippet:-1, max-image-preview:large, max-video-preview:-1\" \/>\n<link rel=\"canonical\" href=\"https:\/\/plus.palafrugell.cat\/en\/avis-legal\/\" \/>\n<meta property=\"og:locale\" content=\"en_GB\" \/>\n<meta property=\"og:type\" content=\"article\" \/>\n<meta property=\"og:title\" content=\"Av\u00eds legal\" \/>\n<meta property=\"og:description\" content=\"Av\u00eds legal\" \/>\n<meta property=\"og:url\" content=\"https:\/\/plus.palafrugell.cat\/en\/avis-legal\/\" \/>\n<meta property=\"og:site_name\" content=\"Palafrugell Plus\" \/>\n<meta property=\"article:modified_time\" content=\"2025-12-23T11:10:40+00:00\" \/>\n<meta name=\"twitter:card\" content=\"summary_large_image\" \/>\n<meta name=\"twitter:label1\" content=\"Estimated reading time\" \/>\n\t<meta name=\"twitter:data1\" content=\"9 minutes\" \/>\n<script type=\"application\/ld+json\" class=\"yoast-schema-graph\">{\"@context\":\"https:\\\/\\\/schema.org\",\"@graph\":[{\"@type\":\"WebPage\",\"@id\":\"https:\\\/\\\/plus.palafrugell.cat\\\/avis-legal\\\/\",\"url\":\"https:\\\/\\\/plus.palafrugell.cat\\\/avis-legal\\\/\",\"name\":\"Av\u00eds legal - Palafrugell Plus\",\"isPartOf\":{\"@id\":\"https:\\\/\\\/plus.palafrugell.cat\\\/#website\"},\"datePublished\":\"2022-05-30T11:59:17+00:00\",\"dateModified\":\"2025-12-23T11:10:40+00:00\",\"description\":\"Av\u00eds legal\",\"breadcrumb\":{\"@id\":\"https:\\\/\\\/plus.palafrugell.cat\\\/avis-legal\\\/#breadcrumb\"},\"inLanguage\":\"en-GB\",\"potentialAction\":[{\"@type\":\"ReadAction\",\"target\":[\"https:\\\/\\\/plus.palafrugell.cat\\\/avis-legal\\\/\"]}]},{\"@type\":\"BreadcrumbList\",\"@id\":\"https:\\\/\\\/plus.palafrugell.cat\\\/avis-legal\\\/#breadcrumb\",\"itemListElement\":[{\"@type\":\"ListItem\",\"position\":1,\"name\":\"Home\",\"item\":\"https:\\\/\\\/plus.palafrugell.cat\\\/\"},{\"@type\":\"ListItem\",\"position\":2,\"name\":\"Av\u00eds legal\"}]},{\"@type\":\"WebSite\",\"@id\":\"https:\\\/\\\/plus.palafrugell.cat\\\/#website\",\"url\":\"https:\\\/\\\/plus.palafrugell.cat\\\/\",\"name\":\"Palafrugell Plus\",\"description\":\"Viu experi\u00e8ncies culturals \u00faniques\",\"publisher\":{\"@id\":\"https:\\\/\\\/plus.palafrugell.cat\\\/#organization\"},\"potentialAction\":[{\"@type\":\"SearchAction\",\"target\":{\"@type\":\"EntryPoint\",\"urlTemplate\":\"https:\\\/\\\/plus.palafrugell.cat\\\/?s={search_term_string}\"},\"query-input\":{\"@type\":\"PropertyValueSpecification\",\"valueRequired\":true,\"valueName\":\"search_term_string\"}}],\"inLanguage\":\"en-GB\"},{\"@type\":\"Organization\",\"@id\":\"https:\\\/\\\/plus.palafrugell.cat\\\/#organization\",\"name\":\"Palafrugell+\",\"url\":\"https:\\\/\\\/plus.palafrugell.cat\\\/\",\"logo\":{\"@type\":\"ImageObject\",\"inLanguage\":\"en-GB\",\"@id\":\"https:\\\/\\\/plus.palafrugell.cat\\\/#\\\/schema\\\/logo\\\/image\\\/\",\"url\":\"http:\\\/\\\/plus.palafrugell.cat\\\/wp-content\\\/uploads\\\/2022\\\/05\\\/logo-fons-09.svg\",\"contentUrl\":\"http:\\\/\\\/plus.palafrugell.cat\\\/wp-content\\\/uploads\\\/2022\\\/05\\\/logo-fons-09.svg\",\"width\":1,\"height\":1,\"caption\":\"Palafrugell+\"},\"image\":{\"@id\":\"https:\\\/\\\/plus.palafrugell.cat\\\/#\\\/schema\\\/logo\\\/image\\\/\"}}]}<\/script>\n<!-- \/ Yoast SEO Premium plugin. -->","yoast_head_json":{"title":"Av\u00eds legal - Palafrugell Plus","description":"Av\u00eds legal","robots":{"index":"index","follow":"follow","max-snippet":"max-snippet:-1","max-image-preview":"max-image-preview:large","max-video-preview":"max-video-preview:-1"},"canonical":"https:\/\/plus.palafrugell.cat\/en\/avis-legal\/","og_locale":"en_GB","og_type":"article","og_title":"Av\u00eds legal","og_description":"Av\u00eds legal","og_url":"https:\/\/plus.palafrugell.cat\/en\/avis-legal\/","og_site_name":"Palafrugell Plus","article_modified_time":"2025-12-23T11:10:40+00:00","twitter_card":"summary_large_image","twitter_misc":{"Estimated reading time":"9 minutes"},"schema":{"@context":"https:\/\/schema.org","@graph":[{"@type":"WebPage","@id":"https:\/\/plus.palafrugell.cat\/avis-legal\/","url":"https:\/\/plus.palafrugell.cat\/avis-legal\/","name":"Av\u00eds legal - Palafrugell Plus","isPartOf":{"@id":"https:\/\/plus.palafrugell.cat\/#website"},"datePublished":"2022-05-30T11:59:17+00:00","dateModified":"2025-12-23T11:10:40+00:00","description":"Av\u00eds legal","breadcrumb":{"@id":"https:\/\/plus.palafrugell.cat\/avis-legal\/#breadcrumb"},"inLanguage":"en-GB","potentialAction":[{"@type":"ReadAction","target":["https:\/\/plus.palafrugell.cat\/avis-legal\/"]}]},{"@type":"BreadcrumbList","@id":"https:\/\/plus.palafrugell.cat\/avis-legal\/#breadcrumb","itemListElement":[{"@type":"ListItem","position":1,"name":"Home","item":"https:\/\/plus.palafrugell.cat\/"},{"@type":"ListItem","position":2,"name":"Av\u00eds legal"}]},{"@type":"WebSite","@id":"https:\/\/plus.palafrugell.cat\/#website","url":"https:\/\/plus.palafrugell.cat\/","name":"Palafrugell Plus","description":"Viu experi\u00e8ncies culturals \u00faniques","publisher":{"@id":"https:\/\/plus.palafrugell.cat\/#organization"},"potentialAction":[{"@type":"SearchAction","target":{"@type":"EntryPoint","urlTemplate":"https:\/\/plus.palafrugell.cat\/?s={search_term_string}"},"query-input":{"@type":"PropertyValueSpecification","valueRequired":true,"valueName":"search_term_string"}}],"inLanguage":"en-GB"},{"@type":"Organization","@id":"https:\/\/plus.palafrugell.cat\/#organization","name":"Palafrugell+","url":"https:\/\/plus.palafrugell.cat\/","logo":{"@type":"ImageObject","inLanguage":"en-GB","@id":"https:\/\/plus.palafrugell.cat\/#\/schema\/logo\/image\/","url":"http:\/\/plus.palafrugell.cat\/wp-content\/uploads\/2022\/05\/logo-fons-09.svg","contentUrl":"http:\/\/plus.palafrugell.cat\/wp-content\/uploads\/2022\/05\/logo-fons-09.svg","width":1,"height":1,"caption":"Palafrugell+"},"image":{"@id":"https:\/\/plus.palafrugell.cat\/#\/schema\/logo\/image\/"}}]}},"_links":{"self":[{"href":"http:\/\/plus.palafrugell.cat\/en\/wp-json\/wp\/v2\/pages\/374","targetHints":{"allow":["GET"]}}],"collection":[{"href":"http:\/\/plus.palafrugell.cat\/en\/wp-json\/wp\/v2\/pages"}],"about":[{"href":"http:\/\/plus.palafrugell.cat\/en\/wp-json\/wp\/v2\/types\/page"}],"author":[{"embeddable":true,"href":"http:\/\/plus.palafrugell.cat\/en\/wp-json\/wp\/v2\/users\/1"}],"replies":[{"embeddable":true,"href":"http:\/\/plus.palafrugell.cat\/en\/wp-json\/wp\/v2\/comments?post=374"}],"version-history":[{"count":12,"href":"http:\/\/plus.palafrugell.cat\/en\/wp-json\/wp\/v2\/pages\/374\/revisions"}],"predecessor-version":[{"id":2229,"href":"http:\/\/plus.palafrugell.cat\/en\/wp-json\/wp\/v2\/pages\/374\/revisions\/2229"}],"wp:attachment":[{"href":"http:\/\/plus.palafrugell.cat\/en\/wp-json\/wp\/v2\/media?parent=374"}],"curies":[{"name":"wp","href":"https:\/\/api.w.org\/{rel}","templated":true}]}}