{"id":370,"date":"2022-05-30T13:56:58","date_gmt":"2022-05-30T11:56:58","guid":{"rendered":"http:\/\/www.palafrugellplus.com\/?page_id=370"},"modified":"2025-12-23T12:13:24","modified_gmt":"2025-12-23T11:13:24","slug":"politica-de-privacitat","status":"publish","type":"page","link":"http:\/\/plus.palafrugell.cat\/es\/politica-de-privacitat\/","title":{"rendered":"Pol\u00edtica de privacidad"},"content":{"rendered":"<div data-elementor-type=\"wp-page\" data-elementor-id=\"370\" class=\"elementor elementor-370\" data-elementor-post-type=\"page\">\n\t\t\t\t<div class=\"elementor-element elementor-element-8e34f79 e-flex e-con-boxed e-con e-parent\" data-id=\"8e34f79\" data-element_type=\"container\">\n\t\t\t\t\t<div class=\"e-con-inner\">\n\t\t\t\t<div class=\"elementor-element elementor-element-f553548 elementor-widget__width-initial elementor-widget elementor-widget-text-editor\" data-id=\"f553548\" data-element_type=\"widget\" data-no-translation=\"\" data-widget_type=\"text-editor.default\">\n\t\t\t\t<div class=\"elementor-widget-container\">\n\t\t\t\t\t<style>.elementor-element-f553548{display:none !important}<\/style>\t\t\t\t<\/div>\n\t\t\t\t<\/div>\n\t\t\t\t<div class=\"elementor-element elementor-element-e997512 elementor-widget__width-initial elementor-widget elementor-widget-text-editor\" data-id=\"e997512\" data-element_type=\"widget\" data-no-translation=\"\" data-widget_type=\"text-editor.default\">\n\t\t\t\t<div class=\"elementor-widget-container\">\n\t\t\t\t\t\t\t\t\t<h4><strong>Pol\u00edtica de protecci\u00f3n de datos<\/strong><\/h4><p>Esta es la pol\u00edtica de protecci\u00f3n de datos del Instituto de Promoci\u00f3n Econ\u00f3mica de Palafrugell (IPEP), organismo aut\u00f3nomo creado por el Ayuntamiento de Palafrugell. Hace referencia a los datos de personas f\u00edsicas con las que se relaciona en el ejercicio de sus competencias y funciones. Dadas las funciones del IPEP algunos tratamientos son el resultado de la prestaci\u00f3n de servicios a otras administraciones p\u00fablicas que le han delegado funciones. El tratamiento se efect\u00faa cumpliendo el Reglamento General de Protecci\u00f3n de Datos (Reglamento (UE) 2016\/679 del Parlamento Europeo y del Consejo, de 27 de abril de 2016, y la normativa estatal sobre esta materia.<\/p><h4><strong>\u00bfQui\u00e9n es el responsable del tratamiento de los datos personales?<\/strong><\/h4><p>El responsable del tratamiento de los datos personales es el Ayuntamiento de Palafrugell (en adelante, el Ayuntamiento), con CIF P1712400I y domicilio en la calle Cervantes, 16, Palafrugell (CP 17200), tel\u00e9fono 972613100, direcci\u00f3n electr\u00f3nica <a href=\"mailto:ajuntament@palafrugell.cat\">ajuntament@palafrugell.cat<\/a>, y direcci\u00f3n web <a href=\"http:\/\/www.palafrugell.cat\/\">www.palafrugell.cat<\/a>.<\/p><h4><strong>Con qu\u00e9 criterios tratamos los datos personales<\/strong><\/h4><p>En el tratamiento de los datos asumimos plenamente los principios del Reglamento General de Protecci\u00f3n de Datos.<\/p><p>a. Los tratamos de manera l\u00edcita (\u00fanicamente cuando tenemos una base legal que nos lo permite y con transparencia ante el interesado).<br \/>b. Los destinamos a las finalidades determinadas, expl\u00edcitas y leg\u00edtimas que explicamos en el momento de obtenerlas. Posteriormente no los tratamos de manera incompatible con dichos fines.<br \/>c. Tratamos \u00fanicamente los datos adecuados, pertinentes y limitadas a lo que es necesario en cada caso y para cada finalidad.<br \/>d. Nos esforzamos para que los datos est\u00e9n actualizados.<br \/>e. Las conservamos durante el tiempo necesario, cumpliendo la normativa que regula la conservaci\u00f3n de la informaci\u00f3n p\u00fablica.<br \/>f. Aplicamos las medidas t\u00e9cnicas u organizativas adecuadas para evitar el tratamiento no autorizado o il\u2022l\u00edcito, o su p\u00e9rdida, destrucci\u00f3n o da\u00f1o accidental.<\/p><h4><strong>Qui\u00e9n es el Delegado de Protecci\u00f3n de Datos<\/strong><\/h4><p>El Delegado de Protecci\u00f3n de Datos (DPD) es la persona que supervisa el cumplimiento de la pol\u00edtica de protecci\u00f3n de datos del Ayuntamiento de Palafrugell, velando para que se traten adecuadamente los datos personales y se protejan los derechos de las personas. Entre sus funciones figura la de atender cualquier duda, sugerencia, queja o reclamaci\u00f3n de las personas de quienes se tratan datos. Se puede contactar con el delegado de Protecci\u00f3n de Datos dirigi\u00e9ndose por escrito a la calle Cervantes, 16, Palafrugell (CP 17200) o en la direcci\u00f3n electr\u00f3nica <a href=\"mailto:secretaria@palafrugell.cat\">secretaria@palafrugell.cat<\/a>.<\/p><h4><strong>\u00bfCon qu\u00e9 finalidad tratamos los datos ya qui\u00e9n los comunicamos<\/strong><\/h4><p>El Ayuntamiento trata los datos para ejercer sus competencias y funciones. Los servicios del Ayuntamiento se describen en su p\u00e1gina web y en su sede electr\u00f3nica. Una descripci\u00f3n completa de los tratamientos y de las finalidades a las que se destinan los datos figura en\u00a0<a href=\"https:\/\/seu.palafrugell.cat\/informacio-municipal?task=callelement&amp;format=raw&amp;item_id=1137&amp;element=60226a91-1b88-42e9-867a-768a499dcc0a&amp;method=download&amp;args%5b0%5d=0\">el Registro de las actividades de tratamiento del Ayuntamiento<\/a>\u00a0.<\/p><h4><strong>\u00bfQui\u00e9n es el responsable del tratamiento de los datos personales?<\/strong><\/h4><p>El responsable del tratamiento de los datos personales es el Ayuntamiento de Palafrugell (en adelante, el Ayuntamiento), con CIF P1712400I y domicilio en la calle Cervantes, 16, Palafrugell (CP 17200), tel\u00e9fono 972613100, direcci\u00f3n electr\u00f3nica ajuntament@palafrugell .cat, y direcci\u00f3n web <a href=\"http:\/\/www.palafrugell.cat\/\">www.palafrugell.cat<\/a>.<\/p><h4><strong>Con qu\u00e9 criterios tratamos los datos personales?<\/strong><\/h4><p>En el tratamiento de los datos asumimos plenamente los principios del Reglamento General de Protecci\u00f3n de Datos.<\/p><p>a. Los tratamos de manera l\u00edcita (\u00fanicamente cuando tenemos una base legal que nos lo permite y con transparencia ante el interesado).<br \/>b. Los destinamos a las finalidades determinadas, expl\u00edcitas y leg\u00edtimas que explicamos en el momento de obtenerlas. Posteriormente no los tratamos de manera incompatible con dichos fines.<br \/>c. Tratamos \u00fanicamente los datos adecuados, pertinentes y limitadas a lo que es necesario en cada caso y para cada finalidad.<br \/>d. Nos esforzamos para que los datos est\u00e9n actualizados.<br \/>e. Las conservamos durante el tiempo necesario, cumpliendo la normativa que regula la conservaci\u00f3n de la informaci\u00f3n p\u00fablica.<br \/>f. Aplicamos las medidas t\u00e9cnicas u organizativas adecuadas para evitar el tratamiento no autorizado o il \u2022 l\u00edcito, o su p\u00e9rdida, destrucci\u00f3n o da\u00f1o accidental.<\/p><h4><strong>Env\u00edo de informaci\u00f3n<\/strong><\/h4><p>Con la autorizaci\u00f3n expl\u00edcita de cada persona utilizamos los datos de contacto que nos ha proporcionado para informar de nuestras iniciativas, servicios o actividades. Lo hacemos por diferentes canales en funci\u00f3n de c\u00f3mo lo ha autorizado cada persona. No se comunican a otras personas sin su consentimiento.<\/p><h4><strong>\u00bfCu\u00e1l es la legitimaci\u00f3n legal para el tratamiento de los datos?<\/strong><\/h4><p>Los tratamientos de datos que llevamos a cabo tienen diferentes fundamentos legales, seg\u00fan la naturaleza de cada tratamiento.<\/p><h4><strong>Cumplimiento de obligaciones legales<\/strong><\/h4><p>Los tratamientos de los datos en el contexto de procedimientos administrativos se efect\u00faa siguiendo las normas reguladoras de cada uno de los procedimientos. Se lleva a cabo en cumplimiento de obligaciones legales.<\/p><h4><strong>Cumplir misi\u00f3n en inter\u00e9s p\u00fablico<\/strong><\/h4><p>Los tratamientos resultantes de la prestaci\u00f3n de nuestros servicios tiene su justificaci\u00f3n en satisfacer el inter\u00e9s p\u00fablico.<\/p><h4><strong>Cumplimiento de una relaci\u00f3n contractual o precontractual<\/strong><\/h4><p>Tratamos los datos de nuestros proveedores siguiendo la normativa de contrataci\u00f3n propia del sector p\u00fablico, en el grado y con el alcance necesario para el desarrollo de la relaci\u00f3n contractual.<\/p><h4><strong>En base al consentimiento<\/strong><\/h4><p>Cuando hacemos env\u00edos de informaci\u00f3n de nuestras iniciativas, servicios o actividades tratamos los datos de contacto de los receptores con su autorizaci\u00f3n o consentimiento expl\u00edcito.<\/p><h4><strong>Cu\u00e1nto tiempo conservamos los datos?<\/strong><\/h4><p>El tiempo de conservaci\u00f3n de los datos viene determinado por diferentes factores, principalmente el hecho de que los datos sigan siendo necesarias para atender las finalidades para las que hayan sido recogidas en cada caso. En segundo lugar se conservan para hacer frente a posibles responsabilidades para el tratamiento de los datos por parte del Ayuntamiento, y para atender cualquier requerimiento de otras administraciones p\u00fablicas u \u00f3rganos judiciales.<\/p><p>En consecuencia los datos se conservar\u00e1n durante el tiempo necesario para preservar su valor legal o informativo o para acreditar el cumplimiento de las obligaciones legales, pero no por un per\u00edodo superior al necesario de acuerdo con las finalidades del tratamiento.<\/p><p>En determinados casos, como el de los datos que figuran en la documentaci\u00f3n contable y la facturaci\u00f3n, la normativa fiscal obliga a conservarlas hasta que no prescriban las responsabilidades en esta materia.<\/p><p>En el caso de los datos que se tratan exclusivamente en base al consentimiento de la persona interesada, se conservan hasta que esta persona revoca este consentimiento.<\/p><p>La normativa reguladora de la conservaci\u00f3n de la documentaci\u00f3n p\u00fablica, y los dict\u00e1menes de la Comisi\u00f3n Nacional de Acceso, Evaluaci\u00f3n y Selecci\u00f3n Documental son un referente determinan los criterios que seguimos en la conservaci\u00f3n o eliminaci\u00f3n de los datos.<\/p><h4><strong>\u00bfQu\u00e9 derechos tienen las personas en relaci\u00f3n a los datos que tratamos?<\/strong><\/h4><p>Tal como prev\u00e9 el Reglamento General de Protecci\u00f3n de Datos, las personas de quienes tratamos datos tienen los siguientes derechos:<\/p><ul><li>A saber si se tratan. Cualquier persona tiene, en primer lugar, derecho a saber si tratamos sus datos, con independencia de si ha existido una relaci\u00f3n previa.<\/li><li>A ser informado en la recogida. Cuando los datos personales se obtienen del propio interesado, en el momento de proporcionarles las debe tener informaci\u00f3n clara de las finalidades a las que se destinar\u00e1n, de qui\u00e9n ser\u00e1 el responsable del tratamiento y de los principales aspectos derivados de este tratamiento.<\/li><li>A acceder. Derecho muy amplio que incluye el de saber con precisi\u00f3n qu\u00e9 datos personales son objeto de tratamiento, cu\u00e1l es la finalidad para la que se tratan, las comunicaciones a otras personas que se har\u00e1n (en su caso) o el derecho a obtenerlo copia oa saber el plazo previsto de conservaci\u00f3n.<\/li><li>A pedir su rectificaci\u00f3n. Es el derecho a hacer rectificar los datos inexactos que sean objeto de tratamiento por parte nuestra.<\/li><li>A pedir su supresi\u00f3n. En determinadas circunstancias existe el derecho a pedir la supresi\u00f3n de los datos cuando, entre otros motivos, ya no sean necesarias para los fines para los que fueron recogidos y justificaron el tratamiento.<\/li><li>A pedir la limitaci\u00f3n del tratamiento. Tambi\u00e9n en determinadas circunstancias se reconoce el derecho a pedir la limitaci\u00f3n del tratamiento de los datos. En este caso dejar\u00e1n de ser tratadas y s\u00f3lo se conservar\u00e1n para el ejercicio o la defensa de reclamaciones, de acuerdo con el Reglamento General de Protecci\u00f3n de Datos.<\/li><li>En la portabilidad. En los casos previstos en la normativa se reconoce el derecho a obtener los datos personales propios en un formato estructurado de uso com\u00fan legible por m\u00e1quina, y transmitirlas a otro responsable del tratamiento si as\u00ed lo decide la persona interesada.<\/li><li>A oponerse al tratamiento. Una persona puede aducir motivos relacionados con su situaci\u00f3n particular, motivos que comportar\u00e1n que dejen de tratarse sus datos en el grado o medida que pueda suponer un perjuicio, excepto por motivos leg\u00edtimos o el ejercicio o defensa ante reclamaciones.<\/li><li>A no recibir informaci\u00f3n. Atendemos inmediatamente las peticiones de no seguir recibiendo informaci\u00f3n de nuestras actividades y servicios, cuando estos env\u00edos se fundamentaban \u00fanicamente en el consentimiento de la persona que es receptora.<\/li><\/ul><h4><strong>Como se pueden ejercer o defender derecho?<\/strong><\/h4><p>Los derechos que acabamos de enumerar pueden ejercerse dirigiendo una sol \u2022 licitud al Ayuntamiento a la direcci\u00f3n postal o a los otros datos de contacto indicados en el encabezamiento.<\/p><p>Si no se ha obtenido respuesta satisfactoria en el ejercicio de los derechos es posible presentar una reclamaci\u00f3n ante la Autoridad Catalana de Protecci\u00f3n de Datos, por medio de los formularios u otros canales accesibles desde su web (<a href=\"http:\/\/www.apdcat.cat\/\">www.apdcat.cat<\/a>).<\/p><p>En todos los casos, ya sea para presentar reclamaciones, pedir aclaraciones o hacer llegar sugerencias, es posible dirigirse al Delegado de Protecci\u00f3n de Datos mediante mensaje de correo electr\u00f3nico a la direcci\u00f3n <a href=\"mailto:secretaria@palafrugell.cat\">secretaria@palafrugell.cat<\/a>.<\/p><h4><strong>Procedimientos administrativos y tr\u00e1mites\u00a0<\/strong><\/h4><p>En base a las solicitudes de las personas interesadas, utilizamos sus datos para seguir la tramitaci\u00f3n propia de cada tr\u00e1mite. El cat\u00e1logo de tr\u00e1mites y el procedimiento que se sigue se puede consultar en la sede electr\u00f3nica. Seg\u00fan el procedimiento los datos se pueden comunicar a otras administraciones competentes en la materia. En algunos casos deben ser objeto de publicaci\u00f3n en cumplimiento del principio de transparencia.<\/p><h4><strong>Servicios<\/strong><\/h4><p>Para la prestaci\u00f3n de los servicios tratamos los datos aportados por los beneficiarios o bien las que hemos obtenido de otras administraciones. Ofrecer estos servicios conlleva a menudo hacer un seguimiento y obtener nuevos datos de las personas que son usuarias. El cat\u00e1logo de servicios se puede consultar en la sede electr\u00f3nica. Como criterio general los datos no se comunican a otras personas sin el consentimiento expl\u00edcito del usuario del servicio.<\/p><h4><strong>Actividades<\/strong><\/h4><p>En la organizaci\u00f3n de actividades culturales, de ocio, formativas o deportivas recibimos datos de las personas que se inscriben, a fin de organizar la actividad. Como criterio general los datos no se comunican a otras personas sin el consentimiento expl\u00edcito de la persona que participa en la actividad.<\/p><h4><strong>Contacto<\/strong><\/h4><p>Atendemos las consultas de las personas que utilizan los formularios de contacto de nuestra p\u00e1gina web. Los datos se utilizan \u00fanicamente para este fin y no se comunican a otras personas.<\/p><h4><strong>Gesti\u00f3n de los datos de nuestros proveedores<\/strong><\/h4><p>Registramos y tratamos los datos de los proveedores de quien obtenemos servicios o bienes. Pueden ser los datos de personas que act\u00faan como aut\u00f3nomos y tambi\u00e9n datos de representantes de personas jur\u00eddicas. Obtenemos los datos imprescindibles para mantener la relaci\u00f3n comercial y los destinamos \u00fanicamente a este fin. En cumplimiento de obligaciones legales (normativa fiscal) comunicamos datos a la administraci\u00f3n tributaria.<\/p><h4><strong>Cumplir misi\u00f3n en inter\u00e9s p\u00fablico<\/strong><\/h4><p>Los tratamientos resultantes de la prestaci\u00f3n de nuestros servicios tiene su justificaci\u00f3n en satisfacer el inter\u00e9s p\u00fablico. Tambi\u00e9n las im\u00e1genes que obtenemos con las c\u00e1maras de videovigilancia se tratan para preservar el inter\u00e9s p\u00fablico.<\/p><h4><strong>V\u00eddeo vigilancia<\/strong><\/h4><p>En el acceso a nuestras instalaciones informa, cuando es el caso, de la existencia de c\u00e1maras de v\u00eddeo vigilancia mediante los r\u00f3tulos homologados.\u00a0Las c\u00e1maras graban im\u00e1genes s\u00f3lo de los puntos en los que es justificado para garantizar la seguridad de los bienes y de las personas.\u00a0Las im\u00e1genes se utilizan \u00fanicamente para esta finalidad.\u00a0Se registran tambi\u00e9n im\u00e1genes de la v\u00eda p\u00fablica como apoyo a las actuaciones en materia de tr\u00e1fico y por razones de seguridad ciudadana y velar por el cumplimiento de las ordenanzas.\u00a0La ubicaci\u00f3n de estas c\u00e1maras se puede consultar en el anexo que se encuentra al final de esta p\u00e1gina.\u00a0Las im\u00e1genes se destinan exclusivamente a estos fines.\u00a0En casos justificados comunicamos los datos a los cuerpos y fuerzas de seguridad o los \u00f3rganos judiciales competentes.<\/p><h4><strong>Anexo.\u00a0Ubicaci\u00f3n de las c\u00e1maras de video vigilancia<\/strong><\/h4><ul><li>Edificio de la Polic\u00eda Local<\/li><li>Plaza de Can Mario<\/li><li>Vertedero Municipal<\/li><li>Edificio de Can Bech<\/li><li>Oficina de Atenci\u00f3n Ciudadana (OAC)<\/li><li>piscina Municipal<\/li><li>Sem\u00e1foro de Llofriu<\/li><li>Oficina de Turismo de Palafrugell<\/li><li>Acceso calle de Chopitea de Calella<\/li><li>Acceso calle de la Caridad<\/li><li>Acceso calle de la Concordia<\/li><li>Acceso paseo de C\u00edpsela de Llafranc<\/li><li>Faro de San Sebasti\u00e1n<\/li><\/ul>\t\t\t\t\t\t\t\t<\/div>\n\t\t\t\t<\/div>\n\t\t\t\t<div class=\"elementor-element elementor-element-b8b94b4 elementor-widget__width-initial elementor-widget elementor-widget-text-editor\" data-id=\"b8b94b4\" data-element_type=\"widget\" data-no-translation=\"\" data-widget_type=\"text-editor.default\">\n\t\t\t\t<div class=\"elementor-widget-container\">\n\t\t\t\t\t<style>.elementor-element-b8b94b4{display:none !important}<\/style>\t\t\t\t<\/div>\n\t\t\t\t<\/div>\n\t\t\t\t<div class=\"elementor-element elementor-element-8c23a1b elementor-widget__width-initial elementor-widget elementor-widget-text-editor\" data-id=\"8c23a1b\" data-element_type=\"widget\" data-no-translation=\"\" data-widget_type=\"text-editor.default\">\n\t\t\t\t<div class=\"elementor-widget-container\">\n\t\t\t\t\t<style>.elementor-element-8c23a1b{display:none !important}<\/style>\t\t\t\t<\/div>\n\t\t\t\t<\/div>\n\t\t\t\t\t<\/div>\n\t\t\t\t<\/div>\n\t\t\t\t<\/div>","protected":false},"excerpt":{"rendered":"<p>Pol\u00edtica de protecci\u00f3 de dades Aquesta \u00e9s la pol\u00edtica de protecci\u00f3 de dades de l\u2019Institut de Promoci\u00f3 Econ\u00f2mica de Palafrugell (IPEP), organisme aut\u00f2nom creat per l\u2019Ajuntament de Palafrugell. Fa refer\u00e8ncia a les dades de persones f\u00edsiques amb les que es relaciona en l\u2019exercici de les seves compet\u00e8ncies i funcions. Ateses les funcions de l\u2019IPEP alguns [&hellip;]<\/p>","protected":false},"author":1,"featured_media":0,"parent":0,"menu_order":0,"comment_status":"closed","ping_status":"closed","template":"","meta":{"footnotes":""},"class_list":["post-370","page","type-page","status-publish","hentry"],"yoast_head":"<!-- This site is optimized with the Yoast SEO Premium plugin v21.5 (Yoast SEO v26.8) - https:\/\/yoast.com\/product\/yoast-seo-premium-wordpress\/ -->\n<title>Pol\u00edtica de privacitat - Palafrugell Plus<\/title>\n<meta name=\"description\" content=\"Pol\u00edtica de privacitat\" \/>\n<meta name=\"robots\" content=\"index, follow, max-snippet:-1, max-image-preview:large, max-video-preview:-1\" \/>\n<link rel=\"canonical\" href=\"https:\/\/plus.palafrugell.cat\/es\/politica-de-privacitat\/\" \/>\n<meta property=\"og:locale\" content=\"es_ES\" \/>\n<meta property=\"og:type\" content=\"article\" \/>\n<meta property=\"og:title\" content=\"Pol\u00edtica de privacitat\" \/>\n<meta property=\"og:description\" content=\"Pol\u00edtica de privacitat\" \/>\n<meta property=\"og:url\" content=\"https:\/\/plus.palafrugell.cat\/es\/politica-de-privacitat\/\" \/>\n<meta property=\"og:site_name\" content=\"Palafrugell Plus\" \/>\n<meta property=\"article:modified_time\" content=\"2025-12-23T11:13:24+00:00\" \/>\n<meta name=\"twitter:card\" content=\"summary_large_image\" \/>\n<meta name=\"twitter:label1\" content=\"Tiempo de lectura\" \/>\n\t<meta name=\"twitter:data1\" content=\"47 minutos\" \/>\n<script type=\"application\/ld+json\" class=\"yoast-schema-graph\">{\"@context\":\"https:\/\/schema.org\",\"@graph\":[{\"@type\":\"WebPage\",\"@id\":\"https:\/\/plus.palafrugell.cat\/politica-de-privacitat\/\",\"url\":\"https:\/\/plus.palafrugell.cat\/politica-de-privacitat\/\",\"name\":\"Pol\u00edtica de privacitat - Palafrugell Plus\",\"isPartOf\":{\"@id\":\"https:\/\/plus.palafrugell.cat\/#website\"},\"datePublished\":\"2022-05-30T11:56:58+00:00\",\"dateModified\":\"2025-12-23T11:13:24+00:00\",\"description\":\"Pol\u00edtica de privacitat\",\"breadcrumb\":{\"@id\":\"https:\/\/plus.palafrugell.cat\/politica-de-privacitat\/#breadcrumb\"},\"inLanguage\":\"es\",\"potentialAction\":[{\"@type\":\"ReadAction\",\"target\":[\"https:\/\/plus.palafrugell.cat\/politica-de-privacitat\/\"]}]},{\"@type\":\"BreadcrumbList\",\"@id\":\"https:\/\/plus.palafrugell.cat\/politica-de-privacitat\/#breadcrumb\",\"itemListElement\":[{\"@type\":\"ListItem\",\"position\":1,\"name\":\"Home\",\"item\":\"https:\/\/plus.palafrugell.cat\/\"},{\"@type\":\"ListItem\",\"position\":2,\"name\":\"Pol\u00edtica de privacitat\"}]},{\"@type\":\"WebSite\",\"@id\":\"https:\/\/plus.palafrugell.cat\/#website\",\"url\":\"https:\/\/plus.palafrugell.cat\/\",\"name\":\"Palafrugell Plus\",\"description\":\"Viu experi\u00e8ncies culturals \u00faniques\",\"publisher\":{\"@id\":\"https:\/\/plus.palafrugell.cat\/#organization\"},\"potentialAction\":[{\"@type\":\"SearchAction\",\"target\":{\"@type\":\"EntryPoint\",\"urlTemplate\":\"https:\/\/plus.palafrugell.cat\/?s={search_term_string}\"},\"query-input\":{\"@type\":\"PropertyValueSpecification\",\"valueRequired\":true,\"valueName\":\"search_term_string\"}}],\"inLanguage\":\"es\"},{\"@type\":\"Organization\",\"@id\":\"https:\/\/plus.palafrugell.cat\/#organization\",\"name\":\"Palafrugell+\",\"url\":\"https:\/\/plus.palafrugell.cat\/\",\"logo\":{\"@type\":\"ImageObject\",\"inLanguage\":\"es\",\"@id\":\"https:\/\/plus.palafrugell.cat\/#\/schema\/logo\/image\/\",\"url\":\"http:\/\/plus.palafrugell.cat\/wp-content\/uploads\/2022\/05\/logo-fons-09.svg\",\"contentUrl\":\"http:\/\/plus.palafrugell.cat\/wp-content\/uploads\/2022\/05\/logo-fons-09.svg\",\"width\":1,\"height\":1,\"caption\":\"Palafrugell+\"},\"image\":{\"@id\":\"https:\/\/plus.palafrugell.cat\/#\/schema\/logo\/image\/\"}}]}<\/script>\n<!-- \/ Yoast SEO Premium plugin. -->","yoast_head_json":{"title":"Pol\u00edtica de privacitat - Palafrugell Plus","description":"Pol\u00edtica de privacitat","robots":{"index":"index","follow":"follow","max-snippet":"max-snippet:-1","max-image-preview":"max-image-preview:large","max-video-preview":"max-video-preview:-1"},"canonical":"https:\/\/plus.palafrugell.cat\/es\/politica-de-privacitat\/","og_locale":"es_ES","og_type":"article","og_title":"Pol\u00edtica de privacitat","og_description":"Pol\u00edtica de privacitat","og_url":"https:\/\/plus.palafrugell.cat\/es\/politica-de-privacitat\/","og_site_name":"Palafrugell Plus","article_modified_time":"2025-12-23T11:13:24+00:00","twitter_card":"summary_large_image","twitter_misc":{"Tiempo de lectura":"47 minutos"},"schema":{"@context":"https:\/\/schema.org","@graph":[{"@type":"WebPage","@id":"https:\/\/plus.palafrugell.cat\/politica-de-privacitat\/","url":"https:\/\/plus.palafrugell.cat\/politica-de-privacitat\/","name":"Pol\u00edtica de privacitat - Palafrugell Plus","isPartOf":{"@id":"https:\/\/plus.palafrugell.cat\/#website"},"datePublished":"2022-05-30T11:56:58+00:00","dateModified":"2025-12-23T11:13:24+00:00","description":"Pol\u00edtica de privacitat","breadcrumb":{"@id":"https:\/\/plus.palafrugell.cat\/politica-de-privacitat\/#breadcrumb"},"inLanguage":"es","potentialAction":[{"@type":"ReadAction","target":["https:\/\/plus.palafrugell.cat\/politica-de-privacitat\/"]}]},{"@type":"BreadcrumbList","@id":"https:\/\/plus.palafrugell.cat\/politica-de-privacitat\/#breadcrumb","itemListElement":[{"@type":"ListItem","position":1,"name":"Home","item":"https:\/\/plus.palafrugell.cat\/"},{"@type":"ListItem","position":2,"name":"Pol\u00edtica de privacitat"}]},{"@type":"WebSite","@id":"https:\/\/plus.palafrugell.cat\/#website","url":"https:\/\/plus.palafrugell.cat\/","name":"Palafrugell Plus","description":"Viu experi\u00e8ncies culturals \u00faniques","publisher":{"@id":"https:\/\/plus.palafrugell.cat\/#organization"},"potentialAction":[{"@type":"SearchAction","target":{"@type":"EntryPoint","urlTemplate":"https:\/\/plus.palafrugell.cat\/?s={search_term_string}"},"query-input":{"@type":"PropertyValueSpecification","valueRequired":true,"valueName":"search_term_string"}}],"inLanguage":"es"},{"@type":"Organization","@id":"https:\/\/plus.palafrugell.cat\/#organization","name":"Palafrugell+","url":"https:\/\/plus.palafrugell.cat\/","logo":{"@type":"ImageObject","inLanguage":"es","@id":"https:\/\/plus.palafrugell.cat\/#\/schema\/logo\/image\/","url":"http:\/\/plus.palafrugell.cat\/wp-content\/uploads\/2022\/05\/logo-fons-09.svg","contentUrl":"http:\/\/plus.palafrugell.cat\/wp-content\/uploads\/2022\/05\/logo-fons-09.svg","width":1,"height":1,"caption":"Palafrugell+"},"image":{"@id":"https:\/\/plus.palafrugell.cat\/#\/schema\/logo\/image\/"}}]}},"_links":{"self":[{"href":"http:\/\/plus.palafrugell.cat\/es\/wp-json\/wp\/v2\/pages\/370","targetHints":{"allow":["GET"]}}],"collection":[{"href":"http:\/\/plus.palafrugell.cat\/es\/wp-json\/wp\/v2\/pages"}],"about":[{"href":"http:\/\/plus.palafrugell.cat\/es\/wp-json\/wp\/v2\/types\/page"}],"author":[{"embeddable":true,"href":"http:\/\/plus.palafrugell.cat\/es\/wp-json\/wp\/v2\/users\/1"}],"replies":[{"embeddable":true,"href":"http:\/\/plus.palafrugell.cat\/es\/wp-json\/wp\/v2\/comments?post=370"}],"version-history":[{"count":21,"href":"http:\/\/plus.palafrugell.cat\/es\/wp-json\/wp\/v2\/pages\/370\/revisions"}],"predecessor-version":[{"id":2232,"href":"http:\/\/plus.palafrugell.cat\/es\/wp-json\/wp\/v2\/pages\/370\/revisions\/2232"}],"wp:attachment":[{"href":"http:\/\/plus.palafrugell.cat\/es\/wp-json\/wp\/v2\/media?parent=370"}],"curies":[{"name":"wp","href":"https:\/\/api.w.org\/{rel}","templated":true}]}}