{"id":374,"date":"2022-05-30T13:59:17","date_gmt":"2022-05-30T11:59:17","guid":{"rendered":"http:\/\/www.palafrugellplus.com\/?page_id=374"},"modified":"2025-12-23T12:10:40","modified_gmt":"2025-12-23T11:10:40","slug":"avis-legal","status":"publish","type":"page","link":"http:\/\/plus.palafrugell.cat\/es\/avis-legal\/","title":{"rendered":"Aviso legal"},"content":{"rendered":"<div data-elementor-type=\"wp-page\" data-elementor-id=\"374\" class=\"elementor elementor-374\" data-elementor-post-type=\"page\">\n\t\t\t\t<div class=\"elementor-element elementor-element-82089db e-flex e-con-boxed e-con e-parent\" data-id=\"82089db\" data-element_type=\"container\">\n\t\t\t\t\t<div class=\"e-con-inner\">\n\t\t\t\t<div class=\"elementor-element elementor-element-19b988d elementor-widget__width-initial elementor-widget elementor-widget-text-editor\" data-id=\"19b988d\" data-element_type=\"widget\" data-no-translation=\"\" data-widget_type=\"text-editor.default\">\n\t\t\t\t<div class=\"elementor-widget-container\">\n\t\t\t\t\t<style>.elementor-element-19b988d{display:none !important}<\/style>\t\t\t\t<\/div>\n\t\t\t\t<\/div>\n\t\t\t\t<div class=\"elementor-element elementor-element-6cd5ea8 elementor-widget__width-initial elementor-widget elementor-widget-text-editor\" data-id=\"6cd5ea8\" data-element_type=\"widget\" data-no-translation=\"\" data-widget_type=\"text-editor.default\">\n\t\t\t\t<div class=\"elementor-widget-container\">\n\t\t\t\t\t\t\t\t\t<h2><b>Aviso legal<\/b><\/h2><p>Este sitio web y su dominio corresponden al Instituto de Promoci\u00f3n Econ\u00f3mica de Palafrugell (en adelante el IPEP), con CIF P1700054H, domicilio en la calle Mayor, 1 de Palafrugell (CP 17200), tel\u00e9fono\u00a0<a href=\"tel:972 61 18 20\">972 61 18 20<\/a>\u00a0y correo electr\u00f3nico\u00a0<a href=\"mailto:ipep@palafrugell.cat\">ipep@palafrugell.cat<\/a>\u00a0.<\/p><p>La informaci\u00f3n facilitada por medio de este sitio web no sustituye la que figura en la sede electr\u00f3nica del IPEP o en los canales y plataformas de sede electr\u00f3nica adoptados por el IPEP, \u00fanica que tiene plena validez legal.<\/p><p>El IPEP no se hace responsable del contenido, exactitud y actualizaci\u00f3n de la informaci\u00f3n que proviene de otras personas que figure en el sitio web o en la que se haga remisi\u00f3n mediante enlaces u otros sistemas.<\/p><p>El sitio web y sus contenidos, incluyendo los textos, im\u00e1genes, gr\u00e1ficos, bases de datos y cualquier otro material, se ponen a disposici\u00f3n p\u00fablica con fines de informaci\u00f3n y para ofrecer servicios en el marco de las competencias y funciones propias del IPEP.\u00a0Existen derechos de propiedad intelectual sobre algunos de estos contenidos que corresponden o bien en el IPEP o terceras personas que han autorizado la utilizaci\u00f3n por este medio.<\/p><p>De forma general, y salvo que se indique lo contrario de forma expresa para casos singulares, se puede llevar a cabo la reproducci\u00f3n, distribuci\u00f3n y comunicaci\u00f3n p\u00fablica de los contenidos de este sitio web siempre que quede constancia de la procedencia.\u00a0Sin embargo, no se podr\u00e1n utilizar los contenidos para usos comerciales, ni hacer obras derivadas, sin autorizaci\u00f3n expresa del IPEP.<\/p><p>Estas condiciones rigen para los contenidos del sitio web protegidos por derechos de autor y se resumen con la licencia\u00a0<a href=\"https:\/\/creativecommons.org\/licenses\/by-nc\/4.0\/deed.ca\">Reconocimiento \u2013 No comercial 4.0 Internacional (CC BY-NC 4.0)<\/a>\u00a0de Creative Commons.<\/p><p>El escudo oficial del IPEP y los otros dise\u00f1os y logotipos que lo identifican s\u00f3lo pueden ser reproducidos y utilizados con autorizaci\u00f3n previa del IPEP, o bien cuando se trate de identificar actividades o iniciativas que cuentan con el apoyo expl\u00edcito del IPEP.\u00a0El IPEP autoriza tambi\u00e9n usos no lucrativos con fines educativos, de investigaci\u00f3n, estudio o difusi\u00f3n cultural.<\/p><p>No se autorizan presentaciones de los contenidos de este sitio en una ventana ajena (<i>framing<\/i>) sin autorizaci\u00f3n expresa y por escrito del IPEP.<\/p><p>El IPEP no se hace responsable ante los usuarios de su sitio web de los posibles da\u00f1os o perjuicios que se puedan derivar de interferencias, omisiones, interrupciones, virus inform\u00e1ticos, sobrecarga de las l\u00edneas, aver\u00edas o desconexiones cuando est\u00e9n motivadas por causas que le son ajenas.\u00a0Tampoco se hace de los da\u00f1os que puedan ser causados \u200b\u200bpor terceras personas mediante intromisiones ileg\u00edtimas fuera del control del IPEP.\u00a0Siempre que sea posible advertir\u00e1 previamente de las interrupciones en el funcionamiento de la web y de los servicios.<\/p>\t\t\t\t\t\t\t\t<\/div>\n\t\t\t\t<\/div>\n\t\t\t\t<div class=\"elementor-element elementor-element-4881faa elementor-widget__width-initial elementor-widget elementor-widget-text-editor\" data-id=\"4881faa\" data-element_type=\"widget\" data-no-translation=\"\" data-widget_type=\"text-editor.default\">\n\t\t\t\t<div class=\"elementor-widget-container\">\n\t\t\t\t\t<style>.elementor-element-4881faa{display:none !important}<\/style>\t\t\t\t<\/div>\n\t\t\t\t<\/div>\n\t\t\t\t<div class=\"elementor-element elementor-element-7ba0c7b elementor-widget__width-initial elementor-widget elementor-widget-text-editor\" data-id=\"7ba0c7b\" data-element_type=\"widget\" data-no-translation=\"\" data-widget_type=\"text-editor.default\">\n\t\t\t\t<div class=\"elementor-widget-container\">\n\t\t\t\t\t<style>.elementor-element-7ba0c7b{display:none !important}<\/style>\t\t\t\t<\/div>\n\t\t\t\t<\/div>\n\t\t\t\t\t<\/div>\n\t\t\t\t<\/div>\n\t\t\t\t<\/div>","protected":false},"excerpt":{"rendered":"<p>Av\u00eds legal Aquest lloc web i el seu domini corresponen a l\u2019Institut de Promoci\u00f3 Econ\u00f2mica de Palafrugell (en endavant l\u2019IPEP), amb CIF P1700054H, domicili al Carrer Major, 1 (Can Ros\u00e9s), de Palafrugell (CP 17200), tel\u00e8fon 972611820 i adre\u00e7a electr\u00f2nica ipep@palafrugell.cat. La informaci\u00f3 facilitada per mitj\u00e0 d\u2019aquest lloc web no substitueix la que figura a la [&hellip;]<\/p>","protected":false},"author":1,"featured_media":0,"parent":0,"menu_order":0,"comment_status":"closed","ping_status":"closed","template":"","meta":{"footnotes":""},"class_list":["post-374","page","type-page","status-publish","hentry"],"yoast_head":"<!-- This site is optimized with the Yoast SEO Premium plugin v21.5 (Yoast SEO v26.8) - https:\/\/yoast.com\/product\/yoast-seo-premium-wordpress\/ -->\n<title>Av\u00eds legal - Palafrugell Plus<\/title>\n<meta name=\"description\" content=\"Av\u00eds legal\" \/>\n<meta name=\"robots\" content=\"index, follow, max-snippet:-1, max-image-preview:large, max-video-preview:-1\" \/>\n<link rel=\"canonical\" href=\"https:\/\/plus.palafrugell.cat\/es\/avis-legal\/\" \/>\n<meta property=\"og:locale\" content=\"es_ES\" \/>\n<meta property=\"og:type\" content=\"article\" \/>\n<meta property=\"og:title\" content=\"Av\u00eds legal\" \/>\n<meta property=\"og:description\" content=\"Av\u00eds legal\" \/>\n<meta property=\"og:url\" content=\"https:\/\/plus.palafrugell.cat\/es\/avis-legal\/\" \/>\n<meta property=\"og:site_name\" content=\"Palafrugell Plus\" \/>\n<meta property=\"article:modified_time\" content=\"2025-12-23T11:10:40+00:00\" \/>\n<meta name=\"twitter:card\" content=\"summary_large_image\" \/>\n<meta name=\"twitter:label1\" content=\"Tiempo de lectura\" \/>\n\t<meta name=\"twitter:data1\" content=\"9 minutos\" \/>\n<script type=\"application\/ld+json\" class=\"yoast-schema-graph\">{\"@context\":\"https:\/\/schema.org\",\"@graph\":[{\"@type\":\"WebPage\",\"@id\":\"https:\/\/plus.palafrugell.cat\/avis-legal\/\",\"url\":\"https:\/\/plus.palafrugell.cat\/avis-legal\/\",\"name\":\"Av\u00eds legal - Palafrugell Plus\",\"isPartOf\":{\"@id\":\"https:\/\/plus.palafrugell.cat\/#website\"},\"datePublished\":\"2022-05-30T11:59:17+00:00\",\"dateModified\":\"2025-12-23T11:10:40+00:00\",\"description\":\"Av\u00eds legal\",\"breadcrumb\":{\"@id\":\"https:\/\/plus.palafrugell.cat\/avis-legal\/#breadcrumb\"},\"inLanguage\":\"es\",\"potentialAction\":[{\"@type\":\"ReadAction\",\"target\":[\"https:\/\/plus.palafrugell.cat\/avis-legal\/\"]}]},{\"@type\":\"BreadcrumbList\",\"@id\":\"https:\/\/plus.palafrugell.cat\/avis-legal\/#breadcrumb\",\"itemListElement\":[{\"@type\":\"ListItem\",\"position\":1,\"name\":\"Home\",\"item\":\"https:\/\/plus.palafrugell.cat\/\"},{\"@type\":\"ListItem\",\"position\":2,\"name\":\"Av\u00eds legal\"}]},{\"@type\":\"WebSite\",\"@id\":\"https:\/\/plus.palafrugell.cat\/#website\",\"url\":\"https:\/\/plus.palafrugell.cat\/\",\"name\":\"Palafrugell Plus\",\"description\":\"Viu experi\u00e8ncies culturals \u00faniques\",\"publisher\":{\"@id\":\"https:\/\/plus.palafrugell.cat\/#organization\"},\"potentialAction\":[{\"@type\":\"SearchAction\",\"target\":{\"@type\":\"EntryPoint\",\"urlTemplate\":\"https:\/\/plus.palafrugell.cat\/?s={search_term_string}\"},\"query-input\":{\"@type\":\"PropertyValueSpecification\",\"valueRequired\":true,\"valueName\":\"search_term_string\"}}],\"inLanguage\":\"es\"},{\"@type\":\"Organization\",\"@id\":\"https:\/\/plus.palafrugell.cat\/#organization\",\"name\":\"Palafrugell+\",\"url\":\"https:\/\/plus.palafrugell.cat\/\",\"logo\":{\"@type\":\"ImageObject\",\"inLanguage\":\"es\",\"@id\":\"https:\/\/plus.palafrugell.cat\/#\/schema\/logo\/image\/\",\"url\":\"http:\/\/plus.palafrugell.cat\/wp-content\/uploads\/2022\/05\/logo-fons-09.svg\",\"contentUrl\":\"http:\/\/plus.palafrugell.cat\/wp-content\/uploads\/2022\/05\/logo-fons-09.svg\",\"width\":1,\"height\":1,\"caption\":\"Palafrugell+\"},\"image\":{\"@id\":\"https:\/\/plus.palafrugell.cat\/#\/schema\/logo\/image\/\"}}]}<\/script>\n<!-- \/ Yoast SEO Premium plugin. -->","yoast_head_json":{"title":"Av\u00eds legal - Palafrugell Plus","description":"Av\u00eds legal","robots":{"index":"index","follow":"follow","max-snippet":"max-snippet:-1","max-image-preview":"max-image-preview:large","max-video-preview":"max-video-preview:-1"},"canonical":"https:\/\/plus.palafrugell.cat\/es\/avis-legal\/","og_locale":"es_ES","og_type":"article","og_title":"Av\u00eds legal","og_description":"Av\u00eds legal","og_url":"https:\/\/plus.palafrugell.cat\/es\/avis-legal\/","og_site_name":"Palafrugell Plus","article_modified_time":"2025-12-23T11:10:40+00:00","twitter_card":"summary_large_image","twitter_misc":{"Tiempo de lectura":"9 minutos"},"schema":{"@context":"https:\/\/schema.org","@graph":[{"@type":"WebPage","@id":"https:\/\/plus.palafrugell.cat\/avis-legal\/","url":"https:\/\/plus.palafrugell.cat\/avis-legal\/","name":"Av\u00eds legal - Palafrugell Plus","isPartOf":{"@id":"https:\/\/plus.palafrugell.cat\/#website"},"datePublished":"2022-05-30T11:59:17+00:00","dateModified":"2025-12-23T11:10:40+00:00","description":"Av\u00eds legal","breadcrumb":{"@id":"https:\/\/plus.palafrugell.cat\/avis-legal\/#breadcrumb"},"inLanguage":"es","potentialAction":[{"@type":"ReadAction","target":["https:\/\/plus.palafrugell.cat\/avis-legal\/"]}]},{"@type":"BreadcrumbList","@id":"https:\/\/plus.palafrugell.cat\/avis-legal\/#breadcrumb","itemListElement":[{"@type":"ListItem","position":1,"name":"Home","item":"https:\/\/plus.palafrugell.cat\/"},{"@type":"ListItem","position":2,"name":"Av\u00eds legal"}]},{"@type":"WebSite","@id":"https:\/\/plus.palafrugell.cat\/#website","url":"https:\/\/plus.palafrugell.cat\/","name":"Palafrugell Plus","description":"Viu experi\u00e8ncies culturals \u00faniques","publisher":{"@id":"https:\/\/plus.palafrugell.cat\/#organization"},"potentialAction":[{"@type":"SearchAction","target":{"@type":"EntryPoint","urlTemplate":"https:\/\/plus.palafrugell.cat\/?s={search_term_string}"},"query-input":{"@type":"PropertyValueSpecification","valueRequired":true,"valueName":"search_term_string"}}],"inLanguage":"es"},{"@type":"Organization","@id":"https:\/\/plus.palafrugell.cat\/#organization","name":"Palafrugell+","url":"https:\/\/plus.palafrugell.cat\/","logo":{"@type":"ImageObject","inLanguage":"es","@id":"https:\/\/plus.palafrugell.cat\/#\/schema\/logo\/image\/","url":"http:\/\/plus.palafrugell.cat\/wp-content\/uploads\/2022\/05\/logo-fons-09.svg","contentUrl":"http:\/\/plus.palafrugell.cat\/wp-content\/uploads\/2022\/05\/logo-fons-09.svg","width":1,"height":1,"caption":"Palafrugell+"},"image":{"@id":"https:\/\/plus.palafrugell.cat\/#\/schema\/logo\/image\/"}}]}},"_links":{"self":[{"href":"http:\/\/plus.palafrugell.cat\/es\/wp-json\/wp\/v2\/pages\/374","targetHints":{"allow":["GET"]}}],"collection":[{"href":"http:\/\/plus.palafrugell.cat\/es\/wp-json\/wp\/v2\/pages"}],"about":[{"href":"http:\/\/plus.palafrugell.cat\/es\/wp-json\/wp\/v2\/types\/page"}],"author":[{"embeddable":true,"href":"http:\/\/plus.palafrugell.cat\/es\/wp-json\/wp\/v2\/users\/1"}],"replies":[{"embeddable":true,"href":"http:\/\/plus.palafrugell.cat\/es\/wp-json\/wp\/v2\/comments?post=374"}],"version-history":[{"count":12,"href":"http:\/\/plus.palafrugell.cat\/es\/wp-json\/wp\/v2\/pages\/374\/revisions"}],"predecessor-version":[{"id":2229,"href":"http:\/\/plus.palafrugell.cat\/es\/wp-json\/wp\/v2\/pages\/374\/revisions\/2229"}],"wp:attachment":[{"href":"http:\/\/plus.palafrugell.cat\/es\/wp-json\/wp\/v2\/media?parent=374"}],"curies":[{"name":"wp","href":"https:\/\/api.w.org\/{rel}","templated":true}]}}