{"id":381,"date":"2022-05-30T14:01:39","date_gmt":"2022-05-30T12:01:39","guid":{"rendered":"http:\/\/www.palafrugellplus.com\/?page_id=381"},"modified":"2025-12-23T12:15:39","modified_gmt":"2025-12-23T11:15:39","slug":"politica-de-cookies","status":"publish","type":"page","link":"http:\/\/plus.palafrugell.cat\/es\/politica-de-cookies\/","title":{"rendered":"Pol\u00edtica de cookies"},"content":{"rendered":"<div data-elementor-type=\"wp-page\" data-elementor-id=\"381\" class=\"elementor elementor-381\" data-elementor-post-type=\"page\">\n\t\t\t\t<div class=\"elementor-element elementor-element-0f01814 e-flex e-con-boxed e-con e-parent\" data-id=\"0f01814\" data-element_type=\"container\">\n\t\t\t\t\t<div class=\"e-con-inner\">\n\t\t\t\t<div class=\"elementor-element elementor-element-54a48c1 elementor-widget__width-initial elementor-widget elementor-widget-text-editor\" data-id=\"54a48c1\" data-element_type=\"widget\" data-no-translation=\"\" data-widget_type=\"text-editor.default\">\n\t\t\t\t<div class=\"elementor-widget-container\">\n\t\t\t\t\t<style>.elementor-element-54a48c1{display:none !important}<\/style>\t\t\t\t<\/div>\n\t\t\t\t<\/div>\n\t\t\t\t<div class=\"elementor-element elementor-element-c9beef2 elementor-widget__width-initial elementor-widget elementor-widget-text-editor\" data-id=\"c9beef2\" data-element_type=\"widget\" data-no-translation=\"\" data-widget_type=\"text-editor.default\">\n\t\t\t\t<div class=\"elementor-widget-container\">\n\t\t\t\t\t\t\t\t\t<h2><strong>Pol\u00edtica de cookies<\/strong><\/h2><p>El Instituto de Promoci\u00f3n Econ\u00f3mica de Palafrugell informa que este sitio web utiliza galletas (\u00a0<i>cookies<\/i>\u00a0) que permiten hacer m\u00e1s c\u00f3moda y r\u00e1pida la comunicaci\u00f3n que se establece entre el usuario y el sitio web.\u00a0La vigencia de estas galletas se limita a la necesaria para conseguir estos objetivos.\u00a0El usuario tiene la posibilidad de configurar su navegador de Internet para obtener un mejor conocimiento y control de las galletas.\u00a0El usuario ha sido informado previamente de su instalaci\u00f3n.<\/p><p>Las\u00a0<i>cookies<\/i>\u00a0o galletas son unos peque\u00f1os archivos de texto que se instalan los equipos desde los que se accede a nuestro sitio web.\u00a0Pueden guardar la identificaci\u00f3n del usuario que visita la web y los sitios por los que navega.\u00a0Cuando el usuario (vosotros en este caso) nos vuelve a visitar se leen las\u00a0<i>cookies<\/i>\u00a0para identificarlo y restablecer sus preferencias y configuraci\u00f3n de navegaci\u00f3n.\u00a0Si un usuario no autoriza el uso de las\u00a0<i>cookies<\/i>\u00a0algunos servicios o funcionalidades del sitio web podr\u00edan no estar disponibles.<\/p><p>Queremos que este sitio ofrezca un buen servicio y que sea f\u00e1cil de usar.\u00a0En este sentido utilizamos\u00a0<i>cookies<\/i>\u00a0de Google Analytics.\u00a0Esto nos permite:<\/p><ul><li>Analizar estad\u00edsticamente la informaci\u00f3n a la que acceden los usuarios de nuestro sitio.\u00a0Los datos recopilados pueden incluir la actividad del navegador del usuario cuando nos visita, la ruta que siguen los usuarios en nuestro sitio, informaci\u00f3n del proveedor de servicios de Internet del visitante, el n\u00famero de veces que los usuarios acceden al sitio y el comportamiento de los usuarios en nuestro sitio (p\u00e1ginas que ha visitado, formularios que se han completado y similares).<\/li><li>Identificar los usuarios que nos visitan desde la invitaci\u00f3n de un sitio web asociado o de un enlace patrocinado.<\/li><\/ul><p>Puede obtener m\u00e1s informaci\u00f3n sobre Google Analytics a\u00a0<a href=\"https:\/\/www.google.com\/analytics\">www.google.com\/analytics<\/a>\u00a0.\u00a0Para controlar la recopilaci\u00f3n de datos con fines anal\u00edticos por parte de Google Analytics, puede ir a\u00a0<a href=\"https:\/\/tools.google.com\/dlpage\/gaoptout?hl=en\">https:\/\/tools.google.com\/dlpage\/gaoptout?hl=en<\/a>\u00a0.<\/p><p>Puede revocar el consentimiento a la utilizaci\u00f3n de\u00a0<i>cookies<\/i>\u00a0elimin\u00e1ndolas por medio de las opciones que le ofrece su navegador.<\/p><p>Si desea recibir informaci\u00f3n adicional sobre la actividad de las empresas de publicidad en Internet y sobre c\u00f3mo eliminar sus datos de los registros de estas empresas, le recomendamos la visita de\u00a0<a href=\"https:\/\/www.networkadvertising.org\/\">www.networkadvertising.org<\/a>\u00a0.<\/p><p>Puede configurar su navegador para que le informe previamente de la posible instalaci\u00f3n de\u00a0<i>cookies<\/i>\u00a0.\u00a0Tambi\u00e9n podr\u00e1 optar para que se supriman autom\u00e1ticamente una vez se cierre el navegador, equipo o dispositivo.\u00a0Puede encontrar informaci\u00f3n sobre c\u00f3mo hacerlo en:<\/p><ul><li>Para Google Chrome a\u00a0<a href=\"https:\/\/support.google.com\/chrome\/answer\/95647?hl=es\">https:\/\/support.google.com\/chrome\/answer\/95647?hl=es<\/a><\/li><li>Para Microsoft Edge a\u00a0<a href=\"https:\/\/privacy.microsoft.com\/es-es\/windows-10-microsoft-edge-and-privacy\">https:\/\/privacy.microsoft.com\/es-es\/windows-10-microsoft-edge-and-privacy<\/a><\/li><li>Para Microsoft Internet Explorer a\u00a0<a href=\"https:\/\/support.microsoft.com\/es-es\/help\/17442\/windows-internet-explorer-delete-manage-cookies\">https:\/\/support.microsoft.com\/es-es\/help\/17442\/windows-internet-explorer-delete-manage-cookies<\/a><\/li><li>Para Mozilla Firefox a\u00a0<a href=\"https:\/\/support.mozilla.org\/ca\/kb\/Galetes\">https:\/\/support.mozilla.org\/ca\/kb\/Galetes<\/a><\/li><li>Para Opera a\u00a0<a href=\"https:\/\/www.opera.com\/help\/tutorials\/security\/cookies\">https:\/\/www.opera.com\/help\/tutorials\/security\/cookies<\/a><\/li><li>Para Apple Safari (MacOS y Windows) a\u00a0<a href=\"https:\/\/support.apple.com\/kb\/ph21411?locale=es_ES\">https:\/\/support.apple.com\/kb\/ph21411?locale=es_ES<\/a><\/li><li>Para Apple Safari (iOS) a\u00a0<a href=\"https:\/\/support.apple.com\/es-es\/HT201265\">https:\/\/support.apple.com\/es-es\/HT201265<\/a><\/li><\/ul>\t\t\t\t\t\t\t\t<\/div>\n\t\t\t\t<\/div>\n\t\t\t\t<div class=\"elementor-element elementor-element-634973f elementor-widget__width-initial elementor-widget elementor-widget-text-editor\" data-id=\"634973f\" data-element_type=\"widget\" data-no-translation=\"\" data-widget_type=\"text-editor.default\">\n\t\t\t\t<div class=\"elementor-widget-container\">\n\t\t\t\t\t<style>.elementor-element-634973f{display:none !important}<\/style>\t\t\t\t<\/div>\n\t\t\t\t<\/div>\n\t\t\t\t<div class=\"elementor-element elementor-element-dd2f58e elementor-widget__width-initial elementor-widget elementor-widget-text-editor\" data-id=\"dd2f58e\" data-element_type=\"widget\" data-no-translation=\"\" data-widget_type=\"text-editor.default\">\n\t\t\t\t<div class=\"elementor-widget-container\">\n\t\t\t\t\t<style>.elementor-element-dd2f58e{display:none !important}<\/style>\t\t\t\t<\/div>\n\t\t\t\t<\/div>\n\t\t\t\t\t<\/div>\n\t\t\t\t<\/div>\n\t\t\t\t<\/div>","protected":false},"excerpt":{"rendered":"<p>Pol\u00edtica de cookies La vig\u00e8ncia d\u2019aquestes galetes es limita a la necess\u00e0ria per aconseguir aquests objectius. L\u2019usuari t\u00e9 la possibilitat de configurar el seu navegador d\u2019Internet per a obtenir un millor coneixement i control de les galetes. L\u2019usuari ha estat informat pr\u00e8viament de la seva instal\u00b7laci\u00f3. Les\u00a0cookies\u00a0o galetes s\u00f3n uns petits arxius de text que [&hellip;]<\/p>","protected":false},"author":1,"featured_media":0,"parent":0,"menu_order":0,"comment_status":"closed","ping_status":"closed","template":"","meta":{"footnotes":""},"class_list":["post-381","page","type-page","status-publish","hentry"],"yoast_head":"<!-- This site is optimized with the Yoast SEO Premium plugin v21.5 (Yoast SEO v26.8) - https:\/\/yoast.com\/product\/yoast-seo-premium-wordpress\/ -->\n<title>Pol\u00edtica de cookies - Palafrugell Plus<\/title>\n<meta name=\"description\" content=\"Pol\u00edtica de cookies\" \/>\n<meta name=\"robots\" content=\"index, follow, max-snippet:-1, max-image-preview:large, max-video-preview:-1\" \/>\n<link rel=\"canonical\" href=\"https:\/\/plus.palafrugell.cat\/es\/politica-de-cookies\/\" \/>\n<meta property=\"og:locale\" content=\"es_ES\" \/>\n<meta property=\"og:type\" content=\"article\" \/>\n<meta property=\"og:title\" content=\"Pol\u00edtica de cookies\" \/>\n<meta property=\"og:description\" content=\"Pol\u00edtica de cookies\" \/>\n<meta property=\"og:url\" content=\"https:\/\/plus.palafrugell.cat\/es\/politica-de-cookies\/\" \/>\n<meta property=\"og:site_name\" content=\"Palafrugell Plus\" \/>\n<meta property=\"article:modified_time\" content=\"2025-12-23T11:15:39+00:00\" \/>\n<meta name=\"twitter:card\" content=\"summary_large_image\" \/>\n<meta name=\"twitter:label1\" content=\"Tiempo de lectura\" \/>\n\t<meta name=\"twitter:data1\" content=\"10 minutos\" \/>\n<script type=\"application\/ld+json\" class=\"yoast-schema-graph\">{\"@context\":\"https:\/\/schema.org\",\"@graph\":[{\"@type\":\"WebPage\",\"@id\":\"https:\/\/plus.palafrugell.cat\/politica-de-cookies\/\",\"url\":\"https:\/\/plus.palafrugell.cat\/politica-de-cookies\/\",\"name\":\"Pol\u00edtica de cookies - Palafrugell Plus\",\"isPartOf\":{\"@id\":\"https:\/\/plus.palafrugell.cat\/#website\"},\"datePublished\":\"2022-05-30T12:01:39+00:00\",\"dateModified\":\"2025-12-23T11:15:39+00:00\",\"description\":\"Pol\u00edtica de cookies\",\"breadcrumb\":{\"@id\":\"https:\/\/plus.palafrugell.cat\/politica-de-cookies\/#breadcrumb\"},\"inLanguage\":\"es\",\"potentialAction\":[{\"@type\":\"ReadAction\",\"target\":[\"https:\/\/plus.palafrugell.cat\/politica-de-cookies\/\"]}]},{\"@type\":\"BreadcrumbList\",\"@id\":\"https:\/\/plus.palafrugell.cat\/politica-de-cookies\/#breadcrumb\",\"itemListElement\":[{\"@type\":\"ListItem\",\"position\":1,\"name\":\"Home\",\"item\":\"https:\/\/plus.palafrugell.cat\/\"},{\"@type\":\"ListItem\",\"position\":2,\"name\":\"Pol\u00edtica de cookies\"}]},{\"@type\":\"WebSite\",\"@id\":\"https:\/\/plus.palafrugell.cat\/#website\",\"url\":\"https:\/\/plus.palafrugell.cat\/\",\"name\":\"Palafrugell Plus\",\"description\":\"Viu experi\u00e8ncies culturals \u00faniques\",\"publisher\":{\"@id\":\"https:\/\/plus.palafrugell.cat\/#organization\"},\"potentialAction\":[{\"@type\":\"SearchAction\",\"target\":{\"@type\":\"EntryPoint\",\"urlTemplate\":\"https:\/\/plus.palafrugell.cat\/?s={search_term_string}\"},\"query-input\":{\"@type\":\"PropertyValueSpecification\",\"valueRequired\":true,\"valueName\":\"search_term_string\"}}],\"inLanguage\":\"es\"},{\"@type\":\"Organization\",\"@id\":\"https:\/\/plus.palafrugell.cat\/#organization\",\"name\":\"Palafrugell+\",\"url\":\"https:\/\/plus.palafrugell.cat\/\",\"logo\":{\"@type\":\"ImageObject\",\"inLanguage\":\"es\",\"@id\":\"https:\/\/plus.palafrugell.cat\/#\/schema\/logo\/image\/\",\"url\":\"http:\/\/plus.palafrugell.cat\/wp-content\/uploads\/2022\/05\/logo-fons-09.svg\",\"contentUrl\":\"http:\/\/plus.palafrugell.cat\/wp-content\/uploads\/2022\/05\/logo-fons-09.svg\",\"width\":1,\"height\":1,\"caption\":\"Palafrugell+\"},\"image\":{\"@id\":\"https:\/\/plus.palafrugell.cat\/#\/schema\/logo\/image\/\"}}]}<\/script>\n<!-- \/ Yoast SEO Premium plugin. -->","yoast_head_json":{"title":"Pol\u00edtica de cookies - Palafrugell Plus","description":"Pol\u00edtica de cookies","robots":{"index":"index","follow":"follow","max-snippet":"max-snippet:-1","max-image-preview":"max-image-preview:large","max-video-preview":"max-video-preview:-1"},"canonical":"https:\/\/plus.palafrugell.cat\/es\/politica-de-cookies\/","og_locale":"es_ES","og_type":"article","og_title":"Pol\u00edtica de cookies","og_description":"Pol\u00edtica de cookies","og_url":"https:\/\/plus.palafrugell.cat\/es\/politica-de-cookies\/","og_site_name":"Palafrugell Plus","article_modified_time":"2025-12-23T11:15:39+00:00","twitter_card":"summary_large_image","twitter_misc":{"Tiempo de lectura":"10 minutos"},"schema":{"@context":"https:\/\/schema.org","@graph":[{"@type":"WebPage","@id":"https:\/\/plus.palafrugell.cat\/politica-de-cookies\/","url":"https:\/\/plus.palafrugell.cat\/politica-de-cookies\/","name":"Pol\u00edtica de cookies - Palafrugell Plus","isPartOf":{"@id":"https:\/\/plus.palafrugell.cat\/#website"},"datePublished":"2022-05-30T12:01:39+00:00","dateModified":"2025-12-23T11:15:39+00:00","description":"Pol\u00edtica de cookies","breadcrumb":{"@id":"https:\/\/plus.palafrugell.cat\/politica-de-cookies\/#breadcrumb"},"inLanguage":"es","potentialAction":[{"@type":"ReadAction","target":["https:\/\/plus.palafrugell.cat\/politica-de-cookies\/"]}]},{"@type":"BreadcrumbList","@id":"https:\/\/plus.palafrugell.cat\/politica-de-cookies\/#breadcrumb","itemListElement":[{"@type":"ListItem","position":1,"name":"Home","item":"https:\/\/plus.palafrugell.cat\/"},{"@type":"ListItem","position":2,"name":"Pol\u00edtica de cookies"}]},{"@type":"WebSite","@id":"https:\/\/plus.palafrugell.cat\/#website","url":"https:\/\/plus.palafrugell.cat\/","name":"Palafrugell Plus","description":"Viu experi\u00e8ncies culturals \u00faniques","publisher":{"@id":"https:\/\/plus.palafrugell.cat\/#organization"},"potentialAction":[{"@type":"SearchAction","target":{"@type":"EntryPoint","urlTemplate":"https:\/\/plus.palafrugell.cat\/?s={search_term_string}"},"query-input":{"@type":"PropertyValueSpecification","valueRequired":true,"valueName":"search_term_string"}}],"inLanguage":"es"},{"@type":"Organization","@id":"https:\/\/plus.palafrugell.cat\/#organization","name":"Palafrugell+","url":"https:\/\/plus.palafrugell.cat\/","logo":{"@type":"ImageObject","inLanguage":"es","@id":"https:\/\/plus.palafrugell.cat\/#\/schema\/logo\/image\/","url":"http:\/\/plus.palafrugell.cat\/wp-content\/uploads\/2022\/05\/logo-fons-09.svg","contentUrl":"http:\/\/plus.palafrugell.cat\/wp-content\/uploads\/2022\/05\/logo-fons-09.svg","width":1,"height":1,"caption":"Palafrugell+"},"image":{"@id":"https:\/\/plus.palafrugell.cat\/#\/schema\/logo\/image\/"}}]}},"_links":{"self":[{"href":"http:\/\/plus.palafrugell.cat\/es\/wp-json\/wp\/v2\/pages\/381","targetHints":{"allow":["GET"]}}],"collection":[{"href":"http:\/\/plus.palafrugell.cat\/es\/wp-json\/wp\/v2\/pages"}],"about":[{"href":"http:\/\/plus.palafrugell.cat\/es\/wp-json\/wp\/v2\/types\/page"}],"author":[{"embeddable":true,"href":"http:\/\/plus.palafrugell.cat\/es\/wp-json\/wp\/v2\/users\/1"}],"replies":[{"embeddable":true,"href":"http:\/\/plus.palafrugell.cat\/es\/wp-json\/wp\/v2\/comments?post=381"}],"version-history":[{"count":9,"href":"http:\/\/plus.palafrugell.cat\/es\/wp-json\/wp\/v2\/pages\/381\/revisions"}],"predecessor-version":[{"id":2235,"href":"http:\/\/plus.palafrugell.cat\/es\/wp-json\/wp\/v2\/pages\/381\/revisions\/2235"}],"wp:attachment":[{"href":"http:\/\/plus.palafrugell.cat\/es\/wp-json\/wp\/v2\/media?parent=381"}],"curies":[{"name":"wp","href":"https:\/\/api.w.org\/{rel}","templated":true}]}}