{"id":374,"date":"2022-05-30T13:59:17","date_gmt":"2022-05-30T11:59:17","guid":{"rendered":"http:\/\/www.palafrugellplus.com\/?page_id=374"},"modified":"2025-12-23T12:10:40","modified_gmt":"2025-12-23T11:10:40","slug":"avis-legal","status":"publish","type":"page","link":"http:\/\/plus.palafrugell.cat\/fr\/avis-legal\/","title":{"rendered":"Avertissement l\u00e9gal"},"content":{"rendered":"<div data-elementor-type=\"wp-page\" data-elementor-id=\"374\" class=\"elementor elementor-374\" data-elementor-post-type=\"page\">\n\t\t\t\t<div class=\"elementor-element elementor-element-82089db e-flex e-con-boxed e-con e-parent\" data-id=\"82089db\" data-element_type=\"container\">\n\t\t\t\t\t<div class=\"e-con-inner\">\n\t\t\t\t<div class=\"elementor-element elementor-element-19b988d elementor-widget__width-initial elementor-widget elementor-widget-text-editor\" data-id=\"19b988d\" data-element_type=\"widget\" data-no-translation=\"\" data-widget_type=\"text-editor.default\">\n\t\t\t\t<div class=\"elementor-widget-container\">\n\t\t\t\t\t<style>.elementor-element-19b988d{display:none !important}<\/style>\t\t\t\t<\/div>\n\t\t\t\t<\/div>\n\t\t\t\t<div class=\"elementor-element elementor-element-6cd5ea8 elementor-widget__width-initial elementor-widget elementor-widget-text-editor\" data-id=\"6cd5ea8\" data-element_type=\"widget\" data-no-translation=\"\" data-widget_type=\"text-editor.default\">\n\t\t\t\t<div class=\"elementor-widget-container\">\n\t\t\t\t\t<style>.elementor-element-6cd5ea8{display:none !important}<\/style>\t\t\t\t<\/div>\n\t\t\t\t<\/div>\n\t\t\t\t<div class=\"elementor-element elementor-element-4881faa elementor-widget__width-initial elementor-widget elementor-widget-text-editor\" data-id=\"4881faa\" data-element_type=\"widget\" data-no-translation=\"\" data-widget_type=\"text-editor.default\">\n\t\t\t\t<div class=\"elementor-widget-container\">\n\t\t\t\t\t<style>.elementor-element-4881faa{display:none !important}<\/style>\t\t\t\t<\/div>\n\t\t\t\t<\/div>\n\t\t\t\t<div class=\"elementor-element elementor-element-7ba0c7b elementor-widget__width-initial elementor-widget elementor-widget-text-editor\" data-id=\"7ba0c7b\" data-element_type=\"widget\" data-no-translation=\"\" data-widget_type=\"text-editor.default\">\n\t\t\t\t<div class=\"elementor-widget-container\">\n\t\t\t\t\t\t\t\t\t<h2><b>D\u00e9n\u00e9gation<\/b><\/h2><p>Ce site et son domaine correspondent \u00e0 l\u2019Institut de Promotion \u00c9conomique de Palafrugell (l\u2019IPEP apr\u00e8s), avec CIF P1700054H, domicili\u00e9s dans la rue Major, 1 (Can Ros\u00e9s), Palafrugell (CP 17200), t\u00e9l\u00e9phone 972611820 et e-mail: <a href=\"mailto:ipep@palafrugell.cat\">ipep@palafrugell.cat<\/a>.<\/p><p>Les informations fournies sur ce site ne remplace pas contenue dans l\u2019IPEP \u00e9lectronique ou les canaux et plates-formes \u00e9lectroniques adopt\u00e9es par l\u2019IPEP, un seul a aussi parfaitement l\u00e9gale.<\/p><p>L\u2019IPEP n\u2019est pas responsable du contenu, l\u2019exactitude et la mise \u00e0 jour des informations provenant d\u2019autres personnes qui apparaissent sur le site ou en r\u00e9mission est fait par des liens ou d\u2019autres syst\u00e8mes.<\/p><p>Le site et son contenu, y compris les textes, images, graphiques, bases de donn\u00e9es et d\u2019autres documents mis \u00e0 la disposition du public \u00e0 des fins d\u2019information et de fournir des services dans le cadre des pouvoirs et fonctions l\u2019IPEP.\u00a0Il y a des droits de propri\u00e9t\u00e9 intellectuelle de ces contenus qui correspondent soit au l\u2019IPEP ou \u00e0 des tiers ayant autoris\u00e9 l\u2019utilisation de ce milieu.<\/p><p>En g\u00e9n\u00e9ral, et sauf indication contraire explicite pour les cas individuels, il peut mener \u00e0 la reproduction, la distribution et la communication publique du contenu de ce site \u00e0 condition qu\u2019il existe des preuves d\u2019origine.\u00a0Cependant, le contenu ne peut pas \u00eatre utilis\u00e9 \u00e0 des fins commerciales, ou cr\u00e9er des \u0153uvres d\u00e9riv\u00e9es sans l\u2019autorisation du l\u2019IPEP.<\/p><p>Ces conditions sont\u00a0applicables au contenu du site sont prot\u00e9g\u00e9s par le\u00a0droit d\u2019auteur et la licence r\u00e9sume\u00a0<a href=\"https:\/\/creativecommons.org\/licenses\/by-nc\/4.0\/deed.ca\">Attribution \u2013 Pas d\u2019\u00a0Utilisation Commerciale 4.0 International (CC BY-NC 4.0)<\/a>\u00a0Creative Commons.<\/p><p>Le sceau officiel du l\u2019IPEP et d\u2019autres conceptions et les logos qui IDENTIFIER ne peut \u00eatre reproduite et utilis\u00e9e avec la permission de l\u2019IPEP, ou lorsqu\u2019ils tentent d\u2019identifier les activit\u00e9s et les initiatives qui ont le soutien explicite du l\u2019IPEP.\u00a0L\u2019IPEP autorise \u00e9galement utiliser des fins \u00e9ducatives sans but lucratif, recherche, \u00e9tude ou diffusion culturelle.<\/p><p>Non autoris\u00e9 Le contenu de ce site dans une fen\u00eatre ext\u00e9rieure (<i>cadrage<\/i>) sans l\u2019autorisation \u00e9crite expresse du l\u2019IPEP.<\/p><p>L\u2019IPEP ne r\u00e9pond pas aux utilisateurs de votre site Web de tout dommage pouvant r\u00e9sulter des interf\u00e9rences, omissions, interruptions, virus informatiques, lignes a\u00e9riennes, lorsque des pannes ou d\u00e9connexions caus\u00e9es par des \u00e9v\u00e9nements qui sont autres.\u00a0Ni est-il de tout dommage caus\u00e9 par des tiers par ill\u00e9gales \u00e9chappant au contr\u00f4le du l\u2019IPEP.\u00a0Autant que possible, un pr\u00e9avis avant toute interruption dans le fonctionnement du site et de ses services.<\/p>\t\t\t\t\t\t\t\t<\/div>\n\t\t\t\t<\/div>\n\t\t\t\t\t<\/div>\n\t\t\t\t<\/div>\n\t\t\t\t<\/div>","protected":false},"excerpt":{"rendered":"<p>Av\u00eds legal Aquest lloc web i el seu domini corresponen a l\u2019Institut de Promoci\u00f3 Econ\u00f2mica de Palafrugell (en endavant l\u2019IPEP), amb CIF P1700054H, domicili al Carrer Major, 1 (Can Ros\u00e9s), de Palafrugell (CP 17200), tel\u00e8fon 972611820 i adre\u00e7a electr\u00f2nica ipep@palafrugell.cat. La informaci\u00f3 facilitada per mitj\u00e0 d\u2019aquest lloc web no substitueix la que figura a la [&hellip;]<\/p>","protected":false},"author":1,"featured_media":0,"parent":0,"menu_order":0,"comment_status":"closed","ping_status":"closed","template":"","meta":{"footnotes":""},"class_list":["post-374","page","type-page","status-publish","hentry"],"yoast_head":"<!-- This site is optimized with the Yoast SEO Premium plugin v21.5 (Yoast SEO v26.8) - https:\/\/yoast.com\/product\/yoast-seo-premium-wordpress\/ -->\n<title>Av\u00eds legal - Palafrugell Plus<\/title>\n<meta name=\"description\" content=\"Av\u00eds legal\" \/>\n<meta name=\"robots\" content=\"index, follow, max-snippet:-1, max-image-preview:large, max-video-preview:-1\" \/>\n<link rel=\"canonical\" href=\"https:\/\/plus.palafrugell.cat\/fr\/avis-legal\/\" \/>\n<meta property=\"og:locale\" content=\"fr_FR\" \/>\n<meta property=\"og:type\" content=\"article\" \/>\n<meta property=\"og:title\" content=\"Av\u00eds legal\" \/>\n<meta property=\"og:description\" content=\"Av\u00eds legal\" \/>\n<meta property=\"og:url\" content=\"https:\/\/plus.palafrugell.cat\/fr\/avis-legal\/\" \/>\n<meta property=\"og:site_name\" content=\"Palafrugell Plus\" \/>\n<meta property=\"article:modified_time\" content=\"2025-12-23T11:10:40+00:00\" \/>\n<meta name=\"twitter:card\" content=\"summary_large_image\" \/>\n<meta name=\"twitter:label1\" content=\"Dur\u00e9e de lecture estim\u00e9e\" \/>\n\t<meta name=\"twitter:data1\" content=\"9 minutes\" \/>\n<script type=\"application\/ld+json\" class=\"yoast-schema-graph\">{\"@context\":\"https:\/\/schema.org\",\"@graph\":[{\"@type\":\"WebPage\",\"@id\":\"https:\/\/plus.palafrugell.cat\/avis-legal\/\",\"url\":\"https:\/\/plus.palafrugell.cat\/avis-legal\/\",\"name\":\"Av\u00eds legal - Palafrugell Plus\",\"isPartOf\":{\"@id\":\"https:\/\/plus.palafrugell.cat\/#website\"},\"datePublished\":\"2022-05-30T11:59:17+00:00\",\"dateModified\":\"2025-12-23T11:10:40+00:00\",\"description\":\"Av\u00eds legal\",\"breadcrumb\":{\"@id\":\"https:\/\/plus.palafrugell.cat\/avis-legal\/#breadcrumb\"},\"inLanguage\":\"fr-FR\",\"potentialAction\":[{\"@type\":\"ReadAction\",\"target\":[\"https:\/\/plus.palafrugell.cat\/avis-legal\/\"]}]},{\"@type\":\"BreadcrumbList\",\"@id\":\"https:\/\/plus.palafrugell.cat\/avis-legal\/#breadcrumb\",\"itemListElement\":[{\"@type\":\"ListItem\",\"position\":1,\"name\":\"Home\",\"item\":\"https:\/\/plus.palafrugell.cat\/\"},{\"@type\":\"ListItem\",\"position\":2,\"name\":\"Av\u00eds legal\"}]},{\"@type\":\"WebSite\",\"@id\":\"https:\/\/plus.palafrugell.cat\/#website\",\"url\":\"https:\/\/plus.palafrugell.cat\/\",\"name\":\"Palafrugell Plus\",\"description\":\"Viu experi\u00e8ncies culturals \u00faniques\",\"publisher\":{\"@id\":\"https:\/\/plus.palafrugell.cat\/#organization\"},\"potentialAction\":[{\"@type\":\"SearchAction\",\"target\":{\"@type\":\"EntryPoint\",\"urlTemplate\":\"https:\/\/plus.palafrugell.cat\/?s={search_term_string}\"},\"query-input\":{\"@type\":\"PropertyValueSpecification\",\"valueRequired\":true,\"valueName\":\"search_term_string\"}}],\"inLanguage\":\"fr-FR\"},{\"@type\":\"Organization\",\"@id\":\"https:\/\/plus.palafrugell.cat\/#organization\",\"name\":\"Palafrugell+\",\"url\":\"https:\/\/plus.palafrugell.cat\/\",\"logo\":{\"@type\":\"ImageObject\",\"inLanguage\":\"fr-FR\",\"@id\":\"https:\/\/plus.palafrugell.cat\/#\/schema\/logo\/image\/\",\"url\":\"http:\/\/plus.palafrugell.cat\/wp-content\/uploads\/2022\/05\/logo-fons-09.svg\",\"contentUrl\":\"http:\/\/plus.palafrugell.cat\/wp-content\/uploads\/2022\/05\/logo-fons-09.svg\",\"width\":1,\"height\":1,\"caption\":\"Palafrugell+\"},\"image\":{\"@id\":\"https:\/\/plus.palafrugell.cat\/#\/schema\/logo\/image\/\"}}]}<\/script>\n<!-- \/ Yoast SEO Premium plugin. -->","yoast_head_json":{"title":"Av\u00eds legal - Palafrugell Plus","description":"Av\u00eds legal","robots":{"index":"index","follow":"follow","max-snippet":"max-snippet:-1","max-image-preview":"max-image-preview:large","max-video-preview":"max-video-preview:-1"},"canonical":"https:\/\/plus.palafrugell.cat\/fr\/avis-legal\/","og_locale":"fr_FR","og_type":"article","og_title":"Av\u00eds legal","og_description":"Av\u00eds legal","og_url":"https:\/\/plus.palafrugell.cat\/fr\/avis-legal\/","og_site_name":"Palafrugell Plus","article_modified_time":"2025-12-23T11:10:40+00:00","twitter_card":"summary_large_image","twitter_misc":{"Dur\u00e9e de lecture estim\u00e9e":"9 minutes"},"schema":{"@context":"https:\/\/schema.org","@graph":[{"@type":"WebPage","@id":"https:\/\/plus.palafrugell.cat\/avis-legal\/","url":"https:\/\/plus.palafrugell.cat\/avis-legal\/","name":"Av\u00eds legal - Palafrugell Plus","isPartOf":{"@id":"https:\/\/plus.palafrugell.cat\/#website"},"datePublished":"2022-05-30T11:59:17+00:00","dateModified":"2025-12-23T11:10:40+00:00","description":"Av\u00eds legal","breadcrumb":{"@id":"https:\/\/plus.palafrugell.cat\/avis-legal\/#breadcrumb"},"inLanguage":"fr-FR","potentialAction":[{"@type":"ReadAction","target":["https:\/\/plus.palafrugell.cat\/avis-legal\/"]}]},{"@type":"BreadcrumbList","@id":"https:\/\/plus.palafrugell.cat\/avis-legal\/#breadcrumb","itemListElement":[{"@type":"ListItem","position":1,"name":"Home","item":"https:\/\/plus.palafrugell.cat\/"},{"@type":"ListItem","position":2,"name":"Av\u00eds legal"}]},{"@type":"WebSite","@id":"https:\/\/plus.palafrugell.cat\/#website","url":"https:\/\/plus.palafrugell.cat\/","name":"Palafrugell Plus","description":"Viu experi\u00e8ncies culturals \u00faniques","publisher":{"@id":"https:\/\/plus.palafrugell.cat\/#organization"},"potentialAction":[{"@type":"SearchAction","target":{"@type":"EntryPoint","urlTemplate":"https:\/\/plus.palafrugell.cat\/?s={search_term_string}"},"query-input":{"@type":"PropertyValueSpecification","valueRequired":true,"valueName":"search_term_string"}}],"inLanguage":"fr-FR"},{"@type":"Organization","@id":"https:\/\/plus.palafrugell.cat\/#organization","name":"Palafrugell+","url":"https:\/\/plus.palafrugell.cat\/","logo":{"@type":"ImageObject","inLanguage":"fr-FR","@id":"https:\/\/plus.palafrugell.cat\/#\/schema\/logo\/image\/","url":"http:\/\/plus.palafrugell.cat\/wp-content\/uploads\/2022\/05\/logo-fons-09.svg","contentUrl":"http:\/\/plus.palafrugell.cat\/wp-content\/uploads\/2022\/05\/logo-fons-09.svg","width":1,"height":1,"caption":"Palafrugell+"},"image":{"@id":"https:\/\/plus.palafrugell.cat\/#\/schema\/logo\/image\/"}}]}},"_links":{"self":[{"href":"http:\/\/plus.palafrugell.cat\/fr\/wp-json\/wp\/v2\/pages\/374","targetHints":{"allow":["GET"]}}],"collection":[{"href":"http:\/\/plus.palafrugell.cat\/fr\/wp-json\/wp\/v2\/pages"}],"about":[{"href":"http:\/\/plus.palafrugell.cat\/fr\/wp-json\/wp\/v2\/types\/page"}],"author":[{"embeddable":true,"href":"http:\/\/plus.palafrugell.cat\/fr\/wp-json\/wp\/v2\/users\/1"}],"replies":[{"embeddable":true,"href":"http:\/\/plus.palafrugell.cat\/fr\/wp-json\/wp\/v2\/comments?post=374"}],"version-history":[{"count":12,"href":"http:\/\/plus.palafrugell.cat\/fr\/wp-json\/wp\/v2\/pages\/374\/revisions"}],"predecessor-version":[{"id":2229,"href":"http:\/\/plus.palafrugell.cat\/fr\/wp-json\/wp\/v2\/pages\/374\/revisions\/2229"}],"wp:attachment":[{"href":"http:\/\/plus.palafrugell.cat\/fr\/wp-json\/wp\/v2\/media?parent=374"}],"curies":[{"name":"wp","href":"https:\/\/api.w.org\/{rel}","templated":true}]}}