{"id":381,"date":"2022-05-30T14:01:39","date_gmt":"2022-05-30T12:01:39","guid":{"rendered":"http:\/\/www.palafrugellplus.com\/?page_id=381"},"modified":"2025-12-23T12:15:39","modified_gmt":"2025-12-23T11:15:39","slug":"politica-de-cookies","status":"publish","type":"page","link":"http:\/\/plus.palafrugell.cat\/fr\/politica-de-cookies\/","title":{"rendered":"Politique de cookies"},"content":{"rendered":"<div data-elementor-type=\"wp-page\" data-elementor-id=\"381\" class=\"elementor elementor-381\" data-elementor-post-type=\"page\">\n\t\t\t\t<div class=\"elementor-element elementor-element-0f01814 e-flex e-con-boxed e-con e-parent\" data-id=\"0f01814\" data-element_type=\"container\">\n\t\t\t\t\t<div class=\"e-con-inner\">\n\t\t\t\t<div class=\"elementor-element elementor-element-54a48c1 elementor-widget__width-initial elementor-widget elementor-widget-text-editor\" data-id=\"54a48c1\" data-element_type=\"widget\" data-no-translation=\"\" data-widget_type=\"text-editor.default\">\n\t\t\t\t<div class=\"elementor-widget-container\">\n\t\t\t\t\t<style>.elementor-element-54a48c1{display:none !important}<\/style>\t\t\t\t<\/div>\n\t\t\t\t<\/div>\n\t\t\t\t<div class=\"elementor-element elementor-element-c9beef2 elementor-widget__width-initial elementor-widget elementor-widget-text-editor\" data-id=\"c9beef2\" data-element_type=\"widget\" data-no-translation=\"\" data-widget_type=\"text-editor.default\">\n\t\t\t\t<div class=\"elementor-widget-container\">\n\t\t\t\t\t<style>.elementor-element-c9beef2{display:none !important}<\/style>\t\t\t\t<\/div>\n\t\t\t\t<\/div>\n\t\t\t\t<div class=\"elementor-element elementor-element-634973f elementor-widget__width-initial elementor-widget elementor-widget-text-editor\" data-id=\"634973f\" data-element_type=\"widget\" data-no-translation=\"\" data-widget_type=\"text-editor.default\">\n\t\t\t\t<div class=\"elementor-widget-container\">\n\t\t\t\t\t<style>.elementor-element-634973f{display:none !important}<\/style>\t\t\t\t<\/div>\n\t\t\t\t<\/div>\n\t\t\t\t<div class=\"elementor-element elementor-element-dd2f58e elementor-widget__width-initial elementor-widget elementor-widget-text-editor\" data-id=\"dd2f58e\" data-element_type=\"widget\" data-no-translation=\"\" data-widget_type=\"text-editor.default\">\n\t\t\t\t<div class=\"elementor-widget-container\">\n\t\t\t\t\t\t\t\t\t<h2><strong>Politique de cookies<\/strong><\/h2><p>Le Institut de Promotion \u00c9conomique de Palafrugell rapporte que ce site utilise des\u00a0cookies (\u00a0<i>cookies<\/i>\u00a0) qui permettent une\u00a0communication plus pratique et plus rapide \u00e9tablie entre l\u2019utilisateur et le site.\u00a0La validit\u00e9 des cookies est limit\u00e9e \u00e0 ce qui est\u00a0n\u00e9cessaire pour atteindre ces objectifs.\u00a0L\u2019utilisateur peut configurer votre navigateur pour obtenir une meilleure connaissance des\u00a0cookies et de\u00a0contr\u00f4le.\u00a0L\u2019utilisateur a \u00e9t\u00e9 inform\u00e9 \u00e0 l\u2019\u00a0avance de l\u2019installation.<\/p><p>Les\u00a0<i>biscuits<\/i>\u00a0ou les\u00a0cookies sont de\u00a0petits fichiers texte qui sont install\u00e9s sur des\u00a0ordinateurs \u00e0\u00a0partir desquels vous acc\u00e9dez \u00e0\u00a0notre site.\u00a0Pouvez \u2013\u00a0vous garder d\u2019\u00a0identifier les visites des utilisateurs des sites Web pour lesquels les\u00a0voiles.\u00a0Lorsque l\u2019utilisateur (dans ce cas ,\u00a0vous) pour nous rendre visite \u00e0\u00a0nouveau les lire les\u00a0<i>cookies<\/i>pour vous identifier et restaurer vos pr\u00e9f\u00e9rences et param\u00e8tres de navigation.\u00a0Si un utilisateur ne permet\u00a0pas l\u2019utilisation de\u00a0<i>t\u00e9moins<\/i>\u00a0certains services ou fonctionnalit\u00e9s du site peuvent ne pas \u00eatre disponibles.<\/p><p>Nous voulons que\u00a0ce lieu offre un\u00a0bon service et est facile \u00e0 utiliser.\u00a0En ce sens ,\u00a0nous utilisons les\u00a0<i>cookies<\/i>\u00a0pour Google Analytics.\u00a0Cela nous permet de:<\/p><ul><li>Statistiquement analyser les informations que les utilisateurs acc\u00e8dent \u00e0 notre site.\u00a0Les donn\u00e9es recueillies peuvent inclure l\u2019activit\u00e9 lorsque vous visitez le navigateur de l\u2019utilisateur, suivre le chemin que les utilisateurs sur notre site, le fournisseur de services d\u2019information aux visiteurs sur Internet, le nombre de fois les utilisateurs acc\u00e8dent au site et le comportement des utilisateurs sur notre site (les pages visit\u00e9es, formulaires ont \u00e9t\u00e9 remplis, etc.).<\/li><li>Identifier les utilisateurs qui visitent invitation d\u2019un site partenaire ou lien sponsoris\u00e9.<\/li><\/ul><p>En savoir plus sur Google Analytics\u00a0<a href=\"https:\/\/www.google.com\/analytics\">www.google.com\/analytics<\/a>\u00a0.\u00a0Pour contr\u00f4ler la collecte des donn\u00e9es \u00e0 des\u00a0fins d\u2019\u00a0analyse par Google Analytics, allez \u00e0\u00a0<a href=\"https:\/\/tools.google.com\/dlpage\/gaoptout?hl=en\">https:\/\/tools.google.com\/dlpage\/gaoptout?hl=en<\/a>\u00a0.<\/p><p>Vous pouvez r\u00e9voquer son\u00a0consentement \u00e0 l\u2019utilisation des\u00a0<i>biscuits<\/i>\u00a0en les retirant \u00e0\u00a0travers les options offertes par votre navigateur.<\/p><p>Si vous souhaitez recevoir des\u00a0informations suppl\u00e9mentaires sur l\u2019activit\u00e9 des soci\u00e9t\u00e9s de\u00a0publicit\u00e9 sur Internet sur la\u00a0fa\u00e7on de supprimer vos enregistrements de donn\u00e9es de ces soci\u00e9t\u00e9s, vous pouvez visiter\u00a0<a href=\"https:\/\/www.networkadvertising.org\/\">www.networkadvertising.org<\/a>\u00a0.<\/p><p>Vous pouvez configurer votre navigateur pour vous informer \u00e0 l\u2019\u00a0avance de l\u2019installation possible les\u00a0<i>cookies<\/i>\u00a0.\u00a0Vous pouvez \u00e9galement choisir de commander automatiquement supprim\u00e9 une fois que\u00a0vous fermez votre navigateur, ordinateur ou p\u00e9riph\u00e9rique.\u00a0Vous pouvez trouver des\u00a0informations sur la\u00a0fa\u00e7on de le\u00a0faire:<\/p><ul><li>Pour Google Chrome\u00a0<a href=\"https:\/\/support.google.com\/chrome\/answer\/95647?hl=es\">https:\/\/support.google.com\/chrome\/answer\/95647?hl=es<\/a><\/li><li>Pour un Edge Microsoft\u00a0<a href=\"https:\/\/privacy.microsoft.com\/es-es\/windows-10-microsoft-edge-and-privacy\">https:\/\/privacy.microsoft.com\/es-es\/windows-10-microsoft-edge-and-privacy<\/a><\/li><li>Microsoft Internet Explorer\u00a0<a href=\"https:\/\/support.microsoft.com\/es-es\/help\/17442\/windows-internet-explorer-delete-manage-cookies\">https:\/\/support.microsoft.com\/es-es\/help\/17442\/windows-internet-explorer-delete-manage-cookies<\/a><\/li><li>Pour Mozilla Firefox\u00a0<a href=\"https:\/\/support.mozilla.org\/ca\/kb\/Galetes\">https:\/\/support.mozilla.org\/ca\/kb\/Galetes<\/a><\/li><li>Pour Opera\u00a0<a href=\"https:\/\/www.opera.com\/help\/tutorials\/security\/cookies\">https:\/\/www.opera.com\/help\/tutorials\/security\/cookies<\/a><\/li><li>Pour Apple Safari (Mac OS et Windows) pour\u00a0<a href=\"https:\/\/support.apple.com\/kb\/ph21411?locale=es_ES\">https:\/\/support.apple.com\/kb\/ph21411?locale=es_ES<\/a><\/li><li>Pour Apple Safari (iOS) \u00e0\u00a0<a href=\"https:\/\/support.apple.com\/es-es\/HT201265\">https:\/\/support.apple.com\/es-es\/HT201265<\/a><\/li><\/ul><ul><li style=\"list-style-type: none;\">\u00a0<\/li><\/ul>\t\t\t\t\t\t\t\t<\/div>\n\t\t\t\t<\/div>\n\t\t\t\t\t<\/div>\n\t\t\t\t<\/div>\n\t\t\t\t<\/div>","protected":false},"excerpt":{"rendered":"<p>Pol\u00edtica de cookies La vig\u00e8ncia d\u2019aquestes galetes es limita a la necess\u00e0ria per aconseguir aquests objectius. L\u2019usuari t\u00e9 la possibilitat de configurar el seu navegador d\u2019Internet per a obtenir un millor coneixement i control de les galetes. L\u2019usuari ha estat informat pr\u00e8viament de la seva instal\u00b7laci\u00f3. Les\u00a0cookies\u00a0o galetes s\u00f3n uns petits arxius de text que [&hellip;]<\/p>","protected":false},"author":1,"featured_media":0,"parent":0,"menu_order":0,"comment_status":"closed","ping_status":"closed","template":"","meta":{"footnotes":""},"class_list":["post-381","page","type-page","status-publish","hentry"],"yoast_head":"<!-- This site is optimized with the Yoast SEO Premium plugin v21.5 (Yoast SEO v26.8) - https:\/\/yoast.com\/product\/yoast-seo-premium-wordpress\/ -->\n<title>Pol\u00edtica de cookies - Palafrugell Plus<\/title>\n<meta name=\"description\" content=\"Pol\u00edtica de cookies\" \/>\n<meta name=\"robots\" content=\"index, follow, max-snippet:-1, max-image-preview:large, max-video-preview:-1\" \/>\n<link rel=\"canonical\" href=\"https:\/\/plus.palafrugell.cat\/fr\/politica-de-cookies\/\" \/>\n<meta property=\"og:locale\" content=\"fr_FR\" \/>\n<meta property=\"og:type\" content=\"article\" \/>\n<meta property=\"og:title\" content=\"Pol\u00edtica de cookies\" \/>\n<meta property=\"og:description\" content=\"Pol\u00edtica de cookies\" \/>\n<meta property=\"og:url\" content=\"https:\/\/plus.palafrugell.cat\/fr\/politica-de-cookies\/\" \/>\n<meta property=\"og:site_name\" content=\"Palafrugell Plus\" \/>\n<meta property=\"article:modified_time\" content=\"2025-12-23T11:15:39+00:00\" \/>\n<meta name=\"twitter:card\" content=\"summary_large_image\" \/>\n<meta name=\"twitter:label1\" content=\"Dur\u00e9e de lecture estim\u00e9e\" \/>\n\t<meta name=\"twitter:data1\" content=\"10 minutes\" \/>\n<script type=\"application\/ld+json\" class=\"yoast-schema-graph\">{\"@context\":\"https:\/\/schema.org\",\"@graph\":[{\"@type\":\"WebPage\",\"@id\":\"https:\/\/plus.palafrugell.cat\/politica-de-cookies\/\",\"url\":\"https:\/\/plus.palafrugell.cat\/politica-de-cookies\/\",\"name\":\"Pol\u00edtica de cookies - Palafrugell Plus\",\"isPartOf\":{\"@id\":\"https:\/\/plus.palafrugell.cat\/#website\"},\"datePublished\":\"2022-05-30T12:01:39+00:00\",\"dateModified\":\"2025-12-23T11:15:39+00:00\",\"description\":\"Pol\u00edtica de cookies\",\"breadcrumb\":{\"@id\":\"https:\/\/plus.palafrugell.cat\/politica-de-cookies\/#breadcrumb\"},\"inLanguage\":\"fr-FR\",\"potentialAction\":[{\"@type\":\"ReadAction\",\"target\":[\"https:\/\/plus.palafrugell.cat\/politica-de-cookies\/\"]}]},{\"@type\":\"BreadcrumbList\",\"@id\":\"https:\/\/plus.palafrugell.cat\/politica-de-cookies\/#breadcrumb\",\"itemListElement\":[{\"@type\":\"ListItem\",\"position\":1,\"name\":\"Home\",\"item\":\"https:\/\/plus.palafrugell.cat\/\"},{\"@type\":\"ListItem\",\"position\":2,\"name\":\"Pol\u00edtica de cookies\"}]},{\"@type\":\"WebSite\",\"@id\":\"https:\/\/plus.palafrugell.cat\/#website\",\"url\":\"https:\/\/plus.palafrugell.cat\/\",\"name\":\"Palafrugell Plus\",\"description\":\"Viu experi\u00e8ncies culturals \u00faniques\",\"publisher\":{\"@id\":\"https:\/\/plus.palafrugell.cat\/#organization\"},\"potentialAction\":[{\"@type\":\"SearchAction\",\"target\":{\"@type\":\"EntryPoint\",\"urlTemplate\":\"https:\/\/plus.palafrugell.cat\/?s={search_term_string}\"},\"query-input\":{\"@type\":\"PropertyValueSpecification\",\"valueRequired\":true,\"valueName\":\"search_term_string\"}}],\"inLanguage\":\"fr-FR\"},{\"@type\":\"Organization\",\"@id\":\"https:\/\/plus.palafrugell.cat\/#organization\",\"name\":\"Palafrugell+\",\"url\":\"https:\/\/plus.palafrugell.cat\/\",\"logo\":{\"@type\":\"ImageObject\",\"inLanguage\":\"fr-FR\",\"@id\":\"https:\/\/plus.palafrugell.cat\/#\/schema\/logo\/image\/\",\"url\":\"http:\/\/plus.palafrugell.cat\/wp-content\/uploads\/2022\/05\/logo-fons-09.svg\",\"contentUrl\":\"http:\/\/plus.palafrugell.cat\/wp-content\/uploads\/2022\/05\/logo-fons-09.svg\",\"width\":1,\"height\":1,\"caption\":\"Palafrugell+\"},\"image\":{\"@id\":\"https:\/\/plus.palafrugell.cat\/#\/schema\/logo\/image\/\"}}]}<\/script>\n<!-- \/ Yoast SEO Premium plugin. -->","yoast_head_json":{"title":"Pol\u00edtica de cookies - Palafrugell Plus","description":"Pol\u00edtica de cookies","robots":{"index":"index","follow":"follow","max-snippet":"max-snippet:-1","max-image-preview":"max-image-preview:large","max-video-preview":"max-video-preview:-1"},"canonical":"https:\/\/plus.palafrugell.cat\/fr\/politica-de-cookies\/","og_locale":"fr_FR","og_type":"article","og_title":"Pol\u00edtica de cookies","og_description":"Pol\u00edtica de cookies","og_url":"https:\/\/plus.palafrugell.cat\/fr\/politica-de-cookies\/","og_site_name":"Palafrugell Plus","article_modified_time":"2025-12-23T11:15:39+00:00","twitter_card":"summary_large_image","twitter_misc":{"Dur\u00e9e de lecture estim\u00e9e":"10 minutes"},"schema":{"@context":"https:\/\/schema.org","@graph":[{"@type":"WebPage","@id":"https:\/\/plus.palafrugell.cat\/politica-de-cookies\/","url":"https:\/\/plus.palafrugell.cat\/politica-de-cookies\/","name":"Pol\u00edtica de cookies - Palafrugell Plus","isPartOf":{"@id":"https:\/\/plus.palafrugell.cat\/#website"},"datePublished":"2022-05-30T12:01:39+00:00","dateModified":"2025-12-23T11:15:39+00:00","description":"Pol\u00edtica de cookies","breadcrumb":{"@id":"https:\/\/plus.palafrugell.cat\/politica-de-cookies\/#breadcrumb"},"inLanguage":"fr-FR","potentialAction":[{"@type":"ReadAction","target":["https:\/\/plus.palafrugell.cat\/politica-de-cookies\/"]}]},{"@type":"BreadcrumbList","@id":"https:\/\/plus.palafrugell.cat\/politica-de-cookies\/#breadcrumb","itemListElement":[{"@type":"ListItem","position":1,"name":"Home","item":"https:\/\/plus.palafrugell.cat\/"},{"@type":"ListItem","position":2,"name":"Pol\u00edtica de cookies"}]},{"@type":"WebSite","@id":"https:\/\/plus.palafrugell.cat\/#website","url":"https:\/\/plus.palafrugell.cat\/","name":"Palafrugell Plus","description":"Viu experi\u00e8ncies culturals \u00faniques","publisher":{"@id":"https:\/\/plus.palafrugell.cat\/#organization"},"potentialAction":[{"@type":"SearchAction","target":{"@type":"EntryPoint","urlTemplate":"https:\/\/plus.palafrugell.cat\/?s={search_term_string}"},"query-input":{"@type":"PropertyValueSpecification","valueRequired":true,"valueName":"search_term_string"}}],"inLanguage":"fr-FR"},{"@type":"Organization","@id":"https:\/\/plus.palafrugell.cat\/#organization","name":"Palafrugell+","url":"https:\/\/plus.palafrugell.cat\/","logo":{"@type":"ImageObject","inLanguage":"fr-FR","@id":"https:\/\/plus.palafrugell.cat\/#\/schema\/logo\/image\/","url":"http:\/\/plus.palafrugell.cat\/wp-content\/uploads\/2022\/05\/logo-fons-09.svg","contentUrl":"http:\/\/plus.palafrugell.cat\/wp-content\/uploads\/2022\/05\/logo-fons-09.svg","width":1,"height":1,"caption":"Palafrugell+"},"image":{"@id":"https:\/\/plus.palafrugell.cat\/#\/schema\/logo\/image\/"}}]}},"_links":{"self":[{"href":"http:\/\/plus.palafrugell.cat\/fr\/wp-json\/wp\/v2\/pages\/381","targetHints":{"allow":["GET"]}}],"collection":[{"href":"http:\/\/plus.palafrugell.cat\/fr\/wp-json\/wp\/v2\/pages"}],"about":[{"href":"http:\/\/plus.palafrugell.cat\/fr\/wp-json\/wp\/v2\/types\/page"}],"author":[{"embeddable":true,"href":"http:\/\/plus.palafrugell.cat\/fr\/wp-json\/wp\/v2\/users\/1"}],"replies":[{"embeddable":true,"href":"http:\/\/plus.palafrugell.cat\/fr\/wp-json\/wp\/v2\/comments?post=381"}],"version-history":[{"count":9,"href":"http:\/\/plus.palafrugell.cat\/fr\/wp-json\/wp\/v2\/pages\/381\/revisions"}],"predecessor-version":[{"id":2235,"href":"http:\/\/plus.palafrugell.cat\/fr\/wp-json\/wp\/v2\/pages\/381\/revisions\/2235"}],"wp:attachment":[{"href":"http:\/\/plus.palafrugell.cat\/fr\/wp-json\/wp\/v2\/media?parent=381"}],"curies":[{"name":"wp","href":"https:\/\/api.w.org\/{rel}","templated":true}]}}