{"id":279,"date":"2022-05-26T19:26:23","date_gmt":"2022-05-26T17:26:23","guid":{"rendered":"http:\/\/www.palafrugellplus.com\/?page_id=279"},"modified":"2025-12-22T18:59:47","modified_gmt":"2025-12-22T17:59:47","slug":"ruta-a-peu-sant-sebastia-i-el-museu-del-suro-de-catalunya","status":"publish","type":"page","link":"https:\/\/plus.palafrugell.cat\/en\/ruta-a-peu-sant-sebastia-i-el-museu-del-suro-de-catalunya\/","title":{"rendered":"Walking route: San Sebasti\u00e1n and the Cork Museum of Catalonia"},"content":{"rendered":"<div data-elementor-type=\"wp-page\" data-elementor-id=\"279\" class=\"elementor elementor-279\" data-elementor-post-type=\"page\">\n\t\t\t\t<div class=\"elementor-element elementor-element-5e72e64 e-flex e-con-boxed e-con e-parent\" data-id=\"5e72e64\" data-element_type=\"container\">\n\t\t\t\t\t<div class=\"e-con-inner\">\n\t\t<a class=\"elementor-element elementor-element-bf657b4 e-con-full e-flex e-con e-child\" data-id=\"bf657b4\" data-element_type=\"container\" data-settings=\"{&quot;background_background&quot;:&quot;classic&quot;}\" href=\"https:\/\/plus.palafrugell.cat\/en\/jardins-de-cap-roig\/\">\n\t\t<div class=\"elementor-element elementor-element-087669d e-con-full e-flex e-con e-child\" data-id=\"087669d\" data-element_type=\"container\" data-settings=\"{&quot;background_background&quot;:&quot;classic&quot;}\">\n\t\t\t\t<\/div>\n\t\t\t\t<\/a>\n\t\t\t\t\t<\/div>\n\t\t\t\t<\/div>\n\t\t<div class=\"elementor-element elementor-element-1630d60 e-flex e-con-boxed e-con e-child\" data-id=\"1630d60\" data-element_type=\"container\" data-settings=\"{&quot;background_background&quot;:&quot;classic&quot;}\">\n\t\t\t\t\t<div class=\"e-con-inner\">\n\t\t\t\t<div class=\"elementor-element elementor-element-d2cda5b elementor-widget-mobile__width-initial elementor-widget elementor-widget-heading\" data-id=\"d2cda5b\" data-element_type=\"widget\" data-widget_type=\"heading.default\">\n\t\t\t\t<div class=\"elementor-widget-container\">\n\t\t\t\t\t<h1 class=\"elementor-heading-title elementor-size-default\">Walking route: Sant Sebasti\u00e0 and the Cork Museum of Catalonia<\/h1>\t\t\t\t<\/div>\n\t\t\t\t<\/div>\n\t\t\t\t\t<\/div>\n\t\t\t\t<\/div>\n\t\t<div class=\"elementor-element elementor-element-9daef0c e-flex e-con-boxed e-con e-parent\" data-id=\"9daef0c\" data-element_type=\"container\">\n\t\t\t\t\t<div class=\"e-con-inner\">\n\t\t\t\t<div class=\"elementor-element elementor-element-517efdc elementor-widget__width-initial elementor-widget elementor-widget-text-editor\" data-id=\"517efdc\" data-element_type=\"widget\" data-widget_type=\"text-editor.default\">\n\t\t\t\t<div class=\"elementor-widget-container\">\n\t\t\t\t\t\t\t\t\t<p><strong>DURATION<\/strong>8 hours (from 10 a.m. to 6 p.m. approximately) \u2013 12 km<br \/><strong>DIFFICULTY:<\/strong> Low\/medium. Areas with positive elevation gain.<br \/>Area without services until reaching Palafrugell<br \/><strong>ADVICE:<\/strong> Wear hiking shoes, bring water and some food.<\/p>\t\t\t\t\t\t\t\t<\/div>\n\t\t\t\t<\/div>\n\t\t\t\t\t<\/div>\n\t\t\t\t<\/div>\n\t\t<div class=\"elementor-element elementor-element-4739ae5 e-flex e-con-boxed e-con e-parent\" data-id=\"4739ae5\" data-element_type=\"container\">\n\t\t\t\t\t<div class=\"e-con-inner\">\n\t\t<div class=\"elementor-element elementor-element-d5bee75 e-con-full e-flex e-con e-child\" data-id=\"d5bee75\" data-element_type=\"container\">\n\t\t<div class=\"elementor-element elementor-element-e3d5d2e e-con-full e-flex e-con e-child\" data-id=\"e3d5d2e\" data-element_type=\"container\" data-settings=\"{&quot;background_background&quot;:&quot;classic&quot;}\">\n\t\t\t\t<div class=\"elementor-element elementor-element-e47f0ba elementor-widget-mobile__width-initial elementor-widget elementor-widget-heading\" data-id=\"e47f0ba\" data-element_type=\"widget\" data-widget_type=\"heading.default\">\n\t\t\t\t<div class=\"elementor-widget-container\">\n\t\t\t\t\t<h2 class=\"elementor-heading-title elementor-size-default\">IN<\/h2>\t\t\t\t<\/div>\n\t\t\t\t<\/div>\n\t\t\t\t<div class=\"elementor-element elementor-element-704ae6e elementor-widget-tablet__width-initial elementor-widget-mobile__width-initial elementor-widget elementor-widget-heading\" data-id=\"704ae6e\" data-element_type=\"widget\" data-widget_type=\"heading.default\">\n\t\t\t\t<div class=\"elementor-widget-container\">\n\t\t\t\t\t<h2 class=\"elementor-heading-title elementor-size-default\">Parking area. C. C\u00f2rsega de Calella. 10 a.m. Walk 4 km (1 h)<\/h2>\t\t\t\t<\/div>\n\t\t\t\t<\/div>\n\t\t\t\t<\/div>\n\t\t\t\t<\/div>\n\t\t\t\t<div class=\"elementor-element elementor-element-5230318 elementor-widget__width-initial elementor-widget elementor-widget-text-editor\" data-id=\"5230318\" data-element_type=\"widget\" data-widget_type=\"text-editor.default\">\n\t\t\t\t<div class=\"elementor-widget-container\">\n\t\t\t\t\t\t\t\t\t<p>Departure from the car park on C\u00f2rsega Street in Calella, at the end of Avinguda del Mar.<br \/><strong>TOUR<\/strong>Pl. Doctor Trueta \/ C. de Llu\u00eds Marqu\u00e8s Carb\u00f3 \/ C. de Francesc de Blanes \/ C. Moss\u00e8n Rafael Duran \/ C. d\u2019Amadeu Vives \/ Pass through the entrance to the Cliper Apartments to start PR-C 107 path until the Can Mina Dolmen \/ at the intersection with the Local Trail (SL) follow the SL direction to the Summit of Sant Sebasti\u00e0.<\/p>\t\t\t\t\t\t\t\t<\/div>\n\t\t\t\t<\/div>\n\t\t\t\t\t<\/div>\n\t\t\t\t<\/div>\n\t\t<div class=\"elementor-element elementor-element-808d779 e-flex e-con-boxed e-con e-parent\" data-id=\"808d779\" data-element_type=\"container\">\n\t\t\t\t\t<div class=\"e-con-inner\">\n\t\t<div class=\"elementor-element elementor-element-f55e4cd e-con-full e-flex e-con e-child\" data-id=\"f55e4cd\" data-element_type=\"container\">\n\t\t<div class=\"elementor-element elementor-element-22a7faa e-con-full e-flex e-con e-child\" data-id=\"22a7faa\" data-element_type=\"container\" data-settings=\"{&quot;background_background&quot;:&quot;classic&quot;}\">\n\t\t\t\t<div class=\"elementor-element elementor-element-a8ad76f elementor-widget elementor-widget-heading\" data-id=\"a8ad76f\" data-element_type=\"widget\" data-widget_type=\"heading.default\">\n\t\t\t\t<div class=\"elementor-widget-container\">\n\t\t\t\t\t<h2 class=\"elementor-heading-title elementor-size-default\">B<\/h2>\t\t\t\t<\/div>\n\t\t\t\t<\/div>\n\t\t\t\t<div class=\"elementor-element elementor-element-9f07282 elementor-widget-mobile__width-initial elementor-widget elementor-widget-heading\" data-id=\"9f07282\" data-element_type=\"widget\" data-widget_type=\"heading.default\">\n\t\t\t\t<div class=\"elementor-widget-container\">\n\t\t\t\t\t<h2 class=\"elementor-heading-title elementor-size-default\">Sant Sebasti\u00e0  Historical Site \n11:15 a.m. (1 h)<\/h2>\t\t\t\t<\/div>\n\t\t\t\t<\/div>\n\t\t\t\t<\/div>\n\t\t\t\t<\/div>\n\t\t\t\t<div class=\"elementor-element elementor-element-f869239 elementor-widget__width-initial elementor-widget elementor-widget-text-editor\" data-id=\"f869239\" data-element_type=\"widget\" data-widget_type=\"text-editor.default\">\n\t\t\t\t<div class=\"elementor-widget-container\">\n\t\t\t\t\t\t\t\t\t<p>Visit to the Sant Sebasti\u00e0 de la Guarda Historical Site.\nFree visit to the Iberian settlement,  the Hotel el Far overlook and the Joaquim Turr\u00f3 overlook, in front of the Lighthouse.<br \/>To access the Watchtower:<br \/><span style=\"color: #69855e;\"><strong>Use the PALAFRUGELLPLUS ticket<\/strong><\/span><\/p><p><b>12:30 p.m. Walk 4.6 km (1 h)<\/b><br \/>Walk to Palafrugell along the Local Trail.\nRetake the SL (Local Trail) where you left it when reaching the Summit of Sant Sebasti\u00e0 and go down the mountain following the white and green markings to reach Palafrugell through the Cam\u00ed dels Plans.<\/p><p><b>2 p.m.<\/b><br \/>Lunch in the centre of Palafrugell.\u00a0<br \/><a href=\"https:\/\/visitpalafrugell.cat\/en\/gastronomy\/\" target=\"_blank\" rel=\"noopener\"><b>List of restaurants<\/b><\/a><\/p>\t\t\t\t\t\t\t\t<\/div>\n\t\t\t\t<\/div>\n\t\t\t\t\t<\/div>\n\t\t\t\t<\/div>\n\t\t<div class=\"elementor-element elementor-element-862042b e-flex e-con-boxed e-con e-parent\" data-id=\"862042b\" data-element_type=\"container\">\n\t\t\t\t\t<div class=\"e-con-inner\">\n\t\t<div class=\"elementor-element elementor-element-f52b02a e-con-full e-flex e-con e-child\" data-id=\"f52b02a\" data-element_type=\"container\">\n\t\t<div class=\"elementor-element elementor-element-d99c6f5 e-con-full e-flex e-con e-child\" data-id=\"d99c6f5\" data-element_type=\"container\" data-settings=\"{&quot;background_background&quot;:&quot;classic&quot;}\">\n\t\t\t\t<div class=\"elementor-element elementor-element-638dc09 elementor-widget elementor-widget-heading\" data-id=\"638dc09\" data-element_type=\"widget\" data-widget_type=\"heading.default\">\n\t\t\t\t<div class=\"elementor-widget-container\">\n\t\t\t\t\t<h2 class=\"elementor-heading-title elementor-size-default\">C<\/h2>\t\t\t\t<\/div>\n\t\t\t\t<\/div>\n\t\t\t\t<div class=\"elementor-element elementor-element-484a11e elementor-widget-mobile__width-initial elementor-widget elementor-widget-heading\" data-id=\"484a11e\" data-element_type=\"widget\" data-widget_type=\"heading.default\">\n\t\t\t\t<div class=\"elementor-widget-container\">\n\t\t\t\t\t<h2 class=\"elementor-heading-title elementor-size-default\">Cork Museum \n4 p.m. (1 h)<\/h2>\t\t\t\t<\/div>\n\t\t\t\t<\/div>\n\t\t\t\t<\/div>\n\t\t\t\t<\/div>\n\t\t<div class=\"elementor-element elementor-element-0c3a3c4 e-con-full e-flex e-con e-child\" data-id=\"0c3a3c4\" data-element_type=\"container\">\n\t\t\t\t<div class=\"elementor-element elementor-element-bd9cb7f elementor-widget elementor-widget-text-editor\" data-id=\"bd9cb7f\" data-element_type=\"widget\" data-widget_type=\"text-editor.default\">\n\t\t\t\t<div class=\"elementor-widget-container\">\n\t\t\t\t\t\t\t\t\t<p>Visit the Cork Museum (the months of July and August it opens at 5 p.m. instead of 4 p.m.).<\/p>\t\t\t\t\t\t\t\t<\/div>\n\t\t\t\t<\/div>\n\t\t\t\t<div class=\"elementor-element elementor-element-38a6151 elementor-widget elementor-widget-text-editor\" data-id=\"38a6151\" data-element_type=\"widget\" data-widget_type=\"text-editor.default\">\n\t\t\t\t<div class=\"elementor-widget-container\">\n\t\t\t\t\t\t\t\t\t<p><strong>Use the PALAFRUGELLPLUS ticket<\/strong><\/p>\t\t\t\t\t\t\t\t<\/div>\n\t\t\t\t<\/div>\n\t\t\t\t<\/div>\n\t\t\t\t\t<\/div>\n\t\t\t\t<\/div>\n\t\t<div class=\"elementor-element elementor-element-d309929 e-flex e-con-boxed e-con e-parent\" data-id=\"d309929\" data-element_type=\"container\">\n\t\t\t\t\t<div class=\"e-con-inner\">\n\t\t<div class=\"elementor-element elementor-element-25061ca e-con-full e-flex e-con e-child\" data-id=\"25061ca\" data-element_type=\"container\">\n\t\t<div class=\"elementor-element elementor-element-267707a e-con-full e-flex e-con e-child\" data-id=\"267707a\" data-element_type=\"container\" data-settings=\"{&quot;background_background&quot;:&quot;classic&quot;}\">\n\t\t\t\t<div class=\"elementor-element elementor-element-3257506 elementor-widget elementor-widget-heading\" data-id=\"3257506\" data-element_type=\"widget\" data-widget_type=\"heading.default\">\n\t\t\t\t<div class=\"elementor-widget-container\">\n\t\t\t\t\t<h2 class=\"elementor-heading-title elementor-size-default\">D<\/h2>\t\t\t\t<\/div>\n\t\t\t\t<\/div>\n\t\t\t\t<div class=\"elementor-element elementor-element-1d38381 elementor-widget-tablet__width-initial elementor-widget-mobile__width-initial elementor-widget elementor-widget-heading\" data-id=\"1d38381\" data-element_type=\"widget\" data-widget_type=\"heading.default\">\n\t\t\t\t<div class=\"elementor-widget-container\">\n\t\t\t\t\t<h2 class=\"elementor-heading-title elementor-size-default\">Return to the parking area\n5 p.m. Walk 4 km (50 minutes),  take the bus or taxi.<\/h2>\t\t\t\t<\/div>\n\t\t\t\t<\/div>\n\t\t\t\t<\/div>\n\t\t\t\t<\/div>\n\t\t\t\t<div class=\"elementor-element elementor-element-d3d427f elementor-widget__width-initial elementor-widget elementor-widget-text-editor\" data-id=\"d3d427f\" data-element_type=\"widget\" data-widget_type=\"text-editor.default\">\n\t\t\t\t<div class=\"elementor-widget-container\">\n\t\t\t\t\t\t\t\t\t<p>Return  to the car park in Calella<br \/><strong>On foot:<\/strong>4 km, 50 minutes. Fastest route: by Avinguda del Mar (highway), at the end of which there is the parking area, until you arrive at Calella.<br \/><strong>Bus<\/strong>:\u00a0<a href=\"https:\/\/visitpalafrugell.cat\/en\/proposals\/primavera-estiu\/get-around\/\" target=\"_blank\" rel=\"noopener\">check out the schedule<\/a><br \/><strong>By taxi<\/strong>:\u00a0<a href=\"https:\/\/visitpalafrugell.cat\/en\/proposals\/primavera-estiu\/get-around\/\" target=\"_blank\" rel=\"noopener\">check out the companies<\/a><\/p>\t\t\t\t\t\t\t\t<\/div>\n\t\t\t\t<\/div>\n\t\t\t\t\t<\/div>\n\t\t\t\t<\/div>\n\t\t<div class=\"elementor-element elementor-element-4a354d6 e-flex e-con-boxed e-con e-parent\" data-id=\"4a354d6\" data-element_type=\"container\">\n\t\t\t\t\t<div class=\"e-con-inner\">\n\t\t<div class=\"elementor-element elementor-element-a1282f8 e-grid e-con-full e-con e-child\" data-id=\"a1282f8\" data-element_type=\"container\">\n\t\t\t\t<div class=\"elementor-element elementor-element-98d1c6e elementor-widget elementor-widget-image\" data-id=\"98d1c6e\" data-element_type=\"widget\" data-widget_type=\"image.default\">\n\t\t\t\t<div class=\"elementor-widget-container\">\n\t\t\t\t\t\t\t\t\t\t\t\t\t\t\t<img fetchpriority=\"high\" decoding=\"async\" width=\"500\" height=\"507\" src=\"https:\/\/plus.palafrugell.cat\/wp-content\/uploads\/2025\/12\/Recurso-16sant-sebastia.png\" class=\"attachment-large size-large wp-image-2130\" alt=\"\" srcset=\"https:\/\/plus.palafrugell.cat\/wp-content\/uploads\/2025\/12\/Recurso-16sant-sebastia.png 500w, https:\/\/plus.palafrugell.cat\/wp-content\/uploads\/2025\/12\/Recurso-16sant-sebastia-296x300.png 296w, https:\/\/plus.palafrugell.cat\/wp-content\/uploads\/2025\/12\/Recurso-16sant-sebastia-12x12.png 12w\" sizes=\"(max-width: 500px) 100vw, 500px\" \/>\t\t\t\t\t\t\t\t\t\t\t\t\t\t\t<\/div>\n\t\t\t\t<\/div>\n\t\t\t\t<div class=\"elementor-element elementor-element-25da8a3 elementor-widget elementor-widget-image\" data-id=\"25da8a3\" data-element_type=\"widget\" data-widget_type=\"image.default\">\n\t\t\t\t<div class=\"elementor-widget-container\">\n\t\t\t\t\t\t\t\t\t\t\t\t\t\t\t<img decoding=\"async\" width=\"500\" height=\"507\" src=\"https:\/\/plus.palafrugell.cat\/wp-content\/uploads\/2025\/12\/Recurso-11suro.png\" class=\"attachment-large size-large wp-image-2101\" alt=\"\" srcset=\"https:\/\/plus.palafrugell.cat\/wp-content\/uploads\/2025\/12\/Recurso-11suro.png 500w, https:\/\/plus.palafrugell.cat\/wp-content\/uploads\/2025\/12\/Recurso-11suro-296x300.png 296w, https:\/\/plus.palafrugell.cat\/wp-content\/uploads\/2025\/12\/Recurso-11suro-12x12.png 12w\" sizes=\"(max-width: 500px) 100vw, 500px\" \/>\t\t\t\t\t\t\t\t\t\t\t\t\t\t\t<\/div>\n\t\t\t\t<\/div>\n\t\t\t\t<\/div>\n\t\t\t\t\t<\/div>\n\t\t\t\t<\/div>\n\t\t<div class=\"elementor-element elementor-element-49fdc25 e-flex e-con-boxed e-con e-parent\" data-id=\"49fdc25\" data-element_type=\"container\">\n\t\t\t\t\t<div class=\"e-con-inner\">\n\t\t<div class=\"elementor-element elementor-element-df12f3a e-con-full e-flex e-con e-child\" data-id=\"df12f3a\" data-element_type=\"container\">\n\t\t\t\t<div class=\"elementor-element elementor-element-8fbbc63 elementor-widget__width-inherit elementor-widget elementor-widget-html\" data-id=\"8fbbc63\" data-element_type=\"widget\" data-widget_type=\"html.default\">\n\t\t\t\t<div class=\"elementor-widget-container\">\n\t\t\t\t\t<iframe src=\"https:\/\/www.google.com\/maps\/d\/embed?mid=1ke-A8UYitLZRKjos3PYV5lc4kZ35cEvM&hl=ca&ehbc=2E312F\" width=\"640\" height=\"480\"><\/iframe>\t\t\t\t<\/div>\n\t\t\t\t<\/div>\n\t\t\t\t<\/div>\n\t\t\t\t\t<\/div>\n\t\t\t\t<\/div>\n\t\t\t\t<\/div>","protected":false},"excerpt":{"rendered":"<p>Ruta a peu: Sant Sebasti\u00e0 i el Museu del Suro DURADA: 8 hores (de 10 a 18 h aprox.) \u2013 12 km.DIFICULTAT: Baixa \/ mitjana. Zones amb desnivell positiu.Zona sense serveis fins arribar a Palafrugell.RECOMANACIONS: Portar cal\u00e7at de senderisme, aigua i alguna cosa de menjar. A Aparcament: C. C\u00f2rsega de Calella. 10 h Caminar 4 [&hellip;]<\/p>","protected":false},"author":1,"featured_media":0,"parent":0,"menu_order":0,"comment_status":"closed","ping_status":"closed","template":"","meta":{"footnotes":""},"class_list":["post-279","page","type-page","status-publish","hentry"],"yoast_head":"<!-- This site is optimized with the Yoast SEO Premium plugin v21.5 (Yoast SEO v27.5) - https:\/\/yoast.com\/product\/yoast-seo-premium-wordpress\/ -->\n<title>Ruta a peu: Sant Sebasti\u00e0 i el Museu del Suro de Catalunya - Palafrugell Plus<\/title>\n<meta name=\"description\" content=\"Ruta a peu: Sant Sebasti\u00e0 i el Museu del Suro de Catalunya\" \/>\n<meta name=\"robots\" content=\"index, follow, max-snippet:-1, max-image-preview:large, max-video-preview:-1\" \/>\n<link rel=\"canonical\" href=\"https:\/\/plus.palafrugell.cat\/en\/ruta-a-peu-sant-sebastia-i-el-museu-del-suro-de-catalunya\/\" \/>\n<meta property=\"og:locale\" content=\"en_GB\" \/>\n<meta property=\"og:type\" content=\"article\" \/>\n<meta property=\"og:title\" content=\"Ruta a peu: Sant Sebasti\u00e0 i el Museu del Suro de Catalunya\" \/>\n<meta property=\"og:description\" content=\"Ruta a peu: Sant Sebasti\u00e0 i el Museu del Suro de Catalunya\" \/>\n<meta property=\"og:url\" content=\"https:\/\/plus.palafrugell.cat\/en\/ruta-a-peu-sant-sebastia-i-el-museu-del-suro-de-catalunya\/\" \/>\n<meta property=\"og:site_name\" content=\"Palafrugell Plus\" \/>\n<meta property=\"article:modified_time\" content=\"2025-12-22T17:59:47+00:00\" \/>\n<meta property=\"og:image\" content=\"https:\/\/plus.palafrugell.cat\/wp-content\/uploads\/2025\/12\/Recurso-16sant-sebastia.png\" \/>\n\t<meta property=\"og:image:width\" content=\"500\" \/>\n\t<meta property=\"og:image:height\" content=\"507\" \/>\n\t<meta property=\"og:image:type\" content=\"image\/png\" \/>\n<meta name=\"twitter:card\" content=\"summary_large_image\" \/>\n<meta name=\"twitter:label1\" content=\"Estimated reading time\" \/>\n\t<meta name=\"twitter:data1\" content=\"3 minutes\" \/>\n<script type=\"application\/ld+json\" class=\"yoast-schema-graph\">{\"@context\":\"https:\\\/\\\/schema.org\",\"@graph\":[{\"@type\":\"WebPage\",\"@id\":\"https:\\\/\\\/plus.palafrugell.cat\\\/ruta-a-peu-sant-sebastia-i-el-museu-del-suro-de-catalunya\\\/\",\"url\":\"https:\\\/\\\/plus.palafrugell.cat\\\/ruta-a-peu-sant-sebastia-i-el-museu-del-suro-de-catalunya\\\/\",\"name\":\"Ruta a peu: Sant Sebasti\u00e0 i el Museu del Suro de Catalunya - Palafrugell Plus\",\"isPartOf\":{\"@id\":\"https:\\\/\\\/plus.palafrugell.cat\\\/#website\"},\"primaryImageOfPage\":{\"@id\":\"https:\\\/\\\/plus.palafrugell.cat\\\/ruta-a-peu-sant-sebastia-i-el-museu-del-suro-de-catalunya\\\/#primaryimage\"},\"image\":{\"@id\":\"https:\\\/\\\/plus.palafrugell.cat\\\/ruta-a-peu-sant-sebastia-i-el-museu-del-suro-de-catalunya\\\/#primaryimage\"},\"thumbnailUrl\":\"https:\\\/\\\/plus.palafrugell.cat\\\/wp-content\\\/uploads\\\/2025\\\/12\\\/Recurso-16sant-sebastia.png\",\"datePublished\":\"2022-05-26T17:26:23+00:00\",\"dateModified\":\"2025-12-22T17:59:47+00:00\",\"description\":\"Ruta a peu: Sant Sebasti\u00e0 i el Museu del Suro de Catalunya\",\"breadcrumb\":{\"@id\":\"https:\\\/\\\/plus.palafrugell.cat\\\/ruta-a-peu-sant-sebastia-i-el-museu-del-suro-de-catalunya\\\/#breadcrumb\"},\"inLanguage\":\"en-GB\",\"potentialAction\":[{\"@type\":\"ReadAction\",\"target\":[\"https:\\\/\\\/plus.palafrugell.cat\\\/ruta-a-peu-sant-sebastia-i-el-museu-del-suro-de-catalunya\\\/\"]}]},{\"@type\":\"ImageObject\",\"inLanguage\":\"en-GB\",\"@id\":\"https:\\\/\\\/plus.palafrugell.cat\\\/ruta-a-peu-sant-sebastia-i-el-museu-del-suro-de-catalunya\\\/#primaryimage\",\"url\":\"https:\\\/\\\/plus.palafrugell.cat\\\/wp-content\\\/uploads\\\/2025\\\/12\\\/Recurso-16sant-sebastia.png\",\"contentUrl\":\"https:\\\/\\\/plus.palafrugell.cat\\\/wp-content\\\/uploads\\\/2025\\\/12\\\/Recurso-16sant-sebastia.png\"},{\"@type\":\"BreadcrumbList\",\"@id\":\"https:\\\/\\\/plus.palafrugell.cat\\\/ruta-a-peu-sant-sebastia-i-el-museu-del-suro-de-catalunya\\\/#breadcrumb\",\"itemListElement\":[{\"@type\":\"ListItem\",\"position\":1,\"name\":\"Home\",\"item\":\"https:\\\/\\\/plus.palafrugell.cat\\\/\"},{\"@type\":\"ListItem\",\"position\":2,\"name\":\"Ruta a peu: Sant Sebasti\u00e0 i el Museu del Suro de Catalunya\"}]},{\"@type\":\"WebSite\",\"@id\":\"https:\\\/\\\/plus.palafrugell.cat\\\/#website\",\"url\":\"https:\\\/\\\/plus.palafrugell.cat\\\/\",\"name\":\"Palafrugell Plus\",\"description\":\"Viu experi\u00e8ncies culturals \u00faniques\",\"publisher\":{\"@id\":\"https:\\\/\\\/plus.palafrugell.cat\\\/#organization\"},\"potentialAction\":[{\"@type\":\"SearchAction\",\"target\":{\"@type\":\"EntryPoint\",\"urlTemplate\":\"https:\\\/\\\/plus.palafrugell.cat\\\/?s={search_term_string}\"},\"query-input\":{\"@type\":\"PropertyValueSpecification\",\"valueRequired\":true,\"valueName\":\"search_term_string\"}}],\"inLanguage\":\"en-GB\"},{\"@type\":\"Organization\",\"@id\":\"https:\\\/\\\/plus.palafrugell.cat\\\/#organization\",\"name\":\"Palafrugell+\",\"url\":\"https:\\\/\\\/plus.palafrugell.cat\\\/\",\"logo\":{\"@type\":\"ImageObject\",\"inLanguage\":\"en-GB\",\"@id\":\"https:\\\/\\\/plus.palafrugell.cat\\\/#\\\/schema\\\/logo\\\/image\\\/\",\"url\":\"http:\\\/\\\/plus.palafrugell.cat\\\/wp-content\\\/uploads\\\/2022\\\/05\\\/logo-fons-09.svg\",\"contentUrl\":\"http:\\\/\\\/plus.palafrugell.cat\\\/wp-content\\\/uploads\\\/2022\\\/05\\\/logo-fons-09.svg\",\"width\":1,\"height\":1,\"caption\":\"Palafrugell+\"},\"image\":{\"@id\":\"https:\\\/\\\/plus.palafrugell.cat\\\/#\\\/schema\\\/logo\\\/image\\\/\"}}]}<\/script>\n<!-- \/ Yoast SEO Premium plugin. -->","yoast_head_json":{"title":"Ruta a peu: Sant Sebasti\u00e0 i el Museu del Suro de Catalunya - Palafrugell Plus","description":"Ruta a peu: Sant Sebasti\u00e0 i el Museu del Suro de Catalunya","robots":{"index":"index","follow":"follow","max-snippet":"max-snippet:-1","max-image-preview":"max-image-preview:large","max-video-preview":"max-video-preview:-1"},"canonical":"https:\/\/plus.palafrugell.cat\/en\/ruta-a-peu-sant-sebastia-i-el-museu-del-suro-de-catalunya\/","og_locale":"en_GB","og_type":"article","og_title":"Ruta a peu: Sant Sebasti\u00e0 i el Museu del Suro de Catalunya","og_description":"Ruta a peu: Sant Sebasti\u00e0 i el Museu del Suro de Catalunya","og_url":"https:\/\/plus.palafrugell.cat\/en\/ruta-a-peu-sant-sebastia-i-el-museu-del-suro-de-catalunya\/","og_site_name":"Palafrugell Plus","article_modified_time":"2025-12-22T17:59:47+00:00","og_image":[{"width":500,"height":507,"url":"https:\/\/plus.palafrugell.cat\/wp-content\/uploads\/2025\/12\/Recurso-16sant-sebastia.png","type":"image\/png"}],"twitter_card":"summary_large_image","twitter_misc":{"Estimated reading time":"3 minutes"},"schema":{"@context":"https:\/\/schema.org","@graph":[{"@type":"WebPage","@id":"https:\/\/plus.palafrugell.cat\/ruta-a-peu-sant-sebastia-i-el-museu-del-suro-de-catalunya\/","url":"https:\/\/plus.palafrugell.cat\/ruta-a-peu-sant-sebastia-i-el-museu-del-suro-de-catalunya\/","name":"Ruta a peu: Sant Sebasti\u00e0 i el Museu del Suro de Catalunya - Palafrugell Plus","isPartOf":{"@id":"https:\/\/plus.palafrugell.cat\/#website"},"primaryImageOfPage":{"@id":"https:\/\/plus.palafrugell.cat\/ruta-a-peu-sant-sebastia-i-el-museu-del-suro-de-catalunya\/#primaryimage"},"image":{"@id":"https:\/\/plus.palafrugell.cat\/ruta-a-peu-sant-sebastia-i-el-museu-del-suro-de-catalunya\/#primaryimage"},"thumbnailUrl":"https:\/\/plus.palafrugell.cat\/wp-content\/uploads\/2025\/12\/Recurso-16sant-sebastia.png","datePublished":"2022-05-26T17:26:23+00:00","dateModified":"2025-12-22T17:59:47+00:00","description":"Ruta a peu: Sant Sebasti\u00e0 i el Museu del Suro de Catalunya","breadcrumb":{"@id":"https:\/\/plus.palafrugell.cat\/ruta-a-peu-sant-sebastia-i-el-museu-del-suro-de-catalunya\/#breadcrumb"},"inLanguage":"en-GB","potentialAction":[{"@type":"ReadAction","target":["https:\/\/plus.palafrugell.cat\/ruta-a-peu-sant-sebastia-i-el-museu-del-suro-de-catalunya\/"]}]},{"@type":"ImageObject","inLanguage":"en-GB","@id":"https:\/\/plus.palafrugell.cat\/ruta-a-peu-sant-sebastia-i-el-museu-del-suro-de-catalunya\/#primaryimage","url":"https:\/\/plus.palafrugell.cat\/wp-content\/uploads\/2025\/12\/Recurso-16sant-sebastia.png","contentUrl":"https:\/\/plus.palafrugell.cat\/wp-content\/uploads\/2025\/12\/Recurso-16sant-sebastia.png"},{"@type":"BreadcrumbList","@id":"https:\/\/plus.palafrugell.cat\/ruta-a-peu-sant-sebastia-i-el-museu-del-suro-de-catalunya\/#breadcrumb","itemListElement":[{"@type":"ListItem","position":1,"name":"Home","item":"https:\/\/plus.palafrugell.cat\/"},{"@type":"ListItem","position":2,"name":"Ruta a peu: Sant Sebasti\u00e0 i el Museu del Suro de Catalunya"}]},{"@type":"WebSite","@id":"https:\/\/plus.palafrugell.cat\/#website","url":"https:\/\/plus.palafrugell.cat\/","name":"Palafrugell Plus","description":"Viu experi\u00e8ncies culturals \u00faniques","publisher":{"@id":"https:\/\/plus.palafrugell.cat\/#organization"},"potentialAction":[{"@type":"SearchAction","target":{"@type":"EntryPoint","urlTemplate":"https:\/\/plus.palafrugell.cat\/?s={search_term_string}"},"query-input":{"@type":"PropertyValueSpecification","valueRequired":true,"valueName":"search_term_string"}}],"inLanguage":"en-GB"},{"@type":"Organization","@id":"https:\/\/plus.palafrugell.cat\/#organization","name":"Palafrugell+","url":"https:\/\/plus.palafrugell.cat\/","logo":{"@type":"ImageObject","inLanguage":"en-GB","@id":"https:\/\/plus.palafrugell.cat\/#\/schema\/logo\/image\/","url":"http:\/\/plus.palafrugell.cat\/wp-content\/uploads\/2022\/05\/logo-fons-09.svg","contentUrl":"http:\/\/plus.palafrugell.cat\/wp-content\/uploads\/2022\/05\/logo-fons-09.svg","width":1,"height":1,"caption":"Palafrugell+"},"image":{"@id":"https:\/\/plus.palafrugell.cat\/#\/schema\/logo\/image\/"}}]}},"_links":{"self":[{"href":"https:\/\/plus.palafrugell.cat\/en\/wp-json\/wp\/v2\/pages\/279","targetHints":{"allow":["GET"]}}],"collection":[{"href":"https:\/\/plus.palafrugell.cat\/en\/wp-json\/wp\/v2\/pages"}],"about":[{"href":"https:\/\/plus.palafrugell.cat\/en\/wp-json\/wp\/v2\/types\/page"}],"author":[{"embeddable":true,"href":"https:\/\/plus.palafrugell.cat\/en\/wp-json\/wp\/v2\/users\/1"}],"replies":[{"embeddable":true,"href":"https:\/\/plus.palafrugell.cat\/en\/wp-json\/wp\/v2\/comments?post=279"}],"version-history":[{"count":119,"href":"https:\/\/plus.palafrugell.cat\/en\/wp-json\/wp\/v2\/pages\/279\/revisions"}],"predecessor-version":[{"id":2178,"href":"https:\/\/plus.palafrugell.cat\/en\/wp-json\/wp\/v2\/pages\/279\/revisions\/2178"}],"wp:attachment":[{"href":"https:\/\/plus.palafrugell.cat\/en\/wp-json\/wp\/v2\/media?parent=279"}],"curies":[{"name":"wp","href":"https:\/\/api.w.org\/{rel}","templated":true}]}}