{"id":281,"date":"2022-05-26T19:26:30","date_gmt":"2022-05-26T17:26:30","guid":{"rendered":"http:\/\/www.palafrugellplus.com\/?page_id=281"},"modified":"2026-02-15T11:07:11","modified_gmt":"2026-02-15T10:07:11","slug":"ruta-a-peu-cami-de-ronda-jardins-de-cap-roig-i-fundacio-josep-pla","status":"publish","type":"page","link":"https:\/\/plus.palafrugell.cat\/es\/ruta-a-peu-cami-de-ronda-jardins-de-cap-roig-i-fundacio-josep-pla\/","title":{"rendered":"Ruta a pie: camino de ronda, Jardines de Cap Roig y Fundaci\u00f3n Josep Pla"},"content":{"rendered":"<div data-elementor-type=\"wp-page\" data-elementor-id=\"281\" class=\"elementor elementor-281\" data-elementor-post-type=\"page\">\n\t\t\t\t<div class=\"elementor-element elementor-element-e136e7d e-flex e-con-boxed e-con e-parent\" data-id=\"e136e7d\" data-element_type=\"container\">\n\t\t\t\t\t<div class=\"e-con-inner\">\n\t\t<a class=\"elementor-element elementor-element-02c9288 e-con-full e-flex e-con e-child\" data-id=\"02c9288\" data-element_type=\"container\" data-settings=\"{&quot;background_background&quot;:&quot;classic&quot;}\" href=\"https:\/\/plus.palafrugell.cat\/es\/jardins-de-cap-roig\/\">\n\t\t<div class=\"elementor-element elementor-element-01cce7c e-con-full e-flex e-con e-child\" data-id=\"01cce7c\" data-element_type=\"container\" data-settings=\"{&quot;background_background&quot;:&quot;classic&quot;}\">\n\t\t\t\t<\/div>\n\t\t\t\t<\/a>\n\t\t\t\t\t<\/div>\n\t\t\t\t<\/div>\n\t\t<div class=\"elementor-element elementor-element-e4ece38 e-flex e-con-boxed e-con e-child\" data-id=\"e4ece38\" data-element_type=\"container\" data-settings=\"{&quot;background_background&quot;:&quot;classic&quot;}\">\n\t\t\t\t\t<div class=\"e-con-inner\">\n\t\t\t\t<div class=\"elementor-element elementor-element-318e2de elementor-widget-mobile__width-initial elementor-widget elementor-widget-heading\" data-id=\"318e2de\" data-element_type=\"widget\" data-widget_type=\"heading.default\">\n\t\t\t\t<div class=\"elementor-widget-container\">\n\t\t\t\t\t<h1 class=\"elementor-heading-title elementor-size-default\">Ruta a pie: camino de ronda, Jardines de Cap Roig y Fundaci\u00f3n Josep Pla<\/h1>\t\t\t\t<\/div>\n\t\t\t\t<\/div>\n\t\t\t\t\t<\/div>\n\t\t\t\t<\/div>\n\t\t<div class=\"elementor-element elementor-element-cc7d58d e-flex e-con-boxed e-con e-parent\" data-id=\"cc7d58d\" data-element_type=\"container\">\n\t\t\t\t\t<div class=\"e-con-inner\">\n\t\t\t\t<div class=\"elementor-element elementor-element-c927032 elementor-widget__width-initial elementor-widget elementor-widget-text-editor\" data-id=\"c927032\" data-element_type=\"widget\" data-widget_type=\"text-editor.default\">\n\t\t\t\t<div class=\"elementor-widget-container\">\n\t\t\t\t\t\t\t\t\t<p><strong>DURACI\u00d3N:<\/strong>8 horas (de 10 a 18 h aprox.) \u2013 15 km.<br \/><strong>DIFICULTAD:<\/strong> Baja \/mediana. Desnivel pronunciado en ciertos tramos.<br \/><strong>RECOMENDACIONES:<\/strong> Llevar calzado de senderismo, agua y algo de comer<\/p>\t\t\t\t\t\t\t\t<\/div>\n\t\t\t\t<\/div>\n\t\t\t\t\t<\/div>\n\t\t\t\t<\/div>\n\t\t<div class=\"elementor-element elementor-element-9654e41 e-flex e-con-boxed e-con e-parent\" data-id=\"9654e41\" data-element_type=\"container\">\n\t\t\t\t\t<div class=\"e-con-inner\">\n\t\t<div class=\"elementor-element elementor-element-6002d34 e-con-full e-flex e-con e-child\" data-id=\"6002d34\" data-element_type=\"container\">\n\t\t<div class=\"elementor-element elementor-element-2eb1f1b e-con-full e-flex e-con e-child\" data-id=\"2eb1f1b\" data-element_type=\"container\" data-settings=\"{&quot;background_background&quot;:&quot;classic&quot;}\">\n\t\t\t\t<div class=\"elementor-element elementor-element-f8630b6 elementor-widget-mobile__width-initial elementor-widget elementor-widget-heading\" data-id=\"f8630b6\" data-element_type=\"widget\" data-widget_type=\"heading.default\">\n\t\t\t\t<div class=\"elementor-widget-container\">\n\t\t\t\t\t<h2 class=\"elementor-heading-title elementor-size-default\">EN<\/h2>\t\t\t\t<\/div>\n\t\t\t\t<\/div>\n\t\t\t\t<div class=\"elementor-element elementor-element-4e6ee13 elementor-widget-tablet__width-initial elementor-widget-mobile__width-initial elementor-widget elementor-widget-heading\" data-id=\"4e6ee13\" data-element_type=\"widget\" data-widget_type=\"heading.default\">\n\t\t\t\t<div class=\"elementor-widget-container\">\n\t\t\t\t\t<h2 class=\"elementor-heading-title elementor-size-default\">Aparcamiento: C. C\u00f2rsega de Calella\n10 h - Caminar 4 km (1h)<\/h2>\t\t\t\t<\/div>\n\t\t\t\t<\/div>\n\t\t\t\t<\/div>\n\t\t\t\t<\/div>\n\t\t\t\t<div class=\"elementor-element elementor-element-0bccc17 elementor-widget__width-initial elementor-widget elementor-widget-text-editor\" data-id=\"0bccc17\" data-element_type=\"widget\" data-widget_type=\"text-editor.default\">\n\t\t\t\t<div class=\"elementor-widget-container\">\n\t\t\t\t\t\t\t\t\t<p>Salida des del aparcamiento del C. C\u00f2rsega de Calella, al final de la Avenida del Mar.<br \/><strong>RECORRIDO<\/strong>: Pl. Doctor Trueta \/ Pg. De la Torre \/ C. dels Tres pins \/ Cam\u00ed de ronda direcci\u00f3 sud passant per Platja del Canadell \/ Platja del Port bo \/ Platja del Port Pelegr\u00ed \/ Platja dels Canyers o Sant Roc \/ seguir pel GR92 fins la Platja del Golfet \/ agafar escales que porten al C. del Cap de Planes \/ C. Cant dels Ocells \/ pujar escales fins Av. de la Costa Brava \/ Cam\u00ed del Rus \/ entrada als Jardins de Cap Roig.<\/p>\t\t\t\t\t\t\t\t<\/div>\n\t\t\t\t<\/div>\n\t\t\t\t\t<\/div>\n\t\t\t\t<\/div>\n\t\t<div class=\"elementor-element elementor-element-46c89c6 e-flex e-con-boxed e-con e-parent\" data-id=\"46c89c6\" data-element_type=\"container\">\n\t\t\t\t\t<div class=\"e-con-inner\">\n\t\t<div class=\"elementor-element elementor-element-0a7e246 e-con-full e-flex e-con e-child\" data-id=\"0a7e246\" data-element_type=\"container\">\n\t\t<div class=\"elementor-element elementor-element-bdd04fe e-con-full e-flex e-con e-child\" data-id=\"bdd04fe\" data-element_type=\"container\" data-settings=\"{&quot;background_background&quot;:&quot;classic&quot;}\">\n\t\t\t\t<div class=\"elementor-element elementor-element-53296fc elementor-widget elementor-widget-heading\" data-id=\"53296fc\" data-element_type=\"widget\" data-widget_type=\"heading.default\">\n\t\t\t\t<div class=\"elementor-widget-container\">\n\t\t\t\t\t<h2 class=\"elementor-heading-title elementor-size-default\">B<\/h2>\t\t\t\t<\/div>\n\t\t\t\t<\/div>\n\t\t\t\t<div class=\"elementor-element elementor-element-c507a45 elementor-widget-mobile__width-initial elementor-widget elementor-widget-heading\" data-id=\"c507a45\" data-element_type=\"widget\" data-widget_type=\"heading.default\">\n\t\t\t\t<div class=\"elementor-widget-container\">\n\t\t\t\t\t<h2 class=\"elementor-heading-title elementor-size-default\">Jardins de Cap Roig 11 h (1h 30\u2019)<\/h2>\t\t\t\t<\/div>\n\t\t\t\t<\/div>\n\t\t\t\t<\/div>\n\t\t\t\t<\/div>\n\t\t\t\t<div class=\"elementor-element elementor-element-c585f6a elementor-widget__width-initial elementor-widget elementor-widget-text-editor\" data-id=\"c585f6a\" data-element_type=\"widget\" data-widget_type=\"text-editor.default\">\n\t\t\t\t<div class=\"elementor-widget-container\">\n\t\t\t\t\t\t\t\t\t<p>Visita els Jardins de Cap Roig.<br \/><span style=\"color: #604429;\"><strong>Utiliza el ticket PALAFRUGELLPLUS<\/strong><\/span><\/p><p><b>12:30 h Caminar 6 km (1h 10')<\/b><br \/>Dels Jardins de Cap Roig a Palafrugell via Ermed\u00e0s. Recorregut: Cam\u00ed del Jard\u00ed bot\u00e0nic \/ Av. de la Costa Brava \/ Paratge Ermed\u00e0s \/ Paratge de la Faneia \/ Av. d\u2019Espanya \/ C. d\u2019\u00c0ngel Guimer\u00e0 \/ C. Cam\u00ed Fondo \/ C. de les Botines \/ C. de Sant Mart\u00ed \/ Pla\u00e7a Nova.<br \/><b><\/b><\/p><p><b>14 h<\/b><br \/>Comida en el centro de Palafrugell.\u00a0<br \/><b><a href=\"https:\/\/visitpalafrugell.cat\/es\/gastronomia\/restaurantes\/\" target=\"_blank\" rel=\"noopener\">Listado de restaurantes.<\/a><\/b><\/p>\t\t\t\t\t\t\t\t<\/div>\n\t\t\t\t<\/div>\n\t\t\t\t\t<\/div>\n\t\t\t\t<\/div>\n\t\t<div class=\"elementor-element elementor-element-591eb85 e-flex e-con-boxed e-con e-parent\" data-id=\"591eb85\" data-element_type=\"container\">\n\t\t\t\t\t<div class=\"e-con-inner\">\n\t\t<div class=\"elementor-element elementor-element-0ac83fc e-con-full e-flex e-con e-child\" data-id=\"0ac83fc\" data-element_type=\"container\">\n\t\t<div class=\"elementor-element elementor-element-f357b34 e-con-full e-flex e-con e-child\" data-id=\"f357b34\" data-element_type=\"container\" data-settings=\"{&quot;background_background&quot;:&quot;classic&quot;}\">\n\t\t\t\t<div class=\"elementor-element elementor-element-ef6efc2 elementor-widget elementor-widget-heading\" data-id=\"ef6efc2\" data-element_type=\"widget\" data-widget_type=\"heading.default\">\n\t\t\t\t<div class=\"elementor-widget-container\">\n\t\t\t\t\t<h2 class=\"elementor-heading-title elementor-size-default\">C<\/h2>\t\t\t\t<\/div>\n\t\t\t\t<\/div>\n\t\t\t\t<div class=\"elementor-element elementor-element-bc5e1d4 elementor-widget-mobile__width-initial elementor-widget elementor-widget-heading\" data-id=\"bc5e1d4\" data-element_type=\"widget\" data-widget_type=\"heading.default\">\n\t\t\t\t<div class=\"elementor-widget-container\">\n\t\t\t\t\t<h2 class=\"elementor-heading-title elementor-size-default\">Fundaci\u00f3n Josep Pla\n16 h (1h)<\/h2>\t\t\t\t<\/div>\n\t\t\t\t<\/div>\n\t\t\t\t<\/div>\n\t\t\t\t<\/div>\n\t\t<div class=\"elementor-element elementor-element-8b7dedb e-con-full e-flex e-con e-child\" data-id=\"8b7dedb\" data-element_type=\"container\">\n\t\t\t\t<div class=\"elementor-element elementor-element-92983f4 elementor-widget elementor-widget-text-editor\" data-id=\"92983f4\" data-element_type=\"widget\" data-widget_type=\"text-editor.default\">\n\t\t\t\t<div class=\"elementor-widget-container\">\n\t\t\t\t\t\t\t\t\t<p>Visita a la Fundaci\u00f3n Josep Pla.<\/p>\t\t\t\t\t\t\t\t<\/div>\n\t\t\t\t<\/div>\n\t\t\t\t<div class=\"elementor-element elementor-element-fe79e3c elementor-widget elementor-widget-text-editor\" data-id=\"fe79e3c\" data-element_type=\"widget\" data-widget_type=\"text-editor.default\">\n\t\t\t\t<div class=\"elementor-widget-container\">\n\t\t\t\t\t\t\t\t\t<p><strong>Utiliza el ticket PALAFRUGELLPLUS<\/strong><\/p>\t\t\t\t\t\t\t\t<\/div>\n\t\t\t\t<\/div>\n\t\t\t\t<\/div>\n\t\t\t\t\t<\/div>\n\t\t\t\t<\/div>\n\t\t<div class=\"elementor-element elementor-element-2f5ca8e e-flex e-con-boxed e-con e-parent\" data-id=\"2f5ca8e\" data-element_type=\"container\">\n\t\t\t\t\t<div class=\"e-con-inner\">\n\t\t<div class=\"elementor-element elementor-element-e6fd84d e-con-full e-flex e-con e-child\" data-id=\"e6fd84d\" data-element_type=\"container\">\n\t\t<div class=\"elementor-element elementor-element-3833c1e e-con-full e-flex e-con e-child\" data-id=\"3833c1e\" data-element_type=\"container\" data-settings=\"{&quot;background_background&quot;:&quot;classic&quot;}\">\n\t\t\t\t<div class=\"elementor-element elementor-element-58ae6b0 elementor-widget elementor-widget-heading\" data-id=\"58ae6b0\" data-element_type=\"widget\" data-widget_type=\"heading.default\">\n\t\t\t\t<div class=\"elementor-widget-container\">\n\t\t\t\t\t<h2 class=\"elementor-heading-title elementor-size-default\">D<\/h2>\t\t\t\t<\/div>\n\t\t\t\t<\/div>\n\t\t\t\t<div class=\"elementor-element elementor-element-58ad327 elementor-widget-tablet__width-initial elementor-widget-mobile__width-initial elementor-widget elementor-widget-heading\" data-id=\"58ad327\" data-element_type=\"widget\" data-widget_type=\"heading.default\">\n\t\t\t\t<div class=\"elementor-widget-container\">\n\t\t\t\t\t<h2 class=\"elementor-heading-title elementor-size-default\">Vuelta al aparcamiento\n17 h Caminar 4 km (50\u2019),  coger el autob\u00fas o taxi.<\/h2>\t\t\t\t<\/div>\n\t\t\t\t<\/div>\n\t\t\t\t<\/div>\n\t\t\t\t<\/div>\n\t\t\t\t<div class=\"elementor-element elementor-element-3b6e0c7 elementor-widget__width-initial elementor-widget elementor-widget-text-editor\" data-id=\"3b6e0c7\" data-element_type=\"widget\" data-widget_type=\"text-editor.default\">\n\t\t\t\t<div class=\"elementor-widget-container\">\n\t\t\t\t\t\t\t\t\t<p>Vuelta al aparcamiento de Calella.<br \/><strong>A pie:<\/strong>4 km, 50 minutos. Camino m\u00e1s r\u00e1pido: por  la Avenida del Mar (autov\u00eda), al final de la cual hay el aparcamiento, al llegar a Calella.<br \/><strong>Con bus<\/strong>:\u00a0<a href=\"https:\/\/visitpalafrugell.cat\/es\/propuestas\/primavera-verano\/desplazate\/\" target=\"_blank\" rel=\"noopener\">consulta los horarios<\/a><br \/><strong>Con taxi<\/strong>:\u00a0<a href=\"https:\/\/visitpalafrugell.cat\/es\/propuestas\/primavera-verano\/desplazate\/\" target=\"_blank\" rel=\"noopener\">consulta las compa\u00f1\u00edas<\/a><\/p>\t\t\t\t\t\t\t\t<\/div>\n\t\t\t\t<\/div>\n\t\t\t\t\t<\/div>\n\t\t\t\t<\/div>\n\t\t<div class=\"elementor-element elementor-element-55068fd e-flex e-con-boxed e-con e-parent\" data-id=\"55068fd\" data-element_type=\"container\">\n\t\t\t\t\t<div class=\"e-con-inner\">\n\t\t<div class=\"elementor-element elementor-element-101c738 e-grid e-con-full e-con e-child\" data-id=\"101c738\" data-element_type=\"container\">\n\t\t\t\t<div class=\"elementor-element elementor-element-9cfa2fb elementor-widget elementor-widget-image\" data-id=\"9cfa2fb\" data-element_type=\"widget\" data-widget_type=\"image.default\">\n\t\t\t\t<div class=\"elementor-widget-container\">\n\t\t\t\t\t\t\t\t\t\t\t\t\t\t\t<img fetchpriority=\"high\" decoding=\"async\" width=\"500\" height=\"507\" src=\"https:\/\/plus.palafrugell.cat\/wp-content\/uploads\/2025\/12\/Recurso-14jardins.png\" class=\"attachment-large size-large wp-image-2151\" alt=\"\" srcset=\"https:\/\/plus.palafrugell.cat\/wp-content\/uploads\/2025\/12\/Recurso-14jardins.png 500w, https:\/\/plus.palafrugell.cat\/wp-content\/uploads\/2025\/12\/Recurso-14jardins-296x300.png 296w, https:\/\/plus.palafrugell.cat\/wp-content\/uploads\/2025\/12\/Recurso-14jardins-12x12.png 12w\" sizes=\"(max-width: 500px) 100vw, 500px\" \/>\t\t\t\t\t\t\t\t\t\t\t\t\t\t\t<\/div>\n\t\t\t\t<\/div>\n\t\t\t\t<div class=\"elementor-element elementor-element-cc59aa8 elementor-widget elementor-widget-image\" data-id=\"cc59aa8\" data-element_type=\"widget\" data-widget_type=\"image.default\">\n\t\t\t\t<div class=\"elementor-widget-container\">\n\t\t\t\t\t\t\t\t\t\t\t\t\t\t\t<img decoding=\"async\" width=\"500\" height=\"507\" src=\"https:\/\/plus.palafrugell.cat\/wp-content\/uploads\/2025\/12\/Recurso-15joseppla.png\" class=\"attachment-large size-large wp-image-2152\" alt=\"\" srcset=\"https:\/\/plus.palafrugell.cat\/wp-content\/uploads\/2025\/12\/Recurso-15joseppla.png 500w, https:\/\/plus.palafrugell.cat\/wp-content\/uploads\/2025\/12\/Recurso-15joseppla-296x300.png 296w, https:\/\/plus.palafrugell.cat\/wp-content\/uploads\/2025\/12\/Recurso-15joseppla-12x12.png 12w\" sizes=\"(max-width: 500px) 100vw, 500px\" \/>\t\t\t\t\t\t\t\t\t\t\t\t\t\t\t<\/div>\n\t\t\t\t<\/div>\n\t\t\t\t<\/div>\n\t\t\t\t\t<\/div>\n\t\t\t\t<\/div>\n\t\t<div class=\"elementor-element elementor-element-dcfac91 elementor-hidden-desktop elementor-hidden-tablet elementor-hidden-mobile e-flex e-con-boxed e-con e-parent\" data-id=\"dcfac91\" data-element_type=\"container\">\n\t\t\t\t\t<div class=\"e-con-inner\">\n\t\t<div class=\"elementor-element elementor-element-383df2f e-con-full e-flex e-con e-child\" data-id=\"383df2f\" data-element_type=\"container\">\n\t\t\t\t<div class=\"elementor-element elementor-element-bf6a86b elementor-widget__width-inherit elementor-widget elementor-widget-html\" data-id=\"bf6a86b\" data-element_type=\"widget\" data-widget_type=\"html.default\">\n\t\t\t\t<div class=\"elementor-widget-container\">\n\t\t\t\t\t<iframe src=\"https:\/\/www.google.com\/maps\/d\/embed?mid=1IWAZG_QObipi7Ncn1TCb3865907LD01K&ehbc=2E312F\" width=\"640\" height=\"480\"><\/iframe>\t\t\t\t<\/div>\n\t\t\t\t<\/div>\n\t\t\t\t<\/div>\n\t\t\t\t\t<\/div>\n\t\t\t\t<\/div>\n\t\t\t\t<\/div>","protected":false},"excerpt":{"rendered":"<p>Ruta a peu: cam\u00ed de ronda, Jardins de Cap Roig i Fundaci\u00f3 Josep Pla DURADA: 8 hores (de 10 a 18 h aprox.) \u2013 15 km.DIFICULTAT: Baixa \/ mitjana. Desnivell pronunciat en certs trams.RECOMANACIONS: Portar cal\u00e7at de senderisme, aigua i alguna cosa de menjar. A Aparcament: C. C\u00f2rsega de Calella 10 h &#8211; Caminar 4 [&hellip;]<\/p>","protected":false},"author":1,"featured_media":0,"parent":0,"menu_order":0,"comment_status":"closed","ping_status":"closed","template":"","meta":{"footnotes":""},"class_list":["post-281","page","type-page","status-publish","hentry"],"yoast_head":"<!-- This site is optimized with the Yoast SEO Premium plugin v21.5 (Yoast SEO v26.8) - https:\/\/yoast.com\/product\/yoast-seo-premium-wordpress\/ -->\n<title>Ruta a peu: cam\u00ed de ronda, Jardins de Cap Roig i Fundaci\u00f3 Josep Pla - Palafrugell Plus<\/title>\n<meta name=\"description\" content=\"Ruta a peu: cam\u00ed de ronda, Jardins de Cap Roig i Fundaci\u00f3 Josep Pla\" \/>\n<meta name=\"robots\" content=\"index, follow, max-snippet:-1, max-image-preview:large, max-video-preview:-1\" \/>\n<link rel=\"canonical\" href=\"https:\/\/plus.palafrugell.cat\/es\/ruta-a-peu-cami-de-ronda-jardins-de-cap-roig-i-fundacio-josep-pla\/\" \/>\n<meta property=\"og:locale\" content=\"es_ES\" \/>\n<meta property=\"og:type\" content=\"article\" \/>\n<meta property=\"og:title\" content=\"Ruta a peu: cam\u00ed de ronda, Jardins de Cap Roig i Fundaci\u00f3 Josep Pla\" \/>\n<meta property=\"og:description\" content=\"Ruta a peu: cam\u00ed de ronda, Jardins de Cap Roig i Fundaci\u00f3 Josep Pla\" \/>\n<meta property=\"og:url\" content=\"https:\/\/plus.palafrugell.cat\/es\/ruta-a-peu-cami-de-ronda-jardins-de-cap-roig-i-fundacio-josep-pla\/\" \/>\n<meta property=\"og:site_name\" content=\"Palafrugell Plus\" \/>\n<meta property=\"article:modified_time\" content=\"2026-02-15T10:07:11+00:00\" \/>\n<meta property=\"og:image\" content=\"https:\/\/plus.palafrugell.cat\/wp-content\/uploads\/2025\/12\/Recurso-14jardins.png\" \/>\n\t<meta property=\"og:image:width\" content=\"500\" \/>\n\t<meta property=\"og:image:height\" content=\"507\" \/>\n\t<meta property=\"og:image:type\" content=\"image\/png\" \/>\n<meta name=\"twitter:card\" content=\"summary_large_image\" \/>\n<meta name=\"twitter:label1\" content=\"Tiempo de lectura\" \/>\n\t<meta name=\"twitter:data1\" content=\"3 minutos\" \/>\n<script type=\"application\/ld+json\" class=\"yoast-schema-graph\">{\"@context\":\"https:\/\/schema.org\",\"@graph\":[{\"@type\":\"WebPage\",\"@id\":\"https:\/\/plus.palafrugell.cat\/ruta-a-peu-cami-de-ronda-jardins-de-cap-roig-i-fundacio-josep-pla\/\",\"url\":\"https:\/\/plus.palafrugell.cat\/ruta-a-peu-cami-de-ronda-jardins-de-cap-roig-i-fundacio-josep-pla\/\",\"name\":\"Ruta a peu: cam\u00ed de ronda, Jardins de Cap Roig i Fundaci\u00f3 Josep Pla - Palafrugell Plus\",\"isPartOf\":{\"@id\":\"https:\/\/plus.palafrugell.cat\/#website\"},\"primaryImageOfPage\":{\"@id\":\"https:\/\/plus.palafrugell.cat\/ruta-a-peu-cami-de-ronda-jardins-de-cap-roig-i-fundacio-josep-pla\/#primaryimage\"},\"image\":{\"@id\":\"https:\/\/plus.palafrugell.cat\/ruta-a-peu-cami-de-ronda-jardins-de-cap-roig-i-fundacio-josep-pla\/#primaryimage\"},\"thumbnailUrl\":\"https:\/\/plus.palafrugell.cat\/wp-content\/uploads\/2025\/12\/Recurso-14jardins.png\",\"datePublished\":\"2022-05-26T17:26:30+00:00\",\"dateModified\":\"2026-02-15T10:07:11+00:00\",\"description\":\"Ruta a peu: cam\u00ed de ronda, Jardins de Cap Roig i Fundaci\u00f3 Josep Pla\",\"breadcrumb\":{\"@id\":\"https:\/\/plus.palafrugell.cat\/ruta-a-peu-cami-de-ronda-jardins-de-cap-roig-i-fundacio-josep-pla\/#breadcrumb\"},\"inLanguage\":\"es\",\"potentialAction\":[{\"@type\":\"ReadAction\",\"target\":[\"https:\/\/plus.palafrugell.cat\/ruta-a-peu-cami-de-ronda-jardins-de-cap-roig-i-fundacio-josep-pla\/\"]}]},{\"@type\":\"ImageObject\",\"inLanguage\":\"es\",\"@id\":\"https:\/\/plus.palafrugell.cat\/ruta-a-peu-cami-de-ronda-jardins-de-cap-roig-i-fundacio-josep-pla\/#primaryimage\",\"url\":\"https:\/\/plus.palafrugell.cat\/wp-content\/uploads\/2025\/12\/Recurso-14jardins.png\",\"contentUrl\":\"https:\/\/plus.palafrugell.cat\/wp-content\/uploads\/2025\/12\/Recurso-14jardins.png\"},{\"@type\":\"BreadcrumbList\",\"@id\":\"https:\/\/plus.palafrugell.cat\/ruta-a-peu-cami-de-ronda-jardins-de-cap-roig-i-fundacio-josep-pla\/#breadcrumb\",\"itemListElement\":[{\"@type\":\"ListItem\",\"position\":1,\"name\":\"Home\",\"item\":\"https:\/\/plus.palafrugell.cat\/\"},{\"@type\":\"ListItem\",\"position\":2,\"name\":\"Ruta a peu: cam\u00ed de ronda, Jardins de Cap Roig i Fundaci\u00f3 Josep Pla\"}]},{\"@type\":\"WebSite\",\"@id\":\"https:\/\/plus.palafrugell.cat\/#website\",\"url\":\"https:\/\/plus.palafrugell.cat\/\",\"name\":\"Palafrugell Plus\",\"description\":\"Viu experi\u00e8ncies culturals \u00faniques\",\"publisher\":{\"@id\":\"https:\/\/plus.palafrugell.cat\/#organization\"},\"potentialAction\":[{\"@type\":\"SearchAction\",\"target\":{\"@type\":\"EntryPoint\",\"urlTemplate\":\"https:\/\/plus.palafrugell.cat\/?s={search_term_string}\"},\"query-input\":{\"@type\":\"PropertyValueSpecification\",\"valueRequired\":true,\"valueName\":\"search_term_string\"}}],\"inLanguage\":\"es\"},{\"@type\":\"Organization\",\"@id\":\"https:\/\/plus.palafrugell.cat\/#organization\",\"name\":\"Palafrugell+\",\"url\":\"https:\/\/plus.palafrugell.cat\/\",\"logo\":{\"@type\":\"ImageObject\",\"inLanguage\":\"es\",\"@id\":\"https:\/\/plus.palafrugell.cat\/#\/schema\/logo\/image\/\",\"url\":\"http:\/\/plus.palafrugell.cat\/wp-content\/uploads\/2022\/05\/logo-fons-09.svg\",\"contentUrl\":\"http:\/\/plus.palafrugell.cat\/wp-content\/uploads\/2022\/05\/logo-fons-09.svg\",\"width\":1,\"height\":1,\"caption\":\"Palafrugell+\"},\"image\":{\"@id\":\"https:\/\/plus.palafrugell.cat\/#\/schema\/logo\/image\/\"}}]}<\/script>\n<!-- \/ Yoast SEO Premium plugin. -->","yoast_head_json":{"title":"Ruta a peu: cam\u00ed de ronda, Jardins de Cap Roig i Fundaci\u00f3 Josep Pla - Palafrugell Plus","description":"Ruta a peu: cam\u00ed de ronda, Jardins de Cap Roig i Fundaci\u00f3 Josep Pla","robots":{"index":"index","follow":"follow","max-snippet":"max-snippet:-1","max-image-preview":"max-image-preview:large","max-video-preview":"max-video-preview:-1"},"canonical":"https:\/\/plus.palafrugell.cat\/es\/ruta-a-peu-cami-de-ronda-jardins-de-cap-roig-i-fundacio-josep-pla\/","og_locale":"es_ES","og_type":"article","og_title":"Ruta a peu: cam\u00ed de ronda, Jardins de Cap Roig i Fundaci\u00f3 Josep Pla","og_description":"Ruta a peu: cam\u00ed de ronda, Jardins de Cap Roig i Fundaci\u00f3 Josep Pla","og_url":"https:\/\/plus.palafrugell.cat\/es\/ruta-a-peu-cami-de-ronda-jardins-de-cap-roig-i-fundacio-josep-pla\/","og_site_name":"Palafrugell Plus","article_modified_time":"2026-02-15T10:07:11+00:00","og_image":[{"width":500,"height":507,"url":"https:\/\/plus.palafrugell.cat\/wp-content\/uploads\/2025\/12\/Recurso-14jardins.png","type":"image\/png"}],"twitter_card":"summary_large_image","twitter_misc":{"Tiempo de lectura":"3 minutos"},"schema":{"@context":"https:\/\/schema.org","@graph":[{"@type":"WebPage","@id":"https:\/\/plus.palafrugell.cat\/ruta-a-peu-cami-de-ronda-jardins-de-cap-roig-i-fundacio-josep-pla\/","url":"https:\/\/plus.palafrugell.cat\/ruta-a-peu-cami-de-ronda-jardins-de-cap-roig-i-fundacio-josep-pla\/","name":"Ruta a peu: cam\u00ed de ronda, Jardins de Cap Roig i Fundaci\u00f3 Josep Pla - Palafrugell Plus","isPartOf":{"@id":"https:\/\/plus.palafrugell.cat\/#website"},"primaryImageOfPage":{"@id":"https:\/\/plus.palafrugell.cat\/ruta-a-peu-cami-de-ronda-jardins-de-cap-roig-i-fundacio-josep-pla\/#primaryimage"},"image":{"@id":"https:\/\/plus.palafrugell.cat\/ruta-a-peu-cami-de-ronda-jardins-de-cap-roig-i-fundacio-josep-pla\/#primaryimage"},"thumbnailUrl":"https:\/\/plus.palafrugell.cat\/wp-content\/uploads\/2025\/12\/Recurso-14jardins.png","datePublished":"2022-05-26T17:26:30+00:00","dateModified":"2026-02-15T10:07:11+00:00","description":"Ruta a peu: cam\u00ed de ronda, Jardins de Cap Roig i Fundaci\u00f3 Josep Pla","breadcrumb":{"@id":"https:\/\/plus.palafrugell.cat\/ruta-a-peu-cami-de-ronda-jardins-de-cap-roig-i-fundacio-josep-pla\/#breadcrumb"},"inLanguage":"es","potentialAction":[{"@type":"ReadAction","target":["https:\/\/plus.palafrugell.cat\/ruta-a-peu-cami-de-ronda-jardins-de-cap-roig-i-fundacio-josep-pla\/"]}]},{"@type":"ImageObject","inLanguage":"es","@id":"https:\/\/plus.palafrugell.cat\/ruta-a-peu-cami-de-ronda-jardins-de-cap-roig-i-fundacio-josep-pla\/#primaryimage","url":"https:\/\/plus.palafrugell.cat\/wp-content\/uploads\/2025\/12\/Recurso-14jardins.png","contentUrl":"https:\/\/plus.palafrugell.cat\/wp-content\/uploads\/2025\/12\/Recurso-14jardins.png"},{"@type":"BreadcrumbList","@id":"https:\/\/plus.palafrugell.cat\/ruta-a-peu-cami-de-ronda-jardins-de-cap-roig-i-fundacio-josep-pla\/#breadcrumb","itemListElement":[{"@type":"ListItem","position":1,"name":"Home","item":"https:\/\/plus.palafrugell.cat\/"},{"@type":"ListItem","position":2,"name":"Ruta a peu: cam\u00ed de ronda, Jardins de Cap Roig i Fundaci\u00f3 Josep Pla"}]},{"@type":"WebSite","@id":"https:\/\/plus.palafrugell.cat\/#website","url":"https:\/\/plus.palafrugell.cat\/","name":"Palafrugell Plus","description":"Viu experi\u00e8ncies culturals \u00faniques","publisher":{"@id":"https:\/\/plus.palafrugell.cat\/#organization"},"potentialAction":[{"@type":"SearchAction","target":{"@type":"EntryPoint","urlTemplate":"https:\/\/plus.palafrugell.cat\/?s={search_term_string}"},"query-input":{"@type":"PropertyValueSpecification","valueRequired":true,"valueName":"search_term_string"}}],"inLanguage":"es"},{"@type":"Organization","@id":"https:\/\/plus.palafrugell.cat\/#organization","name":"Palafrugell+","url":"https:\/\/plus.palafrugell.cat\/","logo":{"@type":"ImageObject","inLanguage":"es","@id":"https:\/\/plus.palafrugell.cat\/#\/schema\/logo\/image\/","url":"http:\/\/plus.palafrugell.cat\/wp-content\/uploads\/2022\/05\/logo-fons-09.svg","contentUrl":"http:\/\/plus.palafrugell.cat\/wp-content\/uploads\/2022\/05\/logo-fons-09.svg","width":1,"height":1,"caption":"Palafrugell+"},"image":{"@id":"https:\/\/plus.palafrugell.cat\/#\/schema\/logo\/image\/"}}]}},"_links":{"self":[{"href":"https:\/\/plus.palafrugell.cat\/es\/wp-json\/wp\/v2\/pages\/281","targetHints":{"allow":["GET"]}}],"collection":[{"href":"https:\/\/plus.palafrugell.cat\/es\/wp-json\/wp\/v2\/pages"}],"about":[{"href":"https:\/\/plus.palafrugell.cat\/es\/wp-json\/wp\/v2\/types\/page"}],"author":[{"embeddable":true,"href":"https:\/\/plus.palafrugell.cat\/es\/wp-json\/wp\/v2\/users\/1"}],"replies":[{"embeddable":true,"href":"https:\/\/plus.palafrugell.cat\/es\/wp-json\/wp\/v2\/comments?post=281"}],"version-history":[{"count":60,"href":"https:\/\/plus.palafrugell.cat\/es\/wp-json\/wp\/v2\/pages\/281\/revisions"}],"predecessor-version":[{"id":2346,"href":"https:\/\/plus.palafrugell.cat\/es\/wp-json\/wp\/v2\/pages\/281\/revisions\/2346"}],"wp:attachment":[{"href":"https:\/\/plus.palafrugell.cat\/es\/wp-json\/wp\/v2\/media?parent=281"}],"curies":[{"name":"wp","href":"https:\/\/api.w.org\/{rel}","templated":true}]}}